{"id":607,"date":"2020-04-10T16:14:22","date_gmt":"2020-04-10T16:14:22","guid":{"rendered":"https:\/\/vegesmak.pl\/?page_id=607"},"modified":"2020-04-17T08:54:45","modified_gmt":"2020-04-17T08:54:45","slug":"regulamin","status":"publish","type":"page","link":"https:\/\/vegesmak.pl\/de\/regulamin\/","title":{"rendered":"Regulamin"},"content":{"rendered":"\t\t<div data-elementor-type=\"wp-page\" data-elementor-id=\"607\" class=\"elementor elementor-607\" data-elementor-post-type=\"page\">\n\t\t\t\t\t\t<section class=\"elementor-section elementor-top-section elementor-element elementor-element-4788ba19 elementor-section-boxed elementor-section-height-default elementor-section-height-default\" data-id=\"4788ba19\" data-element_type=\"section\" data-e-type=\"section\">\n\t\t\t\t\t\t<div class=\"elementor-container elementor-column-gap-default\">\n\t\t\t\t\t<div class=\"elementor-column elementor-col-100 elementor-top-column elementor-element elementor-element-5bfd6d68\" data-id=\"5bfd6d68\" data-element_type=\"column\" data-e-type=\"column\">\n\t\t\t<div class=\"elementor-widget-wrap elementor-element-populated\">\n\t\t\t\t\t\t<div class=\"elementor-element elementor-element-4e77ec14 elementor-widget elementor-widget-heading\" data-id=\"4e77ec14\" data-element_type=\"widget\" data-e-type=\"widget\" data-widget_type=\"heading.default\">\n\t\t\t\t<div class=\"elementor-widget-container\">\n\t\t\t\t\t<h2 class=\"elementor-heading-title elementor-size-default\">Regulamin VegeSmak<\/h2>\t\t\t\t<\/div>\n\t\t\t\t<\/div>\n\t\t\t\t<div class=\"elementor-element elementor-element-f654541 elementor-widget elementor-widget-text-editor\" data-id=\"f654541\" data-element_type=\"widget\" data-e-type=\"widget\" data-widget_type=\"text-editor.default\">\n\t\t\t\t<div class=\"elementor-widget-container\">\n\t\t\t\t\t\t\t\t\t<p>W zwi\u0105zku z realizacj\u0105 wymog\u00f3w Rozporz\u0105dzenia Parlamentu Europejskiego i Rady (UE) 2016\/679 z dnia 27 kwietnia 2016 r. w sprawie ochrony os\u00f3b fizycznych w zwi\u0105zku z przetwarzaniem danych osobowych i w sprawie swobodnego przep\u0142ywu takich danych oraz uchylenia dyrektywy 95\/46\/WE (og\u00f3lne rozporz\u0105dzanie o ochronie danych \u201eRODO\u201d), informujemy o zasadach przetwarzania Pani\/Pana danych osobowych oraz o przys\u0142uguj\u0105cych Pani\/Panu prawach z tym zwi\u0105zanych. Poni\u017csze zasady stosuje si\u0119 pocz\u0105wszy od 25 maja 2018 roku<\/p><ol><li><p><strong>Administratorem danych osobowych (oraz dane kontaktowe w sprawie danych osobowych) jest:<\/strong><\/p><\/li><\/ol><p>VEGE SMAK SP. Z O. O., NIP: 6941689600,\u00a0 Rzesz\u00f3wek 33B, 59-540 \u015awierzawa, info@vegesmak.pl<\/p><p><strong>zwany r\u00f3wnie\u017c \u201eAdministratorem\u201d. \u00a0<\/strong><\/p><ol start=\"2\"><li><p><strong>Kategorie\/zakres danych jakie mo\u017ce przetwarza\u0107 Administrator:<br \/><\/strong><\/p><\/li><\/ol><p><em>&#8211; dane identyfikacyjne jak imi\u0119, nazwisko, numer telefonu, pesel, nip, dane kontaktowe oraz korespondencyjne \u2013 adres email, adresy zamieszkania, dane rachunku bankowego np. w przypadku otrzymania p\u0142atno\u015bci przelewem, dane dotycz\u0105ce zawartych um\u00f3w zgodnie z ich wype\u0142nieniem \u2013 np. dane dowodu osobistego lub dane paszportu, dane identyfikacyjne lokali, dzia\u0142ek i grunt\u00f3w \u2013 <br \/>w zwi\u0105zku z wykonywanymi us\u0142ugami, dane dotycz\u0105ce aktywno\u015bci na naszych stronach (w tym zapisywane w cookies), dane otrzymane przez formularz kontaktowy, dane z monitoringu wizyjnego na terenie prowadzonej dzia\u0142alno\u015bci.<\/em><\/p><ol start=\"3\"><li><p><strong> Cele przetwarzania danych osobowych oraz podstawa prawna ich przetwarzania:<br \/><\/strong><\/p><\/li><\/ol><p>&#8211; w celu wykonania zawartych um\u00f3w (podstawa art. 6 ust 1 lit. b RODO)<\/p><p>&#8211; w celach archiwalnych (dowodowych) co jest realizacj\u0105 naszego prawnie uzasadnionego interesu dotycz\u0105cego zabezpieczenia informacji na wypadek prawnej potrzeby wykazania fakt\u00f3w, ewentualnego ustalenia, dochodzenia lub obrony przed roszczeniami (lit. b art. wcze\u015bniej wskazanego)<\/p><p>&#8211; w celu udokumentowania wykonywanej us\u0142ugi (na podstawie przepis\u00f3w prawa podatkowego, celnego, rachunkowego \u2013 lit.c art. wcze\u015bniej wskazanego).<\/p><p>&#8211; w celu umo\u017cliwienia prawid\u0142owego funkcjonowania i monitorowania strony Internetowej Administratora i us\u0142ug wsp\u00f3\u0142dzia\u0142aj\u0105cych (w tym \u015bwiadczonych drog\u0105 elektroniczn\u0105)<\/p><ol start=\"4\"><li><p><strong> Odbiorcy danych:<br \/><\/strong><\/p><\/li><\/ol><p>W zale\u017cno\u015bci od celu przetwarzania Twoje dane mog\u0105 by\u0107 przekazywane:<br \/>&#8211; podmiotom przetwarzaj\u0105cym dane osobowe na zlecenie Administratora m.in. us\u0142ugi rachunkowe, us\u0142ugi IT, us\u0142ugi informacji gospodarczych, kancelarie prawne i firmy windykacyjne, us\u0142ugi analityczne, dostawcy us\u0142ug w zakresie us\u0142ug pocztowych, kurierskich, hostingowych, dostawcy us\u0142ug p\u0142atniczych \u2013 na podstawie um\u00f3w z tymi podmiotami, organy pa\u0144stwowe na podstawie przepis\u00f3w prawa. Z uwagi na monitorowanie i korzystanie ze statystyk oraz us\u0142ug Google, Twoje dane osobowe b\u0119d\u0105 przekazywane poza Europejski Obszar Gospodarczy do Google LLC w oparciu o odpowiednie zabezpieczenia prawne zatwierdzone przez Komisj\u0119 Europejsk\u0105. Polityka prywatno\u015bci firmy Google dost\u0119pna jest na stronach https:\/\/policies.google.com\/technologies\/partner-sites?hl=pl. Z uwagi na korzystanie z wtyczek spo\u0142eczno\u015bciowych \u2013 Facebook dostarczane przez Facebook, Menlo Park, California USA \u2013 szczeg\u00f3\u0142y polityki prywatno\u015bci https:\/\/pl-pl.facebook.com\/about\/privacy\/. Do wy\u015bwietlania reklam (je\u015bli jest aktywna) u\u017cywana jest sie\u0107 reklamowa Tradedoubler \u2013 polityka dost\u0119pna tutaj: https:\/\/www.tradedoubler.com\/pl\/privacy-policy\/<\/p><ol start=\"5\"><li><p><strong> Okres przechowywania: <\/strong><\/p><\/li><\/ol><p>Twoje dane b\u0119d\u0105 przetwarzane i przechowywane przez Administratora przez okres wynikaj\u0105cy z biegu og\u00f3lnych termin\u00f3w przedawnienia ewentualnych roszcze\u0144 lub inny okres wymagany przez powszechnie obowi\u0105zuj\u0105ce przepisy prawa. W przypadku wyra\u017cenia zgody na przetwarzanie \u2013 b\u0119d\u0105 przetwarzane do czasu ustania celu wskazanego w zgodzie b\u0105d\u017a do czasu wycofania zgody.<\/p><ol start=\"6\"><li><p><strong> Pouczenie o przys\u0142uguj\u0105cych Ci prawach:<\/strong><\/p><\/li><\/ol><p>&#8211; prawo dost\u0119pu do swoich danych osobowych oraz wykonania ich kopii, prawo do przenoszenia<br \/>&#8211; prawo do sprostowania \/ poprawiania swoich danych osobowych w ka\u017cdym momencie<br \/>&#8211; prawo do usuni\u0119cia danych \/ ograniczenia przetwarzania danych (w takim przypadku przestaniemy je przetwarza\u0107 chyba, \u017ce wyka\u017cemy prawne podstawy, kt\u00f3re b\u0119d\u0105 nadrz\u0119dne wobec Twoich praw lub dane b\u0119d\u0105 nam niezb\u0119dne do ewentualnego ustalenia, dochodzenia lub obrony roszcze\u0144). <br \/>W powy\u017cszym przypadku oczywi\u015bcie poinformujemy Ci\u0119 o tym fakcie wyja\u015bniaj\u0105c przyczyn\u0119.<br \/>&#8211; prawo do wniesienia sprzeciwu wobec przetwarzania danych osobowych<br \/>&#8211; prawo do cofni\u0119cia zgody, kt\u00f3re mo\u017ce by\u0107 zrealizowane poprzez kontakt do siedziby firmy<br \/>&#8211; prawo do skargi do Prezesa Urz\u0119du Ochrony Danych Osobowych w przypadku gdy uznasz, \u017ce przetwarzane dane naruszaj\u0105 przepisy RODO<\/p><p>Dane udost\u0119pnione przez Ciebie, dane na podstawie dokument\u00f3w, dane ze strony internetowej Administratora (w tym pliki cookies). W przypadku cofni\u0119cia zgody nie wp\u0142ynie to na legalno\u015b\u0107 przetwarzania przed jej cofni\u0119ciem.<\/p><p><strong>7. P\u0142atno\u015bci<\/strong><\/p><ol><li><p>PayU &#8211; wp\u0142aty nale\u017cy dokona\u0107 za po\u015brednictwem systemu p\u0142atno\u015bci elektronicznych PayU<\/p><\/li><li><p>P\u0142atno\u015b\u0107 elektroniczna &#8211; najbardziej wygodny i bezpieczny spos\u00f3b dokonania wp\u0142aty za po\u015brednictwem Internetu. Na naszej stronie wykorzystujemy system p\u0142atno\u015bci PayU do kt\u00f3rego zostaniesz przekierowany w celu dokonania p\u0142atno\u015bci. Ca\u0142y proces odbywa si\u0119 szybko i bezpiecznie \u2013 wybierasz sw\u00f3j bank i dokonujesz op\u0142aty. System PayU obs\u0142uguje bezpieczne transakcje: karta p\u0142atnicza &#8211; Visa, Visa Electron, MasterCard, MasterCard Electronic, Maestro, przelewy elektroniczne &#8211; lista obs\u0142ugiwanych obecnie bank\u00f3w dost\u0119pna po wyborze tej formy p\u0142atno\u015bci na etapie zam\u00f3wienia.<\/p><\/li><\/ol><p><strong> 8. Reklamacje<\/strong><\/p><p>Je\u017celi us\u0142uga w jakikolwiek spos\u00f3b odbiega od opisu lub ma wady fabryczne, prosimy o post\u0119powanie zgodnie z poni\u017csz\u0105 procedur\u0105 reklamacyjn\u0105: Poinformuj nas drog\u0105 e-mailow\u0105 \u2013 info@vegesmak.pl lub papierow\u0105 na adres VegeSmak Sp. z o.o., Rzesz\u00f3wek 33B, 59 -540 \u015awierzawa i opisz szczeg\u00f3\u0142owe powody reklamacji. W ci\u0105gu 14 dni od otrzymania reklamacji poinformujemy Ci\u0119 mailowo lub telefonicznie o wyniku post\u0119powania reklamacyjnego. Je\u017celi reklamacja zostanie rozpatrzona pozytywnie, w ci\u0105gu 7 dni roboczych od dnia podj\u0119cia decyzji, zrekompensujemy poniesione przez Ciebie koszty. Je\u017celi reklamacja zostanie uznana za nieuzasadnion\u0105, przeka\u017cemy Ci szczeg\u00f3\u0142owe uzasadnienie podj\u0119tej decyzji. W przypadku p\u0142atno\u015bci przelewem zwrot \u015brodk\u00f3w zostanie wykonany na numer konta, z kt\u00f3rego zosta\u0142y pobrane pieni\u0105dze.<\/p><p><strong>9. Odst\u0105pienie od umowy<\/strong><br \/>Z uwagi na charakterystyk\u0119 oferowanych produkt\u00f3w Prawo odst\u0105pienia od umowy zawartej poza lokalem przedsi\u0119biorstwa lub na odleg\u0142o\u015b\u0107 nie przys\u0142uguje konsumentowi w kt\u00f3rej przedmiotem \u015bwiadczenia jest rzecz ulegaj\u0105ca szybkiemu zepsuciu lub maj\u0105ca kr\u00f3tki termin przydatno\u015bci do u\u017cycia.<\/p>\t\t\t\t\t\t\t\t<\/div>\n\t\t\t\t<\/div>\n\t\t\t\t\t<\/div>\n\t\t<\/div>\n\t\t\t\t\t<\/div>\n\t\t<\/section>\n\t\t\t\t<\/div>\n\t\t","protected":false},"excerpt":{"rendered":"<p>Regulamin VegeSmak W zwi\u0105zku z realizacj\u0105 wymog\u00f3w Rozporz\u0105dzenia Parlamentu Europejskiego i Rady (UE) 2016\/679 z dnia 27 kwietnia 2016 r. w sprawie ochrony os\u00f3b fizycznych w zwi\u0105zku z przetwarzaniem danych osobowych i w sprawie swobodnego przep\u0142ywu takich danych oraz uchylenia dyrektywy 95\/46\/WE (og\u00f3lne rozporz\u0105dzanie o ochronie danych \u201eRODO\u201d), informujemy o zasadach przetwarzania Pani\/Pana danych osobowych [&hellip;]<\/p>\n","protected":false},"author":1,"featured_media":0,"parent":0,"menu_order":0,"comment_status":"closed","ping_status":"closed","template":"elementor_header_footer","meta":{"_monsterinsights_skip_tracking":false,"_monsterinsights_sitenote_active":false,"_monsterinsights_sitenote_note":"","_monsterinsights_sitenote_category":0,"footnotes":""},"class_list":["post-607","page","type-page","status-publish","hentry"],"yoast_head":"<!-- This site is optimized with the Yoast SEO plugin v27.1.1 - https:\/\/yoast.com\/product\/yoast-seo-wordpress\/ -->\n<title>Regulamin - Vegesmak<\/title>\n<meta name=\"robots\" content=\"index, follow, max-snippet:-1, max-image-preview:large, max-video-preview:-1\" \/>\n<link rel=\"canonical\" href=\"https:\/\/vegesmak.pl\/regulamin\/\" \/>\n<meta property=\"og:locale\" content=\"de_DE\" \/>\n<meta property=\"og:type\" content=\"article\" \/>\n<meta property=\"og:title\" content=\"Regulamin - Vegesmak\" \/>\n<meta property=\"og:description\" content=\"Regulamin VegeSmak W zwi\u0105zku z realizacj\u0105 wymog\u00f3w Rozporz\u0105dzenia Parlamentu Europejskiego i Rady (UE) 2016\/679 z dnia 27 kwietnia 2016 r. w sprawie ochrony os\u00f3b fizycznych w zwi\u0105zku z przetwarzaniem danych osobowych i w sprawie swobodnego przep\u0142ywu takich danych oraz uchylenia dyrektywy 95\/46\/WE (og\u00f3lne rozporz\u0105dzanie o ochronie danych \u201eRODO\u201d), informujemy o zasadach przetwarzania Pani\/Pana danych osobowych [&hellip;]\" \/>\n<meta property=\"og:url\" content=\"https:\/\/vegesmak.pl\/regulamin\/\" \/>\n<meta property=\"og:site_name\" content=\"Vegesmak\" \/>\n<meta property=\"article:modified_time\" content=\"2020-04-17T08:54:45+00:00\" \/>\n<meta name=\"twitter:card\" content=\"summary_large_image\" \/>\n<meta name=\"twitter:label1\" content=\"Gesch\u00e4tzte Lesezeit\" \/>\n\t<meta name=\"twitter:data1\" content=\"5\u00a0Minuten\" \/>\n<script type=\"application\/ld+json\" class=\"yoast-schema-graph\">{\"@context\":\"https:\/\/schema.org\",\"@graph\":[{\"@type\":\"WebPage\",\"@id\":\"https:\/\/vegesmak.pl\/regulamin\/\",\"url\":\"https:\/\/vegesmak.pl\/regulamin\/\",\"name\":\"Regulamin - Vegesmak\",\"isPartOf\":{\"@id\":\"https:\/\/vegesmak.pl\/#website\"},\"datePublished\":\"2020-04-10T16:14:22+00:00\",\"dateModified\":\"2020-04-17T08:54:45+00:00\",\"breadcrumb\":{\"@id\":\"https:\/\/vegesmak.pl\/regulamin\/#breadcrumb\"},\"inLanguage\":\"de\",\"potentialAction\":[{\"@type\":\"ReadAction\",\"target\":[\"https:\/\/vegesmak.pl\/regulamin\/\"]}]},{\"@type\":\"BreadcrumbList\",\"@id\":\"https:\/\/vegesmak.pl\/regulamin\/#breadcrumb\",\"itemListElement\":[{\"@type\":\"ListItem\",\"position\":1,\"name\":\"Strona g\u0142\u00f3wna\",\"item\":\"https:\/\/vegesmak.pl\/\"},{\"@type\":\"ListItem\",\"position\":2,\"name\":\"Regulamin\"}]},{\"@type\":\"WebSite\",\"@id\":\"https:\/\/vegesmak.pl\/#website\",\"url\":\"https:\/\/vegesmak.pl\/\",\"name\":\"Vegesmak\",\"description\":\"\",\"potentialAction\":[{\"@type\":\"SearchAction\",\"target\":{\"@type\":\"EntryPoint\",\"urlTemplate\":\"https:\/\/vegesmak.pl\/?s={search_term_string}\"},\"query-input\":{\"@type\":\"PropertyValueSpecification\",\"valueRequired\":true,\"valueName\":\"search_term_string\"}}],\"inLanguage\":\"de\"}]}<\/script>\n<!-- \/ Yoast SEO plugin. -->","yoast_head_json":{"title":"Regulamin - Vegesmak","robots":{"index":"index","follow":"follow","max-snippet":"max-snippet:-1","max-image-preview":"max-image-preview:large","max-video-preview":"max-video-preview:-1"},"canonical":"https:\/\/vegesmak.pl\/regulamin\/","og_locale":"de_DE","og_type":"article","og_title":"Regulamin - Vegesmak","og_description":"Regulamin VegeSmak W zwi\u0105zku z realizacj\u0105 wymog\u00f3w Rozporz\u0105dzenia Parlamentu Europejskiego i Rady (UE) 2016\/679 z dnia 27 kwietnia 2016 r. w sprawie ochrony os\u00f3b fizycznych w zwi\u0105zku z przetwarzaniem danych osobowych i w sprawie swobodnego przep\u0142ywu takich danych oraz uchylenia dyrektywy 95\/46\/WE (og\u00f3lne rozporz\u0105dzanie o ochronie danych \u201eRODO\u201d), informujemy o zasadach przetwarzania Pani\/Pana danych osobowych [&hellip;]","og_url":"https:\/\/vegesmak.pl\/regulamin\/","og_site_name":"Vegesmak","article_modified_time":"2020-04-17T08:54:45+00:00","twitter_card":"summary_large_image","twitter_misc":{"Gesch\u00e4tzte Lesezeit":"5\u00a0Minuten"},"schema":{"@context":"https:\/\/schema.org","@graph":[{"@type":"WebPage","@id":"https:\/\/vegesmak.pl\/regulamin\/","url":"https:\/\/vegesmak.pl\/regulamin\/","name":"Regulamin - Vegesmak","isPartOf":{"@id":"https:\/\/vegesmak.pl\/#website"},"datePublished":"2020-04-10T16:14:22+00:00","dateModified":"2020-04-17T08:54:45+00:00","breadcrumb":{"@id":"https:\/\/vegesmak.pl\/regulamin\/#breadcrumb"},"inLanguage":"de","potentialAction":[{"@type":"ReadAction","target":["https:\/\/vegesmak.pl\/regulamin\/"]}]},{"@type":"BreadcrumbList","@id":"https:\/\/vegesmak.pl\/regulamin\/#breadcrumb","itemListElement":[{"@type":"ListItem","position":1,"name":"Strona g\u0142\u00f3wna","item":"https:\/\/vegesmak.pl\/"},{"@type":"ListItem","position":2,"name":"Regulamin"}]},{"@type":"WebSite","@id":"https:\/\/vegesmak.pl\/#website","url":"https:\/\/vegesmak.pl\/","name":"Vegesmak","description":"","potentialAction":[{"@type":"SearchAction","target":{"@type":"EntryPoint","urlTemplate":"https:\/\/vegesmak.pl\/?s={search_term_string}"},"query-input":{"@type":"PropertyValueSpecification","valueRequired":true,"valueName":"search_term_string"}}],"inLanguage":"de"}]}},"_links":{"self":[{"href":"https:\/\/vegesmak.pl\/de\/wp-json\/wp\/v2\/pages\/607","targetHints":{"allow":["GET"]}}],"collection":[{"href":"https:\/\/vegesmak.pl\/de\/wp-json\/wp\/v2\/pages"}],"about":[{"href":"https:\/\/vegesmak.pl\/de\/wp-json\/wp\/v2\/types\/page"}],"author":[{"embeddable":true,"href":"https:\/\/vegesmak.pl\/de\/wp-json\/wp\/v2\/users\/1"}],"replies":[{"embeddable":true,"href":"https:\/\/vegesmak.pl\/de\/wp-json\/wp\/v2\/comments?post=607"}],"version-history":[{"count":3,"href":"https:\/\/vegesmak.pl\/de\/wp-json\/wp\/v2\/pages\/607\/revisions"}],"predecessor-version":[{"id":647,"href":"https:\/\/vegesmak.pl\/de\/wp-json\/wp\/v2\/pages\/607\/revisions\/647"}],"wp:attachment":[{"href":"https:\/\/vegesmak.pl\/de\/wp-json\/wp\/v2\/media?parent=607"}],"curies":[{"name":"wp","href":"https:\/\/api.w.org\/{rel}","templated":true}]}}