{"id":2911,"date":"2022-08-26T17:34:17","date_gmt":"2022-08-26T17:34:17","guid":{"rendered":"https:\/\/vegesmak.pl\/produkt\/sam-jestes-popieprzony-roslinna-alternatywa-dla-serow\/"},"modified":"2025-02-15T15:45:10","modified_gmt":"2025-02-15T15:45:10","slug":"sam-jestes-popieprzony-roslinna-alternatywa-dla-serow","status":"publish","type":"product","link":"https:\/\/vegesmak.pl\/de\/produkt\/sam-jestes-popieprzony-roslinna-alternatywa-dla-serow\/","title":{"rendered":"Pffefer Kanone &#8211; pflanzliche K\u00e4sealternative"},"content":{"rendered":"","protected":false},"excerpt":{"rendered":"<div>v-SERek &#8211; kremowy \/ twaro\u017ckowy<\/div>\n<div>Delikatny \u201e\u015bmietankowy\u201d, lekko kwaskowaty, przypominaj\u0105cy do z\u0142udzenia smak twaro\u017cka, z czterokolorowym pieprzem, co nadaje mu charakteru.<\/div>\n<p>&nbsp;<\/p>\n<div>\n<p>W\u0142a\u015bciwo\u015bci zdrowotne pieprzu wynikaj\u0105 z zawarto\u015bci piperyny &#8211; alkaloidu, kt\u00f3ry wyst\u0119puje w wierzchniej warstwie sk\u00f3rki pieprzu. Dzi\u0119ki niej pieprzowi s\u0105 przypisywane w\u0142a\u015bciwo\u015bci odchudzaj\u0105ce. Piperyna powoduje wzmo\u017con\u0105 emisj\u0119 energii cieplnej przez organizm, skutkiem czego jest intensywniejsze spalanie i zwi\u0119kszone zu\u017cycie zapas\u00f3w t\u0142uszczowych. Piperyna spowalnia tak\u017ce proces powstawania nowych kom\u00f3rek t\u0142uszczowych. Poza tym pobudza produkcj\u0119 sok\u00f3w \u017co\u0142\u0105dkowych, dzi\u0119ki czemu przyspiesza trawienie.<\/p>\n<p>Jednak uwaga &#8211; proces ten mo\u017ce powodowa\u0107 tak\u017ce wzmo\u017cone \u0142aknienie. Zwi\u0119ksza r\u00f3wnie\u017c absorpcj\u0119 kurkuminy o 2000%, dzi\u0119ki czemu dzia\u0142a odka\u017caj\u0105co i przeciwzapalnie na organizm. Ponadto wykazano dzia\u0142anie przeciwbiegunkowe i immunostymuluj\u0105ce piperyny. Dzia\u0142a r\u00f3wnie\u017c moczop\u0119dnie i oczyszcza organizm z toksyn. Piperyna jest tak\u017ce bardzo silnym antyoksydantem. Ma potencjalne dzia\u0142anie przeciwnowotworowe. Ponadto zwi\u0119ksza poziom melanocyt\u00f3w w organizmie, dlatego te\u017c wskazana jest szczeg\u00f3lnie osobom cierpi\u0105cym na bielactwo.<\/p>\n<\/div>\n<div>\n<div><\/div>\n<\/div>\n<p>&nbsp;<\/p>\n<p><span style=\"color: #61ce70;\">Sk\u0142adniki:<\/span> orzechy nerkowca (65%), woda filtrowana, rafinowany olej kokosowy z upraw ekologicznych, kolorowy pieprz; czerwony, czarny, zielony i bia\u0142y, s\u00f3l kamienna, \u017cywe kultury bakterii probiotycznych.<\/p>\n<p>Masa : 150 g<\/p>\n<div>Termin przydatno\u015bci do spo\u017cycia 6-12 tygodni<\/div>\n<p>Die Lieferzeit betr\u00e4gt 3-5 Werktage.<\/p>\n<div class=\"elementor-element elementor-element-af273ff elementor-widget elementor-widget-text-editor\" data-id=\"af273ff\" data-element_type=\"widget\" data-widget_type=\"text-editor.default\">\n<div class=\"elementor-widget-container\">\n<div class=\"elementor-text-editor elementor-clearfix\">\n<p><strong>FEDEX Internationaler Versand \u2013 individuelle <\/strong><br \/>\n<a href=\"https:\/\/vegesmak.pl\/#kontakt\"><strong>Preise Schreiben Sie uns f\u00fcr Details!<\/strong><\/a><\/p>\n<\/div>\n<\/div>\n<\/div>\n","protected":false},"featured_media":2855,"comment_status":"open","ping_status":"closed","template":"","meta":{"_monsterinsights_skip_tracking":false,"_monsterinsights_sitenote_active":false,"_monsterinsights_sitenote_note":"","_monsterinsights_sitenote_category":0},"product_brand":[],"product_cat":[45],"product_tag":[],"class_list":{"0":"post-2911","1":"product","2":"type-product","3":"status-publish","4":"has-post-thumbnail","6":"product_cat-sery","8":"first","9":"instock","10":"shipping-taxable","11":"purchasable","12":"product-type-simple"},"yoast_head":"<!-- This site is optimized with the Yoast SEO plugin v27.1.1 - https:\/\/yoast.com\/product\/yoast-seo-wordpress\/ -->\n<title>Pffefer Kanone - pflanzliche K\u00e4sealternative - Vegesmak - alternatywa dla wyrob\u00f3w mi\u0119snych<\/title>\n<meta name=\"description\" content=\"Vegesmak, alternatywa dla wyrob\u00f3w mi\u0119snych, Pffefer Kanone - pflanzliche K\u00e4sealternative, par\u00f3wki bez mi\u0119sa, nie zawiera sk\u0142adnik\u00f3w pochodzenia zwierz\u0119cego\" \/>\n<meta name=\"robots\" content=\"index, follow, max-snippet:-1, max-image-preview:large, max-video-preview:-1\" \/>\n<link rel=\"canonical\" href=\"https:\/\/vegesmak.pl\/produkt\/ser-roslinny-pieprz\/\" \/>\n<meta property=\"og:locale\" content=\"de_DE\" \/>\n<meta property=\"og:type\" content=\"article\" \/>\n<meta property=\"og:title\" content=\"Pffefer Kanone - pflanzliche K\u00e4sealternative - Vegesmak - alternatywa dla wyrob\u00f3w mi\u0119snych\" \/>\n<meta property=\"og:description\" content=\"Vegesmak, alternatywa dla wyrob\u00f3w mi\u0119snych, Pffefer Kanone - pflanzliche K\u00e4sealternative, par\u00f3wki bez mi\u0119sa, nie zawiera sk\u0142adnik\u00f3w pochodzenia zwierz\u0119cego\" \/>\n<meta property=\"og:url\" content=\"https:\/\/vegesmak.pl\/produkt\/ser-roslinny-pieprz\/\" \/>\n<meta property=\"og:site_name\" content=\"Vegesmak\" \/>\n<meta property=\"article:modified_time\" content=\"2025-02-15T15:45:10+00:00\" \/>\n<meta property=\"og:image\" content=\"https:\/\/vegesmak.pl\/wp-content\/uploads\/2022\/08\/roslinna-alternatywa-dla-sera-scaled.jpg\" \/>\n\t<meta property=\"og:image:width\" content=\"1709\" \/>\n\t<meta property=\"og:image:height\" content=\"2560\" \/>\n\t<meta property=\"og:image:type\" content=\"image\/jpeg\" \/>\n<meta name=\"twitter:card\" content=\"summary_large_image\" \/>\n<script type=\"application\/ld+json\" class=\"yoast-schema-graph\">{\"@context\":\"https:\/\/schema.org\",\"@graph\":[{\"@type\":\"WebPage\",\"@id\":\"https:\/\/vegesmak.pl\/produkt\/ser-roslinny-pieprz\/\",\"url\":\"https:\/\/vegesmak.pl\/produkt\/ser-roslinny-pieprz\/\",\"name\":\"Pffefer Kanone - pflanzliche K\u00e4sealternative - Vegesmak - alternatywa dla wyrob\u00f3w mi\u0119snych\",\"isPartOf\":{\"@id\":\"https:\/\/vegesmak.pl\/#website\"},\"primaryImageOfPage\":{\"@id\":\"https:\/\/vegesmak.pl\/produkt\/ser-roslinny-pieprz\/#primaryimage\"},\"image\":{\"@id\":\"https:\/\/vegesmak.pl\/produkt\/ser-roslinny-pieprz\/#primaryimage\"},\"thumbnailUrl\":\"https:\/\/vegesmak.pl\/wp-content\/uploads\/2022\/08\/roslinna-alternatywa-dla-sera-scaled.webp\",\"datePublished\":\"2022-08-26T17:34:17+00:00\",\"dateModified\":\"2025-02-15T15:45:10+00:00\",\"description\":\"Vegesmak, alternatywa dla wyrob\u00f3w mi\u0119snych, Pffefer Kanone - pflanzliche K\u00e4sealternative, par\u00f3wki bez mi\u0119sa, nie zawiera sk\u0142adnik\u00f3w pochodzenia zwierz\u0119cego\",\"breadcrumb\":{\"@id\":\"https:\/\/vegesmak.pl\/produkt\/ser-roslinny-pieprz\/#breadcrumb\"},\"inLanguage\":\"de\",\"potentialAction\":[{\"@type\":\"ReadAction\",\"target\":[\"https:\/\/vegesmak.pl\/produkt\/ser-roslinny-pieprz\/\"]}]},{\"@type\":\"ImageObject\",\"inLanguage\":\"de\",\"@id\":\"https:\/\/vegesmak.pl\/produkt\/ser-roslinny-pieprz\/#primaryimage\",\"url\":\"https:\/\/vegesmak.pl\/wp-content\/uploads\/2022\/08\/roslinna-alternatywa-dla-sera-scaled.webp\",\"contentUrl\":\"https:\/\/vegesmak.pl\/wp-content\/uploads\/2022\/08\/roslinna-alternatywa-dla-sera-scaled.webp\",\"width\":1709,\"height\":2560,\"caption\":\"Ro\u015blinna alternatywa dla sera z pieprzem\"},{\"@type\":\"BreadcrumbList\",\"@id\":\"https:\/\/vegesmak.pl\/produkt\/ser-roslinny-pieprz\/#breadcrumb\",\"itemListElement\":[{\"@type\":\"ListItem\",\"position\":1,\"name\":\"Strona g\u0142\u00f3wna\",\"item\":\"https:\/\/vegesmak.pl\/\"},{\"@type\":\"ListItem\",\"position\":2,\"name\":\"Sklep\",\"item\":\"https:\/\/vegesmak.pl\/sklep\/\"},{\"@type\":\"ListItem\",\"position\":3,\"name\":\"Pffefer Kanone &#8211; pflanzliche K\u00e4sealternative\"}]},{\"@type\":\"WebSite\",\"@id\":\"https:\/\/vegesmak.pl\/#website\",\"url\":\"https:\/\/vegesmak.pl\/\",\"name\":\"Vegesmak\",\"description\":\"\",\"potentialAction\":[{\"@type\":\"SearchAction\",\"target\":{\"@type\":\"EntryPoint\",\"urlTemplate\":\"https:\/\/vegesmak.pl\/?s={search_term_string}\"},\"query-input\":{\"@type\":\"PropertyValueSpecification\",\"valueRequired\":true,\"valueName\":\"search_term_string\"}}],\"inLanguage\":\"de\"}]}<\/script>\n<!-- \/ Yoast SEO plugin. -->","yoast_head_json":{"title":"Pffefer Kanone - pflanzliche K\u00e4sealternative - Vegesmak - alternatywa dla wyrob\u00f3w mi\u0119snych","description":"Vegesmak, alternatywa dla wyrob\u00f3w mi\u0119snych, Pffefer Kanone - pflanzliche K\u00e4sealternative, par\u00f3wki bez mi\u0119sa, nie zawiera sk\u0142adnik\u00f3w pochodzenia zwierz\u0119cego","robots":{"index":"index","follow":"follow","max-snippet":"max-snippet:-1","max-image-preview":"max-image-preview:large","max-video-preview":"max-video-preview:-1"},"canonical":"https:\/\/vegesmak.pl\/produkt\/ser-roslinny-pieprz\/","og_locale":"de_DE","og_type":"article","og_title":"Pffefer Kanone - pflanzliche K\u00e4sealternative - Vegesmak - alternatywa dla wyrob\u00f3w mi\u0119snych","og_description":"Vegesmak, alternatywa dla wyrob\u00f3w mi\u0119snych, Pffefer Kanone - pflanzliche K\u00e4sealternative, par\u00f3wki bez mi\u0119sa, nie zawiera sk\u0142adnik\u00f3w pochodzenia zwierz\u0119cego","og_url":"https:\/\/vegesmak.pl\/produkt\/ser-roslinny-pieprz\/","og_site_name":"Vegesmak","article_modified_time":"2025-02-15T15:45:10+00:00","og_image":[{"width":1709,"height":2560,"url":"https:\/\/vegesmak.pl\/wp-content\/uploads\/2022\/08\/roslinna-alternatywa-dla-sera-scaled.jpg","type":"image\/jpeg"}],"twitter_card":"summary_large_image","schema":{"@context":"https:\/\/schema.org","@graph":[{"@type":"WebPage","@id":"https:\/\/vegesmak.pl\/produkt\/ser-roslinny-pieprz\/","url":"https:\/\/vegesmak.pl\/produkt\/ser-roslinny-pieprz\/","name":"Pffefer Kanone - pflanzliche K\u00e4sealternative - Vegesmak - alternatywa dla wyrob\u00f3w mi\u0119snych","isPartOf":{"@id":"https:\/\/vegesmak.pl\/#website"},"primaryImageOfPage":{"@id":"https:\/\/vegesmak.pl\/produkt\/ser-roslinny-pieprz\/#primaryimage"},"image":{"@id":"https:\/\/vegesmak.pl\/produkt\/ser-roslinny-pieprz\/#primaryimage"},"thumbnailUrl":"https:\/\/vegesmak.pl\/wp-content\/uploads\/2022\/08\/roslinna-alternatywa-dla-sera-scaled.webp","datePublished":"2022-08-26T17:34:17+00:00","dateModified":"2025-02-15T15:45:10+00:00","description":"Vegesmak, alternatywa dla wyrob\u00f3w mi\u0119snych, Pffefer Kanone - pflanzliche K\u00e4sealternative, par\u00f3wki bez mi\u0119sa, nie zawiera sk\u0142adnik\u00f3w pochodzenia zwierz\u0119cego","breadcrumb":{"@id":"https:\/\/vegesmak.pl\/produkt\/ser-roslinny-pieprz\/#breadcrumb"},"inLanguage":"de","potentialAction":[{"@type":"ReadAction","target":["https:\/\/vegesmak.pl\/produkt\/ser-roslinny-pieprz\/"]}]},{"@type":"ImageObject","inLanguage":"de","@id":"https:\/\/vegesmak.pl\/produkt\/ser-roslinny-pieprz\/#primaryimage","url":"https:\/\/vegesmak.pl\/wp-content\/uploads\/2022\/08\/roslinna-alternatywa-dla-sera-scaled.webp","contentUrl":"https:\/\/vegesmak.pl\/wp-content\/uploads\/2022\/08\/roslinna-alternatywa-dla-sera-scaled.webp","width":1709,"height":2560,"caption":"Ro\u015blinna alternatywa dla sera z pieprzem"},{"@type":"BreadcrumbList","@id":"https:\/\/vegesmak.pl\/produkt\/ser-roslinny-pieprz\/#breadcrumb","itemListElement":[{"@type":"ListItem","position":1,"name":"Strona g\u0142\u00f3wna","item":"https:\/\/vegesmak.pl\/"},{"@type":"ListItem","position":2,"name":"Sklep","item":"https:\/\/vegesmak.pl\/sklep\/"},{"@type":"ListItem","position":3,"name":"Pffefer Kanone &#8211; pflanzliche K\u00e4sealternative"}]},{"@type":"WebSite","@id":"https:\/\/vegesmak.pl\/#website","url":"https:\/\/vegesmak.pl\/","name":"Vegesmak","description":"","potentialAction":[{"@type":"SearchAction","target":{"@type":"EntryPoint","urlTemplate":"https:\/\/vegesmak.pl\/?s={search_term_string}"},"query-input":{"@type":"PropertyValueSpecification","valueRequired":true,"valueName":"search_term_string"}}],"inLanguage":"de"}]}},"_links":{"self":[{"href":"https:\/\/vegesmak.pl\/de\/wp-json\/wp\/v2\/product\/2911","targetHints":{"allow":["GET"]}}],"collection":[{"href":"https:\/\/vegesmak.pl\/de\/wp-json\/wp\/v2\/product"}],"about":[{"href":"https:\/\/vegesmak.pl\/de\/wp-json\/wp\/v2\/types\/product"}],"replies":[{"embeddable":true,"href":"https:\/\/vegesmak.pl\/de\/wp-json\/wp\/v2\/comments?post=2911"}],"wp:featuredmedia":[{"embeddable":true,"href":"https:\/\/vegesmak.pl\/de\/wp-json\/wp\/v2\/media\/2855"}],"wp:attachment":[{"href":"https:\/\/vegesmak.pl\/de\/wp-json\/wp\/v2\/media?parent=2911"}],"wp:term":[{"taxonomy":"product_brand","embeddable":true,"href":"https:\/\/vegesmak.pl\/de\/wp-json\/wp\/v2\/product_brand?post=2911"},{"taxonomy":"product_cat","embeddable":true,"href":"https:\/\/vegesmak.pl\/de\/wp-json\/wp\/v2\/product_cat?post=2911"},{"taxonomy":"product_tag","embeddable":true,"href":"https:\/\/vegesmak.pl\/de\/wp-json\/wp\/v2\/product_tag?post=2911"}],"curies":[{"name":"wp","href":"https:\/\/api.w.org\/{rel}","templated":true}]}}