{"id":2913,"date":"2022-08-26T17:34:42","date_gmt":"2022-08-26T17:34:42","guid":{"rendered":"https:\/\/vegesmak.pl\/produkt\/kozia-randka-roslinny-poltwardy-i-dojrzewajacy-ser\/"},"modified":"2025-02-15T15:45:10","modified_gmt":"2025-02-15T15:45:10","slug":"kozia-randka-roslinny-poltwardy-i-dojrzewajacy-ser","status":"publish","type":"product","link":"https:\/\/vegesmak.pl\/de\/produkt\/kozia-randka-roslinny-poltwardy-i-dojrzewajacy-ser\/","title":{"rendered":"Lass dich nicht ins Bockshorn jagen &#8211; pflanzliche K\u00e4sealternative"},"content":{"rendered":"","protected":false},"excerpt":{"rendered":"<div>v-SERum dojrzewaj\u0105ce z kozieradk\u0105 w 3 ods\u0142onach: mielon\u0105, nasionami i zio\u0142em.<\/div>\n<p>&nbsp;<\/p>\n<div><\/div>\n<div>\n<div>Kozieradka pospolita (\u0142ac. Trigonella foenum-graecum L.), inaczej koniczyna grecka, greckie siano czy bo\u017ca trawka, to ro\u015blina, kt\u00f3rej w\u0142a\u015bciwo\u015bci od wiek\u00f3w s\u0105 wykorzystywane w medycynie azjatyckiej. Zgodnie z tradycyjn\u0105 medycyn\u0105 chi\u0144sk\u0105 i hindusk\u0105, nasiona kozieradki polecane s\u0105 w leczeniu cukrzycy &#8211; jako \u015brodek obni\u017caj\u0105cy poziom glukozy we krwi. Olej zawarty w nasionach dzia\u0142a os\u0142aniaj\u0105co i przeciwzapalnie na b\u0142on\u0119 \u015bluzow\u0105 przewodu pokarmowego.<\/div>\n<p>&nbsp;<\/p>\n<div><\/div>\n<div>W Iranie li\u015bcie kozieradki s\u0105 popularnym surowcem leczniczym w chorobach narz\u0105du wzroku, a tak\u017ce chorobach sk\u00f3ry &#8211; czyraku mnogim. Wsp\u00f3\u0142czesne badania naukowe potwierdzaj\u0105 odkryte ju\u017c dawno temu w\u0142a\u015bciwo\u015bci lecznicze kozieradki, kt\u00f3ra znalaz\u0142a zastosowanie nie tylko w lecznictwie, lecz tak\u017ce w kulturystyce, kosmetyce i wiadomo kuchni.<\/div>\n<\/div>\n<p>&nbsp;<\/p>\n<p><span style=\"color: #61ce70;\">Sk\u0142adniki:<\/span> orzechy nerkowca (75%), woda filtrowana, kozieradka mielona, nasiona i zio\u0142o, s\u00f3l kamienna, \u017cywe kultury bakterii probiotycznych.<\/p>\n<p>Masa : 140 g<\/p>\n<div>Termin przydatno\u015bci do spo\u017cycia 6-12 tygodni<\/div>\n<p>Die Lieferzeit betr\u00e4gt 3-5 Werktage.<\/p>\n<div class=\"elementor-element elementor-element-af273ff elementor-widget elementor-widget-text-editor\" data-id=\"af273ff\" data-element_type=\"widget\" data-widget_type=\"text-editor.default\">\n<div class=\"elementor-widget-container\">\n<div class=\"elementor-text-editor elementor-clearfix\">\n<p><strong>FEDEX Internationaler Versand \u2013 individuelle <\/strong><br \/>\n<a href=\"https:\/\/vegesmak.pl\/#kontakt\"><strong>Preise Schreiben Sie uns f\u00fcr Details!<\/strong><\/a><\/p>\n<\/div>\n<\/div>\n<\/div>\n","protected":false},"featured_media":2847,"comment_status":"open","ping_status":"closed","template":"","meta":{"_monsterinsights_skip_tracking":false,"_monsterinsights_sitenote_active":false,"_monsterinsights_sitenote_note":"","_monsterinsights_sitenote_category":0},"product_brand":[],"product_cat":[26],"product_tag":[],"class_list":{"0":"post-2913","1":"product","2":"type-product","3":"status-publish","4":"has-post-thumbnail","6":"product_cat-pl","8":"first","9":"instock","10":"shipping-taxable","11":"purchasable","12":"product-type-simple"},"yoast_head":"<!-- This site is optimized with the Yoast SEO plugin v27.1.1 - https:\/\/yoast.com\/product\/yoast-seo-wordpress\/ -->\n<title>Lass dich nicht ins Bockshorn jagen - pflanzliche K\u00e4sealternative - Vegesmak - alternatywa dla wyrob\u00f3w mi\u0119snych<\/title>\n<meta name=\"description\" content=\"Vegesmak, alternatywa dla wyrob\u00f3w mi\u0119snych, Lass dich nicht ins Bockshorn jagen - pflanzliche K\u00e4sealternative, par\u00f3wki bez mi\u0119sa, nie zawiera sk\u0142adnik\u00f3w pochodzenia zwierz\u0119cego\" \/>\n<meta name=\"robots\" content=\"index, follow, max-snippet:-1, max-image-preview:large, max-video-preview:-1\" \/>\n<link rel=\"canonical\" href=\"https:\/\/vegesmak.pl\/produkt\/kozia-randka\/\" \/>\n<meta property=\"og:locale\" content=\"de_DE\" \/>\n<meta property=\"og:type\" content=\"article\" \/>\n<meta property=\"og:title\" content=\"Lass dich nicht ins Bockshorn jagen - pflanzliche K\u00e4sealternative - Vegesmak - alternatywa dla wyrob\u00f3w mi\u0119snych\" \/>\n<meta property=\"og:description\" content=\"Vegesmak, alternatywa dla wyrob\u00f3w mi\u0119snych, Lass dich nicht ins Bockshorn jagen - pflanzliche K\u00e4sealternative, par\u00f3wki bez mi\u0119sa, nie zawiera sk\u0142adnik\u00f3w pochodzenia zwierz\u0119cego\" \/>\n<meta property=\"og:url\" content=\"https:\/\/vegesmak.pl\/produkt\/kozia-randka\/\" \/>\n<meta property=\"og:site_name\" content=\"Vegesmak\" \/>\n<meta property=\"article:modified_time\" content=\"2025-02-15T15:45:10+00:00\" \/>\n<meta property=\"og:image\" content=\"https:\/\/vegesmak.pl\/wp-content\/uploads\/2022\/08\/roslinny-ser-kozia-randka-scaled.webp\" \/>\n\t<meta property=\"og:image:width\" content=\"1709\" \/>\n\t<meta property=\"og:image:height\" content=\"2560\" \/>\n\t<meta property=\"og:image:type\" content=\"image\/jpeg\" \/>\n<meta name=\"twitter:card\" content=\"summary_large_image\" \/>\n<script type=\"application\/ld+json\" class=\"yoast-schema-graph\">{\"@context\":\"https:\/\/schema.org\",\"@graph\":[{\"@type\":\"WebPage\",\"@id\":\"https:\/\/vegesmak.pl\/produkt\/kozia-randka\/\",\"url\":\"https:\/\/vegesmak.pl\/produkt\/kozia-randka\/\",\"name\":\"Lass dich nicht ins Bockshorn jagen - pflanzliche K\u00e4sealternative - Vegesmak - alternatywa dla wyrob\u00f3w mi\u0119snych\",\"isPartOf\":{\"@id\":\"https:\/\/vegesmak.pl\/#website\"},\"primaryImageOfPage\":{\"@id\":\"https:\/\/vegesmak.pl\/produkt\/kozia-randka\/#primaryimage\"},\"image\":{\"@id\":\"https:\/\/vegesmak.pl\/produkt\/kozia-randka\/#primaryimage\"},\"thumbnailUrl\":\"https:\/\/vegesmak.pl\/wp-content\/uploads\/2022\/08\/roslinny-ser-kozia-randka-scaled.webp\",\"datePublished\":\"2022-08-26T17:34:42+00:00\",\"dateModified\":\"2025-02-15T15:45:10+00:00\",\"description\":\"Vegesmak, alternatywa dla wyrob\u00f3w mi\u0119snych, Lass dich nicht ins Bockshorn jagen - pflanzliche K\u00e4sealternative, par\u00f3wki bez mi\u0119sa, nie zawiera sk\u0142adnik\u00f3w pochodzenia zwierz\u0119cego\",\"breadcrumb\":{\"@id\":\"https:\/\/vegesmak.pl\/produkt\/kozia-randka\/#breadcrumb\"},\"inLanguage\":\"de\",\"potentialAction\":[{\"@type\":\"ReadAction\",\"target\":[\"https:\/\/vegesmak.pl\/produkt\/kozia-randka\/\"]}]},{\"@type\":\"ImageObject\",\"inLanguage\":\"de\",\"@id\":\"https:\/\/vegesmak.pl\/produkt\/kozia-randka\/#primaryimage\",\"url\":\"https:\/\/vegesmak.pl\/wp-content\/uploads\/2022\/08\/roslinny-ser-kozia-randka-scaled.webp\",\"contentUrl\":\"https:\/\/vegesmak.pl\/wp-content\/uploads\/2022\/08\/roslinny-ser-kozia-randka-scaled.webp\",\"width\":1709,\"height\":2560,\"caption\":\"Ro\u015blinna alternatywa dla ser\u00f3w\"},{\"@type\":\"BreadcrumbList\",\"@id\":\"https:\/\/vegesmak.pl\/produkt\/kozia-randka\/#breadcrumb\",\"itemListElement\":[{\"@type\":\"ListItem\",\"position\":1,\"name\":\"Strona g\u0142\u00f3wna\",\"item\":\"https:\/\/vegesmak.pl\/\"},{\"@type\":\"ListItem\",\"position\":2,\"name\":\"Sklep\",\"item\":\"https:\/\/vegesmak.pl\/sklep\/\"},{\"@type\":\"ListItem\",\"position\":3,\"name\":\"Lass dich nicht ins Bockshorn jagen &#8211; pflanzliche K\u00e4sealternative\"}]},{\"@type\":\"WebSite\",\"@id\":\"https:\/\/vegesmak.pl\/#website\",\"url\":\"https:\/\/vegesmak.pl\/\",\"name\":\"Vegesmak\",\"description\":\"\",\"potentialAction\":[{\"@type\":\"SearchAction\",\"target\":{\"@type\":\"EntryPoint\",\"urlTemplate\":\"https:\/\/vegesmak.pl\/?s={search_term_string}\"},\"query-input\":{\"@type\":\"PropertyValueSpecification\",\"valueRequired\":true,\"valueName\":\"search_term_string\"}}],\"inLanguage\":\"de\"}]}<\/script>\n<!-- \/ Yoast SEO plugin. -->","yoast_head_json":{"title":"Lass dich nicht ins Bockshorn jagen - pflanzliche K\u00e4sealternative - Vegesmak - alternatywa dla wyrob\u00f3w mi\u0119snych","description":"Vegesmak, alternatywa dla wyrob\u00f3w mi\u0119snych, Lass dich nicht ins Bockshorn jagen - pflanzliche K\u00e4sealternative, par\u00f3wki bez mi\u0119sa, nie zawiera sk\u0142adnik\u00f3w pochodzenia zwierz\u0119cego","robots":{"index":"index","follow":"follow","max-snippet":"max-snippet:-1","max-image-preview":"max-image-preview:large","max-video-preview":"max-video-preview:-1"},"canonical":"https:\/\/vegesmak.pl\/produkt\/kozia-randka\/","og_locale":"de_DE","og_type":"article","og_title":"Lass dich nicht ins Bockshorn jagen - pflanzliche K\u00e4sealternative - Vegesmak - alternatywa dla wyrob\u00f3w mi\u0119snych","og_description":"Vegesmak, alternatywa dla wyrob\u00f3w mi\u0119snych, Lass dich nicht ins Bockshorn jagen - pflanzliche K\u00e4sealternative, par\u00f3wki bez mi\u0119sa, nie zawiera sk\u0142adnik\u00f3w pochodzenia zwierz\u0119cego","og_url":"https:\/\/vegesmak.pl\/produkt\/kozia-randka\/","og_site_name":"Vegesmak","article_modified_time":"2025-02-15T15:45:10+00:00","og_image":[{"width":1709,"height":2560,"url":"https:\/\/vegesmak.pl\/wp-content\/uploads\/2022\/08\/roslinny-ser-kozia-randka-scaled.webp","type":"image\/jpeg"}],"twitter_card":"summary_large_image","schema":{"@context":"https:\/\/schema.org","@graph":[{"@type":"WebPage","@id":"https:\/\/vegesmak.pl\/produkt\/kozia-randka\/","url":"https:\/\/vegesmak.pl\/produkt\/kozia-randka\/","name":"Lass dich nicht ins Bockshorn jagen - pflanzliche K\u00e4sealternative - Vegesmak - alternatywa dla wyrob\u00f3w mi\u0119snych","isPartOf":{"@id":"https:\/\/vegesmak.pl\/#website"},"primaryImageOfPage":{"@id":"https:\/\/vegesmak.pl\/produkt\/kozia-randka\/#primaryimage"},"image":{"@id":"https:\/\/vegesmak.pl\/produkt\/kozia-randka\/#primaryimage"},"thumbnailUrl":"https:\/\/vegesmak.pl\/wp-content\/uploads\/2022\/08\/roslinny-ser-kozia-randka-scaled.webp","datePublished":"2022-08-26T17:34:42+00:00","dateModified":"2025-02-15T15:45:10+00:00","description":"Vegesmak, alternatywa dla wyrob\u00f3w mi\u0119snych, Lass dich nicht ins Bockshorn jagen - pflanzliche K\u00e4sealternative, par\u00f3wki bez mi\u0119sa, nie zawiera sk\u0142adnik\u00f3w pochodzenia zwierz\u0119cego","breadcrumb":{"@id":"https:\/\/vegesmak.pl\/produkt\/kozia-randka\/#breadcrumb"},"inLanguage":"de","potentialAction":[{"@type":"ReadAction","target":["https:\/\/vegesmak.pl\/produkt\/kozia-randka\/"]}]},{"@type":"ImageObject","inLanguage":"de","@id":"https:\/\/vegesmak.pl\/produkt\/kozia-randka\/#primaryimage","url":"https:\/\/vegesmak.pl\/wp-content\/uploads\/2022\/08\/roslinny-ser-kozia-randka-scaled.webp","contentUrl":"https:\/\/vegesmak.pl\/wp-content\/uploads\/2022\/08\/roslinny-ser-kozia-randka-scaled.webp","width":1709,"height":2560,"caption":"Ro\u015blinna alternatywa dla ser\u00f3w"},{"@type":"BreadcrumbList","@id":"https:\/\/vegesmak.pl\/produkt\/kozia-randka\/#breadcrumb","itemListElement":[{"@type":"ListItem","position":1,"name":"Strona g\u0142\u00f3wna","item":"https:\/\/vegesmak.pl\/"},{"@type":"ListItem","position":2,"name":"Sklep","item":"https:\/\/vegesmak.pl\/sklep\/"},{"@type":"ListItem","position":3,"name":"Lass dich nicht ins Bockshorn jagen &#8211; pflanzliche K\u00e4sealternative"}]},{"@type":"WebSite","@id":"https:\/\/vegesmak.pl\/#website","url":"https:\/\/vegesmak.pl\/","name":"Vegesmak","description":"","potentialAction":[{"@type":"SearchAction","target":{"@type":"EntryPoint","urlTemplate":"https:\/\/vegesmak.pl\/?s={search_term_string}"},"query-input":{"@type":"PropertyValueSpecification","valueRequired":true,"valueName":"search_term_string"}}],"inLanguage":"de"}]}},"_links":{"self":[{"href":"https:\/\/vegesmak.pl\/de\/wp-json\/wp\/v2\/product\/2913","targetHints":{"allow":["GET"]}}],"collection":[{"href":"https:\/\/vegesmak.pl\/de\/wp-json\/wp\/v2\/product"}],"about":[{"href":"https:\/\/vegesmak.pl\/de\/wp-json\/wp\/v2\/types\/product"}],"replies":[{"embeddable":true,"href":"https:\/\/vegesmak.pl\/de\/wp-json\/wp\/v2\/comments?post=2913"}],"wp:featuredmedia":[{"embeddable":true,"href":"https:\/\/vegesmak.pl\/de\/wp-json\/wp\/v2\/media\/2847"}],"wp:attachment":[{"href":"https:\/\/vegesmak.pl\/de\/wp-json\/wp\/v2\/media?parent=2913"}],"wp:term":[{"taxonomy":"product_brand","embeddable":true,"href":"https:\/\/vegesmak.pl\/de\/wp-json\/wp\/v2\/product_brand?post=2913"},{"taxonomy":"product_cat","embeddable":true,"href":"https:\/\/vegesmak.pl\/de\/wp-json\/wp\/v2\/product_cat?post=2913"},{"taxonomy":"product_tag","embeddable":true,"href":"https:\/\/vegesmak.pl\/de\/wp-json\/wp\/v2\/product_tag?post=2913"}],"curies":[{"name":"wp","href":"https:\/\/api.w.org\/{rel}","templated":true}]}}