{"id":2952,"date":"2022-08-31T08:28:41","date_gmt":"2022-08-31T08:28:41","guid":{"rendered":"https:\/\/vegesmak.pl\/produkt\/twarda-cieciorka-roslinna-alternatywa-dla-serow\/"},"modified":"2024-09-30T11:10:08","modified_gmt":"2024-09-30T11:10:08","slug":"twarda-cieciorka-roslinna-alternatywa-dla-serow","status":"publish","type":"product","link":"https:\/\/vegesmak.pl\/de\/produkt\/twarda-cieciorka-roslinna-alternatywa-dla-serow\/","title":{"rendered":"Der Kicher Erbe &#8211; pflanzliche K\u00e4sealternative"},"content":{"rendered":"","protected":false},"excerpt":{"rendered":"<div>\n<div>\n<div>v-SER z ciecierzycy, z p\u0142atkami dro\u017cd\u017cowymi, SHIRO MISO, gorczyc\u0105, syropem daktylowym, sol\u0105 w\u0119dzon\u0105, kozieradk\u0105. Kolor zawdzi\u0119czmy kurkumie.<\/div>\n<\/div>\n<p>&nbsp;<\/p>\n<p>\u015awietnie nadaje si\u0119 do tarcia na tarce i skrawania na cienkie plastry, lub kruszenia, do wyko\u0144czenia da\u0144 kuchni w\u0142oskiej, francuskiej, wszystkich zapiekanek, pizzy, sa\u0142atek, kanapek.<\/p>\n<\/div>\n<p>Masa : 160 g<\/p>\n<div>Termin przydatno\u015bci do spo\u017cycia 6-12 tygodni<\/div>\n<p>Die Lieferzeit betr\u00e4gt 3-5 Werktage.<\/p>\n<div class=\"elementor-element elementor-element-af273ff elementor-widget elementor-widget-text-editor\" data-id=\"af273ff\" data-element_type=\"widget\" data-widget_type=\"text-editor.default\">\n<div class=\"elementor-widget-container\">\n<div class=\"elementor-text-editor elementor-clearfix\">\n<p><strong>FEDEX Internationaler Versand \u2013 individuelle <\/strong><br \/>\n<a href=\"https:\/\/vegesmak.pl\/#kontakt\"><strong>Preise Schreiben Sie uns f\u00fcr Details!<\/strong><\/a><\/p>\n<\/div>\n<\/div>\n<\/div>\n","protected":false},"featured_media":2935,"comment_status":"open","ping_status":"closed","template":"","meta":{"_monsterinsights_skip_tracking":false,"_monsterinsights_sitenote_active":false,"_monsterinsights_sitenote_note":"","_monsterinsights_sitenote_category":0},"product_brand":[],"product_cat":[45],"product_tag":[],"class_list":{"0":"post-2952","1":"product","2":"type-product","3":"status-publish","4":"has-post-thumbnail","6":"product_cat-sery","8":"first","9":"instock","10":"shipping-taxable","11":"purchasable","12":"product-type-simple"},"yoast_head":"<!-- This site is optimized with the Yoast SEO plugin v27.1.1 - https:\/\/yoast.com\/product\/yoast-seo-wordpress\/ -->\n<title>Der Kicher Erbe - pflanzliche K\u00e4sealternative - Vegesmak - alternatywa dla wyrob\u00f3w mi\u0119snych<\/title>\n<meta name=\"description\" content=\"Vegesmak, alternatywa dla wyrob\u00f3w mi\u0119snych, Der Kicher Erbe - pflanzliche K\u00e4sealternative, par\u00f3wki bez mi\u0119sa, nie zawiera sk\u0142adnik\u00f3w pochodzenia zwierz\u0119cego\" \/>\n<meta name=\"robots\" content=\"index, follow, max-snippet:-1, max-image-preview:large, max-video-preview:-1\" \/>\n<link rel=\"canonical\" href=\"https:\/\/vegesmak.pl\/de\/produkt\/twarda-cieciorka-roslinna-alternatywa-dla-serow\/\" \/>\n<meta property=\"og:locale\" content=\"de_DE\" \/>\n<meta property=\"og:type\" content=\"article\" \/>\n<meta property=\"og:title\" content=\"Der Kicher Erbe - pflanzliche K\u00e4sealternative - Vegesmak - alternatywa dla wyrob\u00f3w mi\u0119snych\" \/>\n<meta property=\"og:description\" content=\"Vegesmak, alternatywa dla wyrob\u00f3w mi\u0119snych, Der Kicher Erbe - pflanzliche K\u00e4sealternative, par\u00f3wki bez mi\u0119sa, nie zawiera sk\u0142adnik\u00f3w pochodzenia zwierz\u0119cego\" \/>\n<meta property=\"og:url\" content=\"https:\/\/vegesmak.pl\/de\/produkt\/twarda-cieciorka-roslinna-alternatywa-dla-serow\/\" \/>\n<meta property=\"og:site_name\" content=\"Vegesmak\" \/>\n<meta property=\"article:modified_time\" content=\"2024-09-30T11:10:08+00:00\" \/>\n<meta property=\"og:image\" content=\"https:\/\/vegesmak.pl\/wp-content\/uploads\/2022\/08\/twarda-cieciorka.jpg\" \/>\n\t<meta property=\"og:image:width\" content=\"1080\" \/>\n\t<meta property=\"og:image:height\" content=\"1618\" \/>\n\t<meta property=\"og:image:type\" content=\"image\/jpeg\" \/>\n<meta name=\"twitter:card\" content=\"summary_large_image\" \/>\n<script type=\"application\/ld+json\" class=\"yoast-schema-graph\">{\"@context\":\"https:\/\/schema.org\",\"@graph\":[{\"@type\":\"WebPage\",\"@id\":\"https:\/\/vegesmak.pl\/de\/produkt\/twarda-cieciorka-roslinna-alternatywa-dla-serow\/\",\"url\":\"https:\/\/vegesmak.pl\/de\/produkt\/twarda-cieciorka-roslinna-alternatywa-dla-serow\/\",\"name\":\"Der Kicher Erbe - pflanzliche K\u00e4sealternative - Vegesmak - alternatywa dla wyrob\u00f3w mi\u0119snych\",\"isPartOf\":{\"@id\":\"https:\/\/vegesmak.pl\/#website\"},\"primaryImageOfPage\":{\"@id\":\"https:\/\/vegesmak.pl\/de\/produkt\/twarda-cieciorka-roslinna-alternatywa-dla-serow\/#primaryimage\"},\"image\":{\"@id\":\"https:\/\/vegesmak.pl\/de\/produkt\/twarda-cieciorka-roslinna-alternatywa-dla-serow\/#primaryimage\"},\"thumbnailUrl\":\"https:\/\/vegesmak.pl\/wp-content\/uploads\/2022\/08\/twarda-cieciorka.webp\",\"datePublished\":\"2022-08-31T08:28:41+00:00\",\"dateModified\":\"2024-09-30T11:10:08+00:00\",\"description\":\"Vegesmak, alternatywa dla wyrob\u00f3w mi\u0119snych, Der Kicher Erbe - pflanzliche K\u00e4sealternative, par\u00f3wki bez mi\u0119sa, nie zawiera sk\u0142adnik\u00f3w pochodzenia zwierz\u0119cego\",\"breadcrumb\":{\"@id\":\"https:\/\/vegesmak.pl\/de\/produkt\/twarda-cieciorka-roslinna-alternatywa-dla-serow\/#breadcrumb\"},\"inLanguage\":\"de\",\"potentialAction\":[{\"@type\":\"ReadAction\",\"target\":[\"https:\/\/vegesmak.pl\/de\/produkt\/twarda-cieciorka-roslinna-alternatywa-dla-serow\/\"]}]},{\"@type\":\"ImageObject\",\"inLanguage\":\"de\",\"@id\":\"https:\/\/vegesmak.pl\/de\/produkt\/twarda-cieciorka-roslinna-alternatywa-dla-serow\/#primaryimage\",\"url\":\"https:\/\/vegesmak.pl\/wp-content\/uploads\/2022\/08\/twarda-cieciorka.webp\",\"contentUrl\":\"https:\/\/vegesmak.pl\/wp-content\/uploads\/2022\/08\/twarda-cieciorka.webp\",\"width\":1080,\"height\":1618,\"caption\":\"Wegetaria\u0144ski serek twarda cieciorka\"},{\"@type\":\"BreadcrumbList\",\"@id\":\"https:\/\/vegesmak.pl\/de\/produkt\/twarda-cieciorka-roslinna-alternatywa-dla-serow\/#breadcrumb\",\"itemListElement\":[{\"@type\":\"ListItem\",\"position\":1,\"name\":\"Strona g\u0142\u00f3wna\",\"item\":\"https:\/\/vegesmak.pl\/\"},{\"@type\":\"ListItem\",\"position\":2,\"name\":\"Sklep\",\"item\":\"https:\/\/vegesmak.pl\/sklep\/\"},{\"@type\":\"ListItem\",\"position\":3,\"name\":\"Der Kicher Erbe &#8211; pflanzliche K\u00e4sealternative\"}]},{\"@type\":\"WebSite\",\"@id\":\"https:\/\/vegesmak.pl\/#website\",\"url\":\"https:\/\/vegesmak.pl\/\",\"name\":\"Vegesmak\",\"description\":\"\",\"potentialAction\":[{\"@type\":\"SearchAction\",\"target\":{\"@type\":\"EntryPoint\",\"urlTemplate\":\"https:\/\/vegesmak.pl\/?s={search_term_string}\"},\"query-input\":{\"@type\":\"PropertyValueSpecification\",\"valueRequired\":true,\"valueName\":\"search_term_string\"}}],\"inLanguage\":\"de\"}]}<\/script>\n<!-- \/ Yoast SEO plugin. -->","yoast_head_json":{"title":"Der Kicher Erbe - pflanzliche K\u00e4sealternative - Vegesmak - alternatywa dla wyrob\u00f3w mi\u0119snych","description":"Vegesmak, alternatywa dla wyrob\u00f3w mi\u0119snych, Der Kicher Erbe - pflanzliche K\u00e4sealternative, par\u00f3wki bez mi\u0119sa, nie zawiera sk\u0142adnik\u00f3w pochodzenia zwierz\u0119cego","robots":{"index":"index","follow":"follow","max-snippet":"max-snippet:-1","max-image-preview":"max-image-preview:large","max-video-preview":"max-video-preview:-1"},"canonical":"https:\/\/vegesmak.pl\/de\/produkt\/twarda-cieciorka-roslinna-alternatywa-dla-serow\/","og_locale":"de_DE","og_type":"article","og_title":"Der Kicher Erbe - pflanzliche K\u00e4sealternative - Vegesmak - alternatywa dla wyrob\u00f3w mi\u0119snych","og_description":"Vegesmak, alternatywa dla wyrob\u00f3w mi\u0119snych, Der Kicher Erbe - pflanzliche K\u00e4sealternative, par\u00f3wki bez mi\u0119sa, nie zawiera sk\u0142adnik\u00f3w pochodzenia zwierz\u0119cego","og_url":"https:\/\/vegesmak.pl\/de\/produkt\/twarda-cieciorka-roslinna-alternatywa-dla-serow\/","og_site_name":"Vegesmak","article_modified_time":"2024-09-30T11:10:08+00:00","og_image":[{"width":1080,"height":1618,"url":"https:\/\/vegesmak.pl\/wp-content\/uploads\/2022\/08\/twarda-cieciorka.jpg","type":"image\/jpeg"}],"twitter_card":"summary_large_image","schema":{"@context":"https:\/\/schema.org","@graph":[{"@type":"WebPage","@id":"https:\/\/vegesmak.pl\/de\/produkt\/twarda-cieciorka-roslinna-alternatywa-dla-serow\/","url":"https:\/\/vegesmak.pl\/de\/produkt\/twarda-cieciorka-roslinna-alternatywa-dla-serow\/","name":"Der Kicher Erbe - pflanzliche K\u00e4sealternative - Vegesmak - alternatywa dla wyrob\u00f3w mi\u0119snych","isPartOf":{"@id":"https:\/\/vegesmak.pl\/#website"},"primaryImageOfPage":{"@id":"https:\/\/vegesmak.pl\/de\/produkt\/twarda-cieciorka-roslinna-alternatywa-dla-serow\/#primaryimage"},"image":{"@id":"https:\/\/vegesmak.pl\/de\/produkt\/twarda-cieciorka-roslinna-alternatywa-dla-serow\/#primaryimage"},"thumbnailUrl":"https:\/\/vegesmak.pl\/wp-content\/uploads\/2022\/08\/twarda-cieciorka.webp","datePublished":"2022-08-31T08:28:41+00:00","dateModified":"2024-09-30T11:10:08+00:00","description":"Vegesmak, alternatywa dla wyrob\u00f3w mi\u0119snych, Der Kicher Erbe - pflanzliche K\u00e4sealternative, par\u00f3wki bez mi\u0119sa, nie zawiera sk\u0142adnik\u00f3w pochodzenia zwierz\u0119cego","breadcrumb":{"@id":"https:\/\/vegesmak.pl\/de\/produkt\/twarda-cieciorka-roslinna-alternatywa-dla-serow\/#breadcrumb"},"inLanguage":"de","potentialAction":[{"@type":"ReadAction","target":["https:\/\/vegesmak.pl\/de\/produkt\/twarda-cieciorka-roslinna-alternatywa-dla-serow\/"]}]},{"@type":"ImageObject","inLanguage":"de","@id":"https:\/\/vegesmak.pl\/de\/produkt\/twarda-cieciorka-roslinna-alternatywa-dla-serow\/#primaryimage","url":"https:\/\/vegesmak.pl\/wp-content\/uploads\/2022\/08\/twarda-cieciorka.webp","contentUrl":"https:\/\/vegesmak.pl\/wp-content\/uploads\/2022\/08\/twarda-cieciorka.webp","width":1080,"height":1618,"caption":"Wegetaria\u0144ski serek twarda cieciorka"},{"@type":"BreadcrumbList","@id":"https:\/\/vegesmak.pl\/de\/produkt\/twarda-cieciorka-roslinna-alternatywa-dla-serow\/#breadcrumb","itemListElement":[{"@type":"ListItem","position":1,"name":"Strona g\u0142\u00f3wna","item":"https:\/\/vegesmak.pl\/"},{"@type":"ListItem","position":2,"name":"Sklep","item":"https:\/\/vegesmak.pl\/sklep\/"},{"@type":"ListItem","position":3,"name":"Der Kicher Erbe &#8211; pflanzliche K\u00e4sealternative"}]},{"@type":"WebSite","@id":"https:\/\/vegesmak.pl\/#website","url":"https:\/\/vegesmak.pl\/","name":"Vegesmak","description":"","potentialAction":[{"@type":"SearchAction","target":{"@type":"EntryPoint","urlTemplate":"https:\/\/vegesmak.pl\/?s={search_term_string}"},"query-input":{"@type":"PropertyValueSpecification","valueRequired":true,"valueName":"search_term_string"}}],"inLanguage":"de"}]}},"_links":{"self":[{"href":"https:\/\/vegesmak.pl\/de\/wp-json\/wp\/v2\/product\/2952","targetHints":{"allow":["GET"]}}],"collection":[{"href":"https:\/\/vegesmak.pl\/de\/wp-json\/wp\/v2\/product"}],"about":[{"href":"https:\/\/vegesmak.pl\/de\/wp-json\/wp\/v2\/types\/product"}],"replies":[{"embeddable":true,"href":"https:\/\/vegesmak.pl\/de\/wp-json\/wp\/v2\/comments?post=2952"}],"wp:featuredmedia":[{"embeddable":true,"href":"https:\/\/vegesmak.pl\/de\/wp-json\/wp\/v2\/media\/2935"}],"wp:attachment":[{"href":"https:\/\/vegesmak.pl\/de\/wp-json\/wp\/v2\/media?parent=2952"}],"wp:term":[{"taxonomy":"product_brand","embeddable":true,"href":"https:\/\/vegesmak.pl\/de\/wp-json\/wp\/v2\/product_brand?post=2952"},{"taxonomy":"product_cat","embeddable":true,"href":"https:\/\/vegesmak.pl\/de\/wp-json\/wp\/v2\/product_cat?post=2952"},{"taxonomy":"product_tag","embeddable":true,"href":"https:\/\/vegesmak.pl\/de\/wp-json\/wp\/v2\/product_tag?post=2952"}],"curies":[{"name":"wp","href":"https:\/\/api.w.org\/{rel}","templated":true}]}}