{"id":3379,"date":"2022-10-03T18:28:10","date_gmt":"2022-10-03T18:28:10","guid":{"rendered":"https:\/\/vegesmak.pl\/produkt\/sus-ostrego-chi-rzemieslnicza-roslinna-alternatywa-serow-jakosciowych-endorfiny\/"},"modified":"2024-09-30T11:09:44","modified_gmt":"2024-09-30T11:09:44","slug":"sus-ostrego-chi-rzemieslnicza-roslinna-alternatywa-serow-jakosciowych-endorfiny","status":"publish","type":"product","link":"https:\/\/vegesmak.pl\/de\/produkt\/sus-ostrego-chi-rzemieslnicza-roslinna-alternatywa-serow-jakosciowych-endorfiny\/","title":{"rendered":"Ein Fleck vom scharfen CHI &#8211; pflanzliche K\u00e4sealternative"},"content":{"rendered":"","protected":false},"excerpt":{"rendered":"<div>\n<div>Serek d\u0142ugodojrzewaj\u0105cy, p\u00f3\u0142twardy z KIMCHI z w\u0119dzon\u0105 \u015bliwk\u0105 \/ susk\u0105 sechlo\u0144sk\u0105 od <a href=\"https:\/\/las-vegans.pl\/\" target=\"_blank\" rel=\"noopener\">Lasvegans<\/a><\/div>\n<\/div>\n<div><\/div>\n<div><\/div>\n<div><\/div>\n<div>\n<div>Sus to ostre zi\u00f3\u0142ko, kt\u00f3remu pikanterii dodaje KIMCHI LasVegans, papryka chipotle, otoczka z gochugaru i w\u0142osy wyros\u0142y mu chilli.<\/div>\n<div><\/div>\n<div>\n<ul>\n<li>PAPRYCZKA CHILLI bogata w kapsaicyn\u0119 s\u0142u\u017cy zdrowiu. Ostatnie odkrycia wskazuj\u0105, \u017ce oczyszcza drogi oddechowe w przezi\u0119bieniach, pomaga zapobiega\u0107 niekt\u00f3rym nowotworom, dostarcza niezb\u0119dnych witamin i&#8230; ch\u0142odzi (o dziwo, najwy\u017csze spo\u017cycie papryczek chili odnotowuje si\u0119 w gor\u0105cej strefie klimatycznej \u2013 ostra przyprawa powoduje obfite pocenie, a pot, paruj\u0105c, pobiera ciep\u0142o z organizmu, co daje przyjemne wra\u017cenie ch\u0142odu). Ponadto chili wyzwala wydzielanie endorfin, co mo\u017ce wyja\u015bni\u0107 uczucie euforii, jakie ogarnia nas po zjedzeniu porcji pikantnej potrawy. Chili dzia\u0142a korzystnie na serce, obni\u017caj\u0105c poziom cholesterolu, zapobiega zatruciom pokarmowym.<\/li>\n<li>SUSKA SECHLO\u0143SKA, to suszona, a w zasadzie w\u0119dzona \u015bliwka w\u0119gierka. Powinna go\u015bci\u0107 w naszej kuchni cz\u0119\u015bciej, zar\u00f3wno ze wzgl\u0119du na walory od\u017cywcze, jak i smakowe. Suska sechlo\u0144ska to kr\u00f3lowa w\u015br\u00f3d w\u0119dzonych owoc\u00f3w. W suszonych \u015bliwkach znajduje si\u0119 pi\u0119\u0107 razy wi\u0119cej witaminy A ni\u017c w \u015bwie\u017cych owocach. Ze wzgl\u0119du na wysok\u0105 zawarto\u015b\u0107 potasu s\u0105 one zalecane tak\u017ce osobom cierpi\u0105cym na nadci\u015bnienie. Maj\u0105 r\u00f3wnie\u017c w\u0142a\u015bciwo\u015bci uspokajaj\u0105ce i rozweselaj\u0105ce, pomagaj\u0105 odbudowa\u0107 si\u0142y po intensywnym wysi\u0142ku.<\/li>\n<li>KIMCHI zawiera liczne witaminy, zw\u0142aszcza z grupy B, sk\u0142adniki mineralne oraz b\u0142onnik, jednak za jego najwa\u017cniejszy sk\u0142adnik uznaje si\u0119 po\u017cyteczne bakterie Lactobacillus. Wywieraj\u0105 one pozytywny wp\u0142yw na zdrowie &#8211; wspomagaj\u0105 trawienie i reguluj\u0105 prac\u0119 jelit. Hamuj\u0105 tak\u017ce rozw\u00f3j bakterii chorobotw\u00f3rczych, gdy\u017c wytwarzaj\u0105 produkty przemiany \u201etruj\u0105ce\u201d dla innych bakterii. Zwi\u0119kszaj\u0105 r\u00f3wnie\u017c odporno\u015b\u0107 na infekcje i wzmacniaj\u0105 organizm.<\/li>\n<\/ul>\n<div>Endorfin Wam z SUSem Ostrego nie zabraknie.<\/div>\n<\/div>\n<\/div>\n<div><\/div>\n<div>Masa: 140g<\/div>\n<div><\/div>\n<div>Termin przydatno\u015bci do spo\u017cycia 4 tygodnie<\/div>\n<div><\/div>\n<p>&nbsp;<\/p>\n<p>Die Lieferzeit betr\u00e4gt 3-5 Werktage.<\/p>\n<div class=\"elementor-element elementor-element-af273ff elementor-widget elementor-widget-text-editor\" data-id=\"af273ff\" data-element_type=\"widget\" data-widget_type=\"text-editor.default\">\n<div class=\"elementor-widget-container\">\n<div class=\"elementor-text-editor elementor-clearfix\">\n<p><strong>FEDEX Internationaler Versand \u2013 individuelle <\/strong><br \/>\n<a href=\"https:\/\/vegesmak.pl\/#kontakt\"><strong>Preise Schreiben Sie uns f\u00fcr Details!<\/strong><\/a><\/p>\n<\/div>\n<\/div>\n<\/div>\n","protected":false},"featured_media":3048,"comment_status":"open","ping_status":"closed","template":"","meta":{"_monsterinsights_skip_tracking":false,"_monsterinsights_sitenote_active":false,"_monsterinsights_sitenote_note":"","_monsterinsights_sitenote_category":0},"product_brand":[],"product_cat":[45],"product_tag":[],"class_list":{"0":"post-3379","1":"product","2":"type-product","3":"status-publish","4":"has-post-thumbnail","6":"product_cat-sery","8":"first","9":"instock","10":"shipping-taxable","11":"purchasable","12":"product-type-simple"},"yoast_head":"<!-- This site is optimized with the Yoast SEO plugin v27.1.1 - https:\/\/yoast.com\/product\/yoast-seo-wordpress\/ -->\n<title>Ein Fleck vom scharfen CHI - pflanzliche K\u00e4sealternative - Vegesmak - alternatywa dla wyrob\u00f3w mi\u0119snych<\/title>\n<meta name=\"description\" content=\"Vegesmak, alternatywa dla wyrob\u00f3w mi\u0119snych, Ein Fleck vom scharfen CHI - pflanzliche K\u00e4sealternative, par\u00f3wki bez mi\u0119sa, nie zawiera sk\u0142adnik\u00f3w pochodzenia zwierz\u0119cego\" \/>\n<meta name=\"robots\" content=\"index, follow, max-snippet:-1, max-image-preview:large, max-video-preview:-1\" \/>\n<link rel=\"canonical\" href=\"https:\/\/vegesmak.pl\/produkt\/sus-ostrego-chi\/\" \/>\n<meta property=\"og:locale\" content=\"de_DE\" \/>\n<meta property=\"og:type\" content=\"article\" \/>\n<meta property=\"og:title\" content=\"Ein Fleck vom scharfen CHI - pflanzliche K\u00e4sealternative - Vegesmak - alternatywa dla wyrob\u00f3w mi\u0119snych\" \/>\n<meta property=\"og:description\" content=\"Vegesmak, alternatywa dla wyrob\u00f3w mi\u0119snych, Ein Fleck vom scharfen CHI - pflanzliche K\u00e4sealternative, par\u00f3wki bez mi\u0119sa, nie zawiera sk\u0142adnik\u00f3w pochodzenia zwierz\u0119cego\" \/>\n<meta property=\"og:url\" content=\"https:\/\/vegesmak.pl\/produkt\/sus-ostrego-chi\/\" \/>\n<meta property=\"og:site_name\" content=\"Vegesmak\" \/>\n<meta property=\"article:modified_time\" content=\"2024-09-30T11:09:44+00:00\" \/>\n<meta property=\"og:image\" content=\"https:\/\/vegesmak.pl\/wp-content\/uploads\/2022\/10\/sus-ostrego-chii-serek-endorfiny-1.jpg\" \/>\n\t<meta property=\"og:image:width\" content=\"1500\" \/>\n\t<meta property=\"og:image:height\" content=\"2250\" \/>\n\t<meta property=\"og:image:type\" content=\"image\/jpeg\" \/>\n<meta name=\"twitter:card\" content=\"summary_large_image\" \/>\n<script type=\"application\/ld+json\" class=\"yoast-schema-graph\">{\"@context\":\"https:\/\/schema.org\",\"@graph\":[{\"@type\":\"WebPage\",\"@id\":\"https:\/\/vegesmak.pl\/produkt\/sus-ostrego-chi\/\",\"url\":\"https:\/\/vegesmak.pl\/produkt\/sus-ostrego-chi\/\",\"name\":\"Ein Fleck vom scharfen CHI - pflanzliche K\u00e4sealternative - Vegesmak - alternatywa dla wyrob\u00f3w mi\u0119snych\",\"isPartOf\":{\"@id\":\"https:\/\/vegesmak.pl\/#website\"},\"primaryImageOfPage\":{\"@id\":\"https:\/\/vegesmak.pl\/produkt\/sus-ostrego-chi\/#primaryimage\"},\"image\":{\"@id\":\"https:\/\/vegesmak.pl\/produkt\/sus-ostrego-chi\/#primaryimage\"},\"thumbnailUrl\":\"https:\/\/vegesmak.pl\/wp-content\/uploads\/2022\/10\/sus-ostrego-chii-serek-endorfiny-1.webp\",\"datePublished\":\"2022-10-03T18:28:10+00:00\",\"dateModified\":\"2024-09-30T11:09:44+00:00\",\"description\":\"Vegesmak, alternatywa dla wyrob\u00f3w mi\u0119snych, Ein Fleck vom scharfen CHI - pflanzliche K\u00e4sealternative, par\u00f3wki bez mi\u0119sa, nie zawiera sk\u0142adnik\u00f3w pochodzenia zwierz\u0119cego\",\"breadcrumb\":{\"@id\":\"https:\/\/vegesmak.pl\/produkt\/sus-ostrego-chi\/#breadcrumb\"},\"inLanguage\":\"de\",\"potentialAction\":[{\"@type\":\"ReadAction\",\"target\":[\"https:\/\/vegesmak.pl\/produkt\/sus-ostrego-chi\/\"]}]},{\"@type\":\"ImageObject\",\"inLanguage\":\"de\",\"@id\":\"https:\/\/vegesmak.pl\/produkt\/sus-ostrego-chi\/#primaryimage\",\"url\":\"https:\/\/vegesmak.pl\/wp-content\/uploads\/2022\/10\/sus-ostrego-chii-serek-endorfiny-1.webp\",\"contentUrl\":\"https:\/\/vegesmak.pl\/wp-content\/uploads\/2022\/10\/sus-ostrego-chii-serek-endorfiny-1.webp\",\"width\":1500,\"height\":2250,\"caption\":\"Sus ostego Chii - ro\u015blinna alternatywa ser\u00f3w od Endorfiny\"},{\"@type\":\"BreadcrumbList\",\"@id\":\"https:\/\/vegesmak.pl\/produkt\/sus-ostrego-chi\/#breadcrumb\",\"itemListElement\":[{\"@type\":\"ListItem\",\"position\":1,\"name\":\"Strona g\u0142\u00f3wna\",\"item\":\"https:\/\/vegesmak.pl\/\"},{\"@type\":\"ListItem\",\"position\":2,\"name\":\"Sklep\",\"item\":\"https:\/\/vegesmak.pl\/sklep\/\"},{\"@type\":\"ListItem\",\"position\":3,\"name\":\"Ein Fleck vom scharfen CHI &#8211; pflanzliche K\u00e4sealternative\"}]},{\"@type\":\"WebSite\",\"@id\":\"https:\/\/vegesmak.pl\/#website\",\"url\":\"https:\/\/vegesmak.pl\/\",\"name\":\"Vegesmak\",\"description\":\"\",\"potentialAction\":[{\"@type\":\"SearchAction\",\"target\":{\"@type\":\"EntryPoint\",\"urlTemplate\":\"https:\/\/vegesmak.pl\/?s={search_term_string}\"},\"query-input\":{\"@type\":\"PropertyValueSpecification\",\"valueRequired\":true,\"valueName\":\"search_term_string\"}}],\"inLanguage\":\"de\"}]}<\/script>\n<!-- \/ Yoast SEO plugin. -->","yoast_head_json":{"title":"Ein Fleck vom scharfen CHI - pflanzliche K\u00e4sealternative - Vegesmak - alternatywa dla wyrob\u00f3w mi\u0119snych","description":"Vegesmak, alternatywa dla wyrob\u00f3w mi\u0119snych, Ein Fleck vom scharfen CHI - pflanzliche K\u00e4sealternative, par\u00f3wki bez mi\u0119sa, nie zawiera sk\u0142adnik\u00f3w pochodzenia zwierz\u0119cego","robots":{"index":"index","follow":"follow","max-snippet":"max-snippet:-1","max-image-preview":"max-image-preview:large","max-video-preview":"max-video-preview:-1"},"canonical":"https:\/\/vegesmak.pl\/produkt\/sus-ostrego-chi\/","og_locale":"de_DE","og_type":"article","og_title":"Ein Fleck vom scharfen CHI - pflanzliche K\u00e4sealternative - Vegesmak - alternatywa dla wyrob\u00f3w mi\u0119snych","og_description":"Vegesmak, alternatywa dla wyrob\u00f3w mi\u0119snych, Ein Fleck vom scharfen CHI - pflanzliche K\u00e4sealternative, par\u00f3wki bez mi\u0119sa, nie zawiera sk\u0142adnik\u00f3w pochodzenia zwierz\u0119cego","og_url":"https:\/\/vegesmak.pl\/produkt\/sus-ostrego-chi\/","og_site_name":"Vegesmak","article_modified_time":"2024-09-30T11:09:44+00:00","og_image":[{"width":1500,"height":2250,"url":"https:\/\/vegesmak.pl\/wp-content\/uploads\/2022\/10\/sus-ostrego-chii-serek-endorfiny-1.jpg","type":"image\/jpeg"}],"twitter_card":"summary_large_image","schema":{"@context":"https:\/\/schema.org","@graph":[{"@type":"WebPage","@id":"https:\/\/vegesmak.pl\/produkt\/sus-ostrego-chi\/","url":"https:\/\/vegesmak.pl\/produkt\/sus-ostrego-chi\/","name":"Ein Fleck vom scharfen CHI - pflanzliche K\u00e4sealternative - Vegesmak - alternatywa dla wyrob\u00f3w mi\u0119snych","isPartOf":{"@id":"https:\/\/vegesmak.pl\/#website"},"primaryImageOfPage":{"@id":"https:\/\/vegesmak.pl\/produkt\/sus-ostrego-chi\/#primaryimage"},"image":{"@id":"https:\/\/vegesmak.pl\/produkt\/sus-ostrego-chi\/#primaryimage"},"thumbnailUrl":"https:\/\/vegesmak.pl\/wp-content\/uploads\/2022\/10\/sus-ostrego-chii-serek-endorfiny-1.webp","datePublished":"2022-10-03T18:28:10+00:00","dateModified":"2024-09-30T11:09:44+00:00","description":"Vegesmak, alternatywa dla wyrob\u00f3w mi\u0119snych, Ein Fleck vom scharfen CHI - pflanzliche K\u00e4sealternative, par\u00f3wki bez mi\u0119sa, nie zawiera sk\u0142adnik\u00f3w pochodzenia zwierz\u0119cego","breadcrumb":{"@id":"https:\/\/vegesmak.pl\/produkt\/sus-ostrego-chi\/#breadcrumb"},"inLanguage":"de","potentialAction":[{"@type":"ReadAction","target":["https:\/\/vegesmak.pl\/produkt\/sus-ostrego-chi\/"]}]},{"@type":"ImageObject","inLanguage":"de","@id":"https:\/\/vegesmak.pl\/produkt\/sus-ostrego-chi\/#primaryimage","url":"https:\/\/vegesmak.pl\/wp-content\/uploads\/2022\/10\/sus-ostrego-chii-serek-endorfiny-1.webp","contentUrl":"https:\/\/vegesmak.pl\/wp-content\/uploads\/2022\/10\/sus-ostrego-chii-serek-endorfiny-1.webp","width":1500,"height":2250,"caption":"Sus ostego Chii - ro\u015blinna alternatywa ser\u00f3w od Endorfiny"},{"@type":"BreadcrumbList","@id":"https:\/\/vegesmak.pl\/produkt\/sus-ostrego-chi\/#breadcrumb","itemListElement":[{"@type":"ListItem","position":1,"name":"Strona g\u0142\u00f3wna","item":"https:\/\/vegesmak.pl\/"},{"@type":"ListItem","position":2,"name":"Sklep","item":"https:\/\/vegesmak.pl\/sklep\/"},{"@type":"ListItem","position":3,"name":"Ein Fleck vom scharfen CHI &#8211; pflanzliche K\u00e4sealternative"}]},{"@type":"WebSite","@id":"https:\/\/vegesmak.pl\/#website","url":"https:\/\/vegesmak.pl\/","name":"Vegesmak","description":"","potentialAction":[{"@type":"SearchAction","target":{"@type":"EntryPoint","urlTemplate":"https:\/\/vegesmak.pl\/?s={search_term_string}"},"query-input":{"@type":"PropertyValueSpecification","valueRequired":true,"valueName":"search_term_string"}}],"inLanguage":"de"}]}},"_links":{"self":[{"href":"https:\/\/vegesmak.pl\/de\/wp-json\/wp\/v2\/product\/3379","targetHints":{"allow":["GET"]}}],"collection":[{"href":"https:\/\/vegesmak.pl\/de\/wp-json\/wp\/v2\/product"}],"about":[{"href":"https:\/\/vegesmak.pl\/de\/wp-json\/wp\/v2\/types\/product"}],"replies":[{"embeddable":true,"href":"https:\/\/vegesmak.pl\/de\/wp-json\/wp\/v2\/comments?post=3379"}],"wp:featuredmedia":[{"embeddable":true,"href":"https:\/\/vegesmak.pl\/de\/wp-json\/wp\/v2\/media\/3048"}],"wp:attachment":[{"href":"https:\/\/vegesmak.pl\/de\/wp-json\/wp\/v2\/media?parent=3379"}],"wp:term":[{"taxonomy":"product_brand","embeddable":true,"href":"https:\/\/vegesmak.pl\/de\/wp-json\/wp\/v2\/product_brand?post=3379"},{"taxonomy":"product_cat","embeddable":true,"href":"https:\/\/vegesmak.pl\/de\/wp-json\/wp\/v2\/product_cat?post=3379"},{"taxonomy":"product_tag","embeddable":true,"href":"https:\/\/vegesmak.pl\/de\/wp-json\/wp\/v2\/product_tag?post=3379"}],"curies":[{"name":"wp","href":"https:\/\/api.w.org\/{rel}","templated":true}]}}