{"id":3539,"date":"2023-01-23T11:04:22","date_gmt":"2023-01-23T11:04:22","guid":{"rendered":"https:\/\/vegesmak.pl\/produkt\/gluten-pszenny\/"},"modified":"2024-01-29T16:35:27","modified_gmt":"2024-01-29T16:35:27","slug":"gluten-pszenny","status":"publish","type":"product","link":"https:\/\/vegesmak.pl\/de\/produkt\/gluten-pszenny\/","title":{"rendered":"Gluten pszenny"},"content":{"rendered":"","protected":false},"excerpt":{"rendered":"<p><span style=\"color: #61ce70;\">Sk\u0142adniki:<\/span> bia\u0142ko pszenne 100%. Produkt mo\u017ce zawiera\u0107 <strong>orzechy, sezam,<\/strong> <strong> soj\u0119<\/strong>.<\/p>\n<p>Das Produkt enth\u00e4lt keine Inhaltsstoffe tierischen Ursprungs!<\/p>\n<p>Warto\u015b\u0107 od\u017cywcza na 100g produktu<br \/>\nWarto\u015b\u0107 energetyczna | 409 kcal<br \/>\nT\u0142uszcz | 6.4g<br \/>\n(w tym kwasy t\u0142uszczowe nasycone) 1.2g<br \/>\nW\u0119glowodany | 7.9g<br \/>\n(w tym cukry) | 1.3g<br \/>\nB\u0142onnik | 0.7g<br \/>\nBia\u0142ko | 79.5g<br \/>\nS\u00f3l | 0.04g<\/p>\n<p>Die Lieferzeit betr\u00e4gt 3-5 Werktage.<\/p>\n<div class=\"elementor-element elementor-element-af273ff elementor-widget elementor-widget-text-editor\" data-id=\"af273ff\" data-element_type=\"widget\" data-widget_type=\"text-editor.default\">\n<div class=\"elementor-widget-container\">\n<div class=\"elementor-text-editor elementor-clearfix\">\n<p><strong>FEDEX Internationaler Versand \u2013 individuelle <\/strong><br \/>\n<a href=\"https:\/\/vegesmak.pl\/#kontakt\"><strong>Preise Schreiben Sie uns f\u00fcr Details!<\/strong><\/a><\/p>\n<\/div>\n<\/div>\n<\/div>\n","protected":false},"featured_media":3526,"comment_status":"open","ping_status":"closed","template":"","meta":{"_monsterinsights_skip_tracking":false,"_monsterinsights_sitenote_active":false,"_monsterinsights_sitenote_note":"","_monsterinsights_sitenote_category":0},"product_brand":[],"product_cat":[24],"product_tag":[],"class_list":{"0":"post-3539","1":"product","2":"type-product","3":"status-publish","4":"has-post-thumbnail","6":"product_cat-bez-kategorii","8":"first","9":"instock","10":"shipping-taxable","11":"purchasable","12":"product-type-simple"},"yoast_head":"<!-- This site is optimized with the Yoast SEO plugin v27.1.1 - https:\/\/yoast.com\/product\/yoast-seo-wordpress\/ -->\n<title>Gluten pszenny - Vegesmak<\/title>\n<meta name=\"robots\" content=\"index, follow, max-snippet:-1, max-image-preview:large, max-video-preview:-1\" \/>\n<link rel=\"canonical\" href=\"https:\/\/vegesmak.pl\/de\/produkt\/gluten-pszenny\/\" \/>\n<meta property=\"og:locale\" content=\"de_DE\" \/>\n<meta property=\"og:type\" content=\"article\" \/>\n<meta property=\"og:title\" content=\"Gluten pszenny - Vegesmak\" \/>\n<meta property=\"og:description\" content=\"Sk\u0142adniki: bia\u0142ko pszenne 100%. Produkt mo\u017ce zawiera\u0107 orzechy, sezam, soj\u0119. Das Produkt enth\u00e4lt keine Inhaltsstoffe tierischen Ursprungs! Warto\u015b\u0107 od\u017cywcza na 100g produktu Warto\u015b\u0107 energetyczna | 409 kcal T\u0142uszcz | 6.4g (w tym kwasy t\u0142uszczowe nasycone) 1.2g W\u0119glowodany | 7.9g (w tym cukry) | 1.3g B\u0142onnik | 0.7g Bia\u0142ko | 79.5g S\u00f3l | 0.04g Die Lieferzeit betr\u00e4gt 3-5 Werktage.   FEDEX Internationaler Versand \u2013 individuelle Preise Schreiben Sie uns f\u00fcr Details!\" \/>\n<meta property=\"og:url\" content=\"https:\/\/vegesmak.pl\/de\/produkt\/gluten-pszenny\/\" \/>\n<meta property=\"og:site_name\" content=\"Vegesmak\" \/>\n<meta property=\"article:modified_time\" content=\"2024-01-29T16:35:27+00:00\" \/>\n<meta property=\"og:image\" content=\"https:\/\/vegesmak.pl\/wp-content\/uploads\/2023\/01\/Gluten-pszenny-Bialko-Seitan-scaled.jpeg\" \/>\n\t<meta property=\"og:image:width\" content=\"1975\" \/>\n\t<meta property=\"og:image:height\" content=\"2560\" \/>\n\t<meta property=\"og:image:type\" content=\"image\/jpeg\" \/>\n<meta name=\"twitter:card\" content=\"summary_large_image\" \/>\n<script type=\"application\/ld+json\" class=\"yoast-schema-graph\">{\"@context\":\"https:\/\/schema.org\",\"@graph\":[{\"@type\":\"WebPage\",\"@id\":\"https:\/\/vegesmak.pl\/de\/produkt\/gluten-pszenny\/\",\"url\":\"https:\/\/vegesmak.pl\/de\/produkt\/gluten-pszenny\/\",\"name\":\"Gluten pszenny - Vegesmak\",\"isPartOf\":{\"@id\":\"https:\/\/vegesmak.pl\/#website\"},\"primaryImageOfPage\":{\"@id\":\"https:\/\/vegesmak.pl\/de\/produkt\/gluten-pszenny\/#primaryimage\"},\"image\":{\"@id\":\"https:\/\/vegesmak.pl\/de\/produkt\/gluten-pszenny\/#primaryimage\"},\"thumbnailUrl\":\"https:\/\/vegesmak.pl\/wp-content\/uploads\/2023\/01\/Gluten-pszenny-Bialko-Seitan-scaled.webp\",\"datePublished\":\"2023-01-23T11:04:22+00:00\",\"dateModified\":\"2024-01-29T16:35:27+00:00\",\"breadcrumb\":{\"@id\":\"https:\/\/vegesmak.pl\/de\/produkt\/gluten-pszenny\/#breadcrumb\"},\"inLanguage\":\"de\",\"potentialAction\":[{\"@type\":\"ReadAction\",\"target\":[\"https:\/\/vegesmak.pl\/de\/produkt\/gluten-pszenny\/\"]}]},{\"@type\":\"ImageObject\",\"inLanguage\":\"de\",\"@id\":\"https:\/\/vegesmak.pl\/de\/produkt\/gluten-pszenny\/#primaryimage\",\"url\":\"https:\/\/vegesmak.pl\/wp-content\/uploads\/2023\/01\/Gluten-pszenny-Bialko-Seitan-scaled.webp\",\"contentUrl\":\"https:\/\/vegesmak.pl\/wp-content\/uploads\/2023\/01\/Gluten-pszenny-Bialko-Seitan-scaled.webp\",\"width\":1975,\"height\":2560,\"caption\":\"Gluten pszenny Bia\u0142ko Seitan\"},{\"@type\":\"BreadcrumbList\",\"@id\":\"https:\/\/vegesmak.pl\/de\/produkt\/gluten-pszenny\/#breadcrumb\",\"itemListElement\":[{\"@type\":\"ListItem\",\"position\":1,\"name\":\"Strona g\u0142\u00f3wna\",\"item\":\"https:\/\/vegesmak.pl\/\"},{\"@type\":\"ListItem\",\"position\":2,\"name\":\"Sklep\",\"item\":\"https:\/\/vegesmak.pl\/sklep\/\"},{\"@type\":\"ListItem\",\"position\":3,\"name\":\"Gluten pszenny\"}]},{\"@type\":\"WebSite\",\"@id\":\"https:\/\/vegesmak.pl\/#website\",\"url\":\"https:\/\/vegesmak.pl\/\",\"name\":\"Vegesmak\",\"description\":\"\",\"potentialAction\":[{\"@type\":\"SearchAction\",\"target\":{\"@type\":\"EntryPoint\",\"urlTemplate\":\"https:\/\/vegesmak.pl\/?s={search_term_string}\"},\"query-input\":{\"@type\":\"PropertyValueSpecification\",\"valueRequired\":true,\"valueName\":\"search_term_string\"}}],\"inLanguage\":\"de\"}]}<\/script>\n<!-- \/ Yoast SEO plugin. -->","yoast_head_json":{"title":"Gluten pszenny - Vegesmak","robots":{"index":"index","follow":"follow","max-snippet":"max-snippet:-1","max-image-preview":"max-image-preview:large","max-video-preview":"max-video-preview:-1"},"canonical":"https:\/\/vegesmak.pl\/de\/produkt\/gluten-pszenny\/","og_locale":"de_DE","og_type":"article","og_title":"Gluten pszenny - Vegesmak","og_description":"Sk\u0142adniki: bia\u0142ko pszenne 100%. Produkt mo\u017ce zawiera\u0107 orzechy, sezam, soj\u0119. Das Produkt enth\u00e4lt keine Inhaltsstoffe tierischen Ursprungs! Warto\u015b\u0107 od\u017cywcza na 100g produktu Warto\u015b\u0107 energetyczna | 409 kcal T\u0142uszcz | 6.4g (w tym kwasy t\u0142uszczowe nasycone) 1.2g W\u0119glowodany | 7.9g (w tym cukry) | 1.3g B\u0142onnik | 0.7g Bia\u0142ko | 79.5g S\u00f3l | 0.04g Die Lieferzeit betr\u00e4gt 3-5 Werktage.   FEDEX Internationaler Versand \u2013 individuelle Preise Schreiben Sie uns f\u00fcr Details!","og_url":"https:\/\/vegesmak.pl\/de\/produkt\/gluten-pszenny\/","og_site_name":"Vegesmak","article_modified_time":"2024-01-29T16:35:27+00:00","og_image":[{"width":1975,"height":2560,"url":"https:\/\/vegesmak.pl\/wp-content\/uploads\/2023\/01\/Gluten-pszenny-Bialko-Seitan-scaled.jpeg","type":"image\/jpeg"}],"twitter_card":"summary_large_image","schema":{"@context":"https:\/\/schema.org","@graph":[{"@type":"WebPage","@id":"https:\/\/vegesmak.pl\/de\/produkt\/gluten-pszenny\/","url":"https:\/\/vegesmak.pl\/de\/produkt\/gluten-pszenny\/","name":"Gluten pszenny - Vegesmak","isPartOf":{"@id":"https:\/\/vegesmak.pl\/#website"},"primaryImageOfPage":{"@id":"https:\/\/vegesmak.pl\/de\/produkt\/gluten-pszenny\/#primaryimage"},"image":{"@id":"https:\/\/vegesmak.pl\/de\/produkt\/gluten-pszenny\/#primaryimage"},"thumbnailUrl":"https:\/\/vegesmak.pl\/wp-content\/uploads\/2023\/01\/Gluten-pszenny-Bialko-Seitan-scaled.webp","datePublished":"2023-01-23T11:04:22+00:00","dateModified":"2024-01-29T16:35:27+00:00","breadcrumb":{"@id":"https:\/\/vegesmak.pl\/de\/produkt\/gluten-pszenny\/#breadcrumb"},"inLanguage":"de","potentialAction":[{"@type":"ReadAction","target":["https:\/\/vegesmak.pl\/de\/produkt\/gluten-pszenny\/"]}]},{"@type":"ImageObject","inLanguage":"de","@id":"https:\/\/vegesmak.pl\/de\/produkt\/gluten-pszenny\/#primaryimage","url":"https:\/\/vegesmak.pl\/wp-content\/uploads\/2023\/01\/Gluten-pszenny-Bialko-Seitan-scaled.webp","contentUrl":"https:\/\/vegesmak.pl\/wp-content\/uploads\/2023\/01\/Gluten-pszenny-Bialko-Seitan-scaled.webp","width":1975,"height":2560,"caption":"Gluten pszenny Bia\u0142ko Seitan"},{"@type":"BreadcrumbList","@id":"https:\/\/vegesmak.pl\/de\/produkt\/gluten-pszenny\/#breadcrumb","itemListElement":[{"@type":"ListItem","position":1,"name":"Strona g\u0142\u00f3wna","item":"https:\/\/vegesmak.pl\/"},{"@type":"ListItem","position":2,"name":"Sklep","item":"https:\/\/vegesmak.pl\/sklep\/"},{"@type":"ListItem","position":3,"name":"Gluten pszenny"}]},{"@type":"WebSite","@id":"https:\/\/vegesmak.pl\/#website","url":"https:\/\/vegesmak.pl\/","name":"Vegesmak","description":"","potentialAction":[{"@type":"SearchAction","target":{"@type":"EntryPoint","urlTemplate":"https:\/\/vegesmak.pl\/?s={search_term_string}"},"query-input":{"@type":"PropertyValueSpecification","valueRequired":true,"valueName":"search_term_string"}}],"inLanguage":"de"}]}},"_links":{"self":[{"href":"https:\/\/vegesmak.pl\/de\/wp-json\/wp\/v2\/product\/3539","targetHints":{"allow":["GET"]}}],"collection":[{"href":"https:\/\/vegesmak.pl\/de\/wp-json\/wp\/v2\/product"}],"about":[{"href":"https:\/\/vegesmak.pl\/de\/wp-json\/wp\/v2\/types\/product"}],"replies":[{"embeddable":true,"href":"https:\/\/vegesmak.pl\/de\/wp-json\/wp\/v2\/comments?post=3539"}],"wp:featuredmedia":[{"embeddable":true,"href":"https:\/\/vegesmak.pl\/de\/wp-json\/wp\/v2\/media\/3526"}],"wp:attachment":[{"href":"https:\/\/vegesmak.pl\/de\/wp-json\/wp\/v2\/media?parent=3539"}],"wp:term":[{"taxonomy":"product_brand","embeddable":true,"href":"https:\/\/vegesmak.pl\/de\/wp-json\/wp\/v2\/product_brand?post=3539"},{"taxonomy":"product_cat","embeddable":true,"href":"https:\/\/vegesmak.pl\/de\/wp-json\/wp\/v2\/product_cat?post=3539"},{"taxonomy":"product_tag","embeddable":true,"href":"https:\/\/vegesmak.pl\/de\/wp-json\/wp\/v2\/product_tag?post=3539"}],"curies":[{"name":"wp","href":"https:\/\/api.w.org\/{rel}","templated":true}]}}