{"id":3576,"date":"2023-02-02T10:18:43","date_gmt":"2023-02-02T10:18:43","guid":{"rendered":"https:\/\/vegesmak.pl\/produkt\/babushka-vege-sos\/"},"modified":"2024-01-29T16:38:25","modified_gmt":"2024-01-29T16:38:25","slug":"babushka-vege-sos","status":"publish","type":"product","link":"https:\/\/vegesmak.pl\/de\/produkt\/babushka-vege-sos\/","title":{"rendered":"Babushka vege &#8211; Sos"},"content":{"rendered":"","protected":false},"excerpt":{"rendered":"<p><span style=\"color: #61ce70;\">Sk\u0142adniki:<\/span> przecier pomidorowy, powid\u0142a \u015bliwkowe, sok z jag\u00f3d, ocet jab\u0142kowy, woda, cukier, syrop z agawy, susz papryki habanero, s\u00f3l<\/p>\n<p>Das Produkt enth\u00e4lt keine Inhaltsstoffe tierischen Ursprungs!<\/p>\n<p>Ostro\u015b\u0107 sosu, cho\u0107 znacz\u0105ca i niedaj\u0105ca si\u0119 pomin\u0105\u0107 pozwala si\u0119 cieszy\u0107 smakiem \u015bliwek i jag\u00f3d wzmocnionych papryk\u0105 Habanero.<\/p>\n<p>Die Lieferzeit betr\u00e4gt 3-5 Werktage.<\/p>\n<div class=\"elementor-element elementor-element-af273ff elementor-widget elementor-widget-text-editor\" data-id=\"af273ff\" data-element_type=\"widget\" data-widget_type=\"text-editor.default\">\n<div class=\"elementor-widget-container\">\n<div class=\"elementor-text-editor elementor-clearfix\">\n<p><strong>FEDEX Internationaler Versand \u2013 individuelle <\/strong><br \/>\n<a href=\"https:\/\/vegesmak.pl\/#kontakt\"><strong>Preise Schreiben Sie uns f\u00fcr Details!<\/strong><\/a><\/p>\n<\/div>\n<\/div>\n<\/div>\n","protected":false},"featured_media":3574,"comment_status":"open","ping_status":"closed","template":"","meta":{"_monsterinsights_skip_tracking":false,"_monsterinsights_sitenote_active":false,"_monsterinsights_sitenote_note":"","_monsterinsights_sitenote_category":0},"product_brand":[],"product_cat":[24],"product_tag":[],"class_list":{"0":"post-3576","1":"product","2":"type-product","3":"status-publish","4":"has-post-thumbnail","6":"product_cat-bez-kategorii","8":"first","9":"instock","10":"shipping-taxable","11":"purchasable","12":"product-type-simple"},"yoast_head":"<!-- This site is optimized with the Yoast SEO plugin v27.1.1 - https:\/\/yoast.com\/product\/yoast-seo-wordpress\/ -->\n<title>Babushka vege - Sos - Vegesmak<\/title>\n<meta name=\"robots\" content=\"index, follow, max-snippet:-1, max-image-preview:large, max-video-preview:-1\" \/>\n<link rel=\"canonical\" href=\"https:\/\/vegesmak.pl\/de\/produkt\/babushka-vege-sos\/\" \/>\n<meta property=\"og:locale\" content=\"de_DE\" \/>\n<meta property=\"og:type\" content=\"article\" \/>\n<meta property=\"og:title\" content=\"Babushka vege - Sos - Vegesmak\" \/>\n<meta property=\"og:description\" content=\"Sk\u0142adniki: przecier pomidorowy, powid\u0142a \u015bliwkowe, sok z jag\u00f3d, ocet jab\u0142kowy, woda, cukier, syrop z agawy, susz papryki habanero, s\u00f3l Das Produkt enth\u00e4lt keine Inhaltsstoffe tierischen Ursprungs! Ostro\u015b\u0107 sosu, cho\u0107 znacz\u0105ca i niedaj\u0105ca si\u0119 pomin\u0105\u0107 pozwala si\u0119 cieszy\u0107 smakiem \u015bliwek i jag\u00f3d wzmocnionych papryk\u0105 Habanero. Die Lieferzeit betr\u00e4gt 3-5 Werktage.   FEDEX Internationaler Versand \u2013 individuelle Preise Schreiben Sie uns f\u00fcr Details!\" \/>\n<meta property=\"og:url\" content=\"https:\/\/vegesmak.pl\/de\/produkt\/babushka-vege-sos\/\" \/>\n<meta property=\"og:site_name\" content=\"Vegesmak\" \/>\n<meta property=\"article:modified_time\" content=\"2024-01-29T16:38:25+00:00\" \/>\n<meta property=\"og:image\" content=\"https:\/\/vegesmak.pl\/wp-content\/uploads\/2023\/02\/Sos-Babushka-Vege.png\" \/>\n\t<meta property=\"og:image:width\" content=\"1414\" \/>\n\t<meta property=\"og:image:height\" content=\"2000\" \/>\n\t<meta property=\"og:image:type\" content=\"image\/png\" \/>\n<meta name=\"twitter:card\" content=\"summary_large_image\" \/>\n<script type=\"application\/ld+json\" class=\"yoast-schema-graph\">{\"@context\":\"https:\/\/schema.org\",\"@graph\":[{\"@type\":\"WebPage\",\"@id\":\"https:\/\/vegesmak.pl\/de\/produkt\/babushka-vege-sos\/\",\"url\":\"https:\/\/vegesmak.pl\/de\/produkt\/babushka-vege-sos\/\",\"name\":\"Babushka vege - Sos - Vegesmak\",\"isPartOf\":{\"@id\":\"https:\/\/vegesmak.pl\/#website\"},\"primaryImageOfPage\":{\"@id\":\"https:\/\/vegesmak.pl\/de\/produkt\/babushka-vege-sos\/#primaryimage\"},\"image\":{\"@id\":\"https:\/\/vegesmak.pl\/de\/produkt\/babushka-vege-sos\/#primaryimage\"},\"thumbnailUrl\":\"https:\/\/vegesmak.pl\/wp-content\/uploads\/2023\/02\/Sos-Babushka-Vege.webp\",\"datePublished\":\"2023-02-02T10:18:43+00:00\",\"dateModified\":\"2024-01-29T16:38:25+00:00\",\"breadcrumb\":{\"@id\":\"https:\/\/vegesmak.pl\/de\/produkt\/babushka-vege-sos\/#breadcrumb\"},\"inLanguage\":\"de\",\"potentialAction\":[{\"@type\":\"ReadAction\",\"target\":[\"https:\/\/vegesmak.pl\/de\/produkt\/babushka-vege-sos\/\"]}]},{\"@type\":\"ImageObject\",\"inLanguage\":\"de\",\"@id\":\"https:\/\/vegesmak.pl\/de\/produkt\/babushka-vege-sos\/#primaryimage\",\"url\":\"https:\/\/vegesmak.pl\/wp-content\/uploads\/2023\/02\/Sos-Babushka-Vege.webp\",\"contentUrl\":\"https:\/\/vegesmak.pl\/wp-content\/uploads\/2023\/02\/Sos-Babushka-Vege.webp\",\"width\":1414,\"height\":2000,\"caption\":\"Sos Babushka Vege\"},{\"@type\":\"BreadcrumbList\",\"@id\":\"https:\/\/vegesmak.pl\/de\/produkt\/babushka-vege-sos\/#breadcrumb\",\"itemListElement\":[{\"@type\":\"ListItem\",\"position\":1,\"name\":\"Strona g\u0142\u00f3wna\",\"item\":\"https:\/\/vegesmak.pl\/\"},{\"@type\":\"ListItem\",\"position\":2,\"name\":\"Sklep\",\"item\":\"https:\/\/vegesmak.pl\/sklep\/\"},{\"@type\":\"ListItem\",\"position\":3,\"name\":\"Babushka vege &#8211; Sos\"}]},{\"@type\":\"WebSite\",\"@id\":\"https:\/\/vegesmak.pl\/#website\",\"url\":\"https:\/\/vegesmak.pl\/\",\"name\":\"Vegesmak\",\"description\":\"\",\"potentialAction\":[{\"@type\":\"SearchAction\",\"target\":{\"@type\":\"EntryPoint\",\"urlTemplate\":\"https:\/\/vegesmak.pl\/?s={search_term_string}\"},\"query-input\":{\"@type\":\"PropertyValueSpecification\",\"valueRequired\":true,\"valueName\":\"search_term_string\"}}],\"inLanguage\":\"de\"}]}<\/script>\n<!-- \/ Yoast SEO plugin. -->","yoast_head_json":{"title":"Babushka vege - Sos - Vegesmak","robots":{"index":"index","follow":"follow","max-snippet":"max-snippet:-1","max-image-preview":"max-image-preview:large","max-video-preview":"max-video-preview:-1"},"canonical":"https:\/\/vegesmak.pl\/de\/produkt\/babushka-vege-sos\/","og_locale":"de_DE","og_type":"article","og_title":"Babushka vege - Sos - Vegesmak","og_description":"Sk\u0142adniki: przecier pomidorowy, powid\u0142a \u015bliwkowe, sok z jag\u00f3d, ocet jab\u0142kowy, woda, cukier, syrop z agawy, susz papryki habanero, s\u00f3l Das Produkt enth\u00e4lt keine Inhaltsstoffe tierischen Ursprungs! Ostro\u015b\u0107 sosu, cho\u0107 znacz\u0105ca i niedaj\u0105ca si\u0119 pomin\u0105\u0107 pozwala si\u0119 cieszy\u0107 smakiem \u015bliwek i jag\u00f3d wzmocnionych papryk\u0105 Habanero. Die Lieferzeit betr\u00e4gt 3-5 Werktage.   FEDEX Internationaler Versand \u2013 individuelle Preise Schreiben Sie uns f\u00fcr Details!","og_url":"https:\/\/vegesmak.pl\/de\/produkt\/babushka-vege-sos\/","og_site_name":"Vegesmak","article_modified_time":"2024-01-29T16:38:25+00:00","og_image":[{"width":1414,"height":2000,"url":"https:\/\/vegesmak.pl\/wp-content\/uploads\/2023\/02\/Sos-Babushka-Vege.png","type":"image\/png"}],"twitter_card":"summary_large_image","schema":{"@context":"https:\/\/schema.org","@graph":[{"@type":"WebPage","@id":"https:\/\/vegesmak.pl\/de\/produkt\/babushka-vege-sos\/","url":"https:\/\/vegesmak.pl\/de\/produkt\/babushka-vege-sos\/","name":"Babushka vege - Sos - Vegesmak","isPartOf":{"@id":"https:\/\/vegesmak.pl\/#website"},"primaryImageOfPage":{"@id":"https:\/\/vegesmak.pl\/de\/produkt\/babushka-vege-sos\/#primaryimage"},"image":{"@id":"https:\/\/vegesmak.pl\/de\/produkt\/babushka-vege-sos\/#primaryimage"},"thumbnailUrl":"https:\/\/vegesmak.pl\/wp-content\/uploads\/2023\/02\/Sos-Babushka-Vege.webp","datePublished":"2023-02-02T10:18:43+00:00","dateModified":"2024-01-29T16:38:25+00:00","breadcrumb":{"@id":"https:\/\/vegesmak.pl\/de\/produkt\/babushka-vege-sos\/#breadcrumb"},"inLanguage":"de","potentialAction":[{"@type":"ReadAction","target":["https:\/\/vegesmak.pl\/de\/produkt\/babushka-vege-sos\/"]}]},{"@type":"ImageObject","inLanguage":"de","@id":"https:\/\/vegesmak.pl\/de\/produkt\/babushka-vege-sos\/#primaryimage","url":"https:\/\/vegesmak.pl\/wp-content\/uploads\/2023\/02\/Sos-Babushka-Vege.webp","contentUrl":"https:\/\/vegesmak.pl\/wp-content\/uploads\/2023\/02\/Sos-Babushka-Vege.webp","width":1414,"height":2000,"caption":"Sos Babushka Vege"},{"@type":"BreadcrumbList","@id":"https:\/\/vegesmak.pl\/de\/produkt\/babushka-vege-sos\/#breadcrumb","itemListElement":[{"@type":"ListItem","position":1,"name":"Strona g\u0142\u00f3wna","item":"https:\/\/vegesmak.pl\/"},{"@type":"ListItem","position":2,"name":"Sklep","item":"https:\/\/vegesmak.pl\/sklep\/"},{"@type":"ListItem","position":3,"name":"Babushka vege &#8211; Sos"}]},{"@type":"WebSite","@id":"https:\/\/vegesmak.pl\/#website","url":"https:\/\/vegesmak.pl\/","name":"Vegesmak","description":"","potentialAction":[{"@type":"SearchAction","target":{"@type":"EntryPoint","urlTemplate":"https:\/\/vegesmak.pl\/?s={search_term_string}"},"query-input":{"@type":"PropertyValueSpecification","valueRequired":true,"valueName":"search_term_string"}}],"inLanguage":"de"}]}},"_links":{"self":[{"href":"https:\/\/vegesmak.pl\/de\/wp-json\/wp\/v2\/product\/3576","targetHints":{"allow":["GET"]}}],"collection":[{"href":"https:\/\/vegesmak.pl\/de\/wp-json\/wp\/v2\/product"}],"about":[{"href":"https:\/\/vegesmak.pl\/de\/wp-json\/wp\/v2\/types\/product"}],"replies":[{"embeddable":true,"href":"https:\/\/vegesmak.pl\/de\/wp-json\/wp\/v2\/comments?post=3576"}],"wp:featuredmedia":[{"embeddable":true,"href":"https:\/\/vegesmak.pl\/de\/wp-json\/wp\/v2\/media\/3574"}],"wp:attachment":[{"href":"https:\/\/vegesmak.pl\/de\/wp-json\/wp\/v2\/media?parent=3576"}],"wp:term":[{"taxonomy":"product_brand","embeddable":true,"href":"https:\/\/vegesmak.pl\/de\/wp-json\/wp\/v2\/product_brand?post=3576"},{"taxonomy":"product_cat","embeddable":true,"href":"https:\/\/vegesmak.pl\/de\/wp-json\/wp\/v2\/product_cat?post=3576"},{"taxonomy":"product_tag","embeddable":true,"href":"https:\/\/vegesmak.pl\/de\/wp-json\/wp\/v2\/product_tag?post=3576"}],"curies":[{"name":"wp","href":"https:\/\/api.w.org\/{rel}","templated":true}]}}