{"id":386,"date":"2020-04-09T14:03:04","date_gmt":"2020-04-09T14:03:04","guid":{"rendered":"https:\/\/vegesmak.pl\/produkt\/vegeklasyczna\/"},"modified":"2024-01-30T21:02:16","modified_gmt":"2024-01-30T21:02:16","slug":"vegeklasyczna","status":"publish","type":"product","link":"https:\/\/vegesmak.pl\/de\/produkt\/vegeklasyczna\/","title":{"rendered":"Klassiche wurst-art 400g"},"content":{"rendered":"","protected":false},"excerpt":{"rendered":"<p><span style=\"color: #61ce70;\">Zutaten<\/span>: Wasser, Weizenprotein, Pflanzen\u00f6l (Kokosnuss), Sojaprotein, Gew\u00fcrze, Salz, Aromen, Gew\u00fcrzextrakte, Farbstoffe: Pfefferkonzentrat, Bockshornklee-Extrakt, R\u00fcbensaftkonzentrat, Eisenoxide.<\/p>\n<p>Das Produkt enth\u00e4lt keine Inhaltsstoffe tierischen Ursprungs!<\/p>\n<p>N\u00e4hrwert \/ 100 g Produkt<br \/>\nEnergiewert \/ 1053 kJ &#8211; 251 kcal<br \/>\nFett \/ 12,9 g<br \/>\n(einschlie\u00dflich ges\u00e4ttigter S\u00e4uren) 0,4 g<br \/>\nKohlenhydrate \/ 10g<br \/>\n(einschlie\u00dflich Zucker) \/ 1,6 g<br \/>\nProtein \/ 23,7 g<br \/>\nSalz \/1,8g<\/p>\n<p>Die Lieferzeit betr\u00e4gt 3-5 Werktage.<\/p>\n<div class=\"elementor-element elementor-element-af273ff elementor-widget elementor-widget-text-editor\" data-id=\"af273ff\" data-element_type=\"widget\" data-widget_type=\"text-editor.default\">\n<div class=\"elementor-widget-container\">\n<div class=\"elementor-text-editor elementor-clearfix\">\n<p><strong>FEDEX Internationaler Versand \u2013 individuelle <\/strong><br \/>\n<a href=\"https:\/\/vegesmak.pl\/#kontakt\"><strong>Preise Schreiben Sie uns f\u00fcr Details!<\/strong><\/a><\/p>\n<\/div>\n<\/div>\n<\/div>\n","protected":false},"featured_media":1877,"comment_status":"open","ping_status":"closed","template":"","meta":{"_monsterinsights_skip_tracking":false,"_monsterinsights_sitenote_active":false,"_monsterinsights_sitenote_note":"","_monsterinsights_sitenote_category":0},"product_brand":[],"product_cat":[26],"product_tag":[],"class_list":{"0":"post-386","1":"product","2":"type-product","3":"status-publish","4":"has-post-thumbnail","6":"product_cat-pl","8":"first","9":"instock","10":"shipping-taxable","11":"purchasable","12":"product-type-simple"},"yoast_head":"<!-- This site is optimized with the Yoast SEO plugin v27.4 - https:\/\/yoast.com\/product\/yoast-seo-wordpress\/ -->\n<title>Klassiche wurst-art 400g - Vegesmak - alternatywa dla wyrob\u00f3w mi\u0119snych<\/title>\n<meta name=\"description\" content=\"Vegesmak, alternatywa dla wyrob\u00f3w mi\u0119snych, Klassiche wurst-art 400g, kie\u0142abasa bez mi\u0119sa, nie zawiera sk\u0142adnik\u00f3w pochodzenia zwierz\u0119cego\" \/>\n<meta name=\"robots\" content=\"index, follow, max-snippet:-1, max-image-preview:large, max-video-preview:-1\" \/>\n<link rel=\"canonical\" href=\"https:\/\/vegesmak.pl\/de\/produkt\/vegeklasyczna\/\" \/>\n<meta property=\"og:locale\" content=\"de_DE\" \/>\n<meta property=\"og:type\" content=\"article\" \/>\n<meta property=\"og:title\" content=\"Klassiche wurst-art 400g - Vegesmak - alternatywa dla wyrob\u00f3w mi\u0119snych\" \/>\n<meta property=\"og:description\" content=\"Vegesmak, alternatywa dla wyrob\u00f3w mi\u0119snych, Klassiche wurst-art 400g, kie\u0142abasa bez mi\u0119sa, nie zawiera sk\u0142adnik\u00f3w pochodzenia zwierz\u0119cego\" \/>\n<meta property=\"og:url\" content=\"https:\/\/vegesmak.pl\/de\/produkt\/vegeklasyczna\/\" \/>\n<meta property=\"og:site_name\" content=\"Vegesmak\" \/>\n<meta property=\"article:modified_time\" content=\"2024-01-30T21:02:16+00:00\" \/>\n<meta property=\"og:image\" content=\"https:\/\/vegesmak.pl\/wp-content\/uploads\/2020\/04\/1-2.jpg\" \/>\n\t<meta property=\"og:image:width\" content=\"2000\" \/>\n\t<meta property=\"og:image:height\" content=\"1333\" \/>\n\t<meta property=\"og:image:type\" content=\"image\/jpeg\" \/>\n<meta name=\"twitter:card\" content=\"summary_large_image\" \/>\n<meta name=\"twitter:label1\" content=\"Gesch\u00e4tzte Lesezeit\" \/>\n\t<meta name=\"twitter:data1\" content=\"1\u00a0Minute\" \/>\n<script type=\"application\/ld+json\" class=\"yoast-schema-graph\">{\"@context\":\"https:\\\/\\\/schema.org\",\"@graph\":[{\"@type\":\"WebPage\",\"@id\":\"https:\\\/\\\/vegesmak.pl\\\/de\\\/produkt\\\/vegeklasyczna\\\/\",\"url\":\"https:\\\/\\\/vegesmak.pl\\\/de\\\/produkt\\\/vegeklasyczna\\\/\",\"name\":\"Klassiche wurst-art 400g - Vegesmak - alternatywa dla wyrob\u00f3w mi\u0119snych\",\"isPartOf\":{\"@id\":\"https:\\\/\\\/vegesmak.pl\\\/#website\"},\"primaryImageOfPage\":{\"@id\":\"https:\\\/\\\/vegesmak.pl\\\/de\\\/produkt\\\/vegeklasyczna\\\/#primaryimage\"},\"image\":{\"@id\":\"https:\\\/\\\/vegesmak.pl\\\/de\\\/produkt\\\/vegeklasyczna\\\/#primaryimage\"},\"thumbnailUrl\":\"https:\\\/\\\/vegesmak.pl\\\/wp-content\\\/uploads\\\/2020\\\/04\\\/1-2.webp\",\"datePublished\":\"2020-04-09T14:03:04+00:00\",\"dateModified\":\"2024-01-30T21:02:16+00:00\",\"description\":\"Vegesmak, alternatywa dla wyrob\u00f3w mi\u0119snych, Klassiche wurst-art 400g, kie\u0142abasa bez mi\u0119sa, nie zawiera sk\u0142adnik\u00f3w pochodzenia zwierz\u0119cego\",\"breadcrumb\":{\"@id\":\"https:\\\/\\\/vegesmak.pl\\\/de\\\/produkt\\\/vegeklasyczna\\\/#breadcrumb\"},\"inLanguage\":\"de\",\"potentialAction\":[{\"@type\":\"ReadAction\",\"target\":[\"https:\\\/\\\/vegesmak.pl\\\/de\\\/produkt\\\/vegeklasyczna\\\/\"]}]},{\"@type\":\"ImageObject\",\"inLanguage\":\"de\",\"@id\":\"https:\\\/\\\/vegesmak.pl\\\/de\\\/produkt\\\/vegeklasyczna\\\/#primaryimage\",\"url\":\"https:\\\/\\\/vegesmak.pl\\\/wp-content\\\/uploads\\\/2020\\\/04\\\/1-2.webp\",\"contentUrl\":\"https:\\\/\\\/vegesmak.pl\\\/wp-content\\\/uploads\\\/2020\\\/04\\\/1-2.webp\",\"width\":2000,\"height\":1333,\"caption\":\"Vege Klasyczna\"},{\"@type\":\"BreadcrumbList\",\"@id\":\"https:\\\/\\\/vegesmak.pl\\\/de\\\/produkt\\\/vegeklasyczna\\\/#breadcrumb\",\"itemListElement\":[{\"@type\":\"ListItem\",\"position\":1,\"name\":\"Strona g\u0142\u00f3wna\",\"item\":\"https:\\\/\\\/vegesmak.pl\\\/\"},{\"@type\":\"ListItem\",\"position\":2,\"name\":\"Sklep\",\"item\":\"https:\\\/\\\/vegesmak.pl\\\/sklep\\\/\"},{\"@type\":\"ListItem\",\"position\":3,\"name\":\"Klassiche wurst-art 400g\"}]},{\"@type\":\"WebSite\",\"@id\":\"https:\\\/\\\/vegesmak.pl\\\/#website\",\"url\":\"https:\\\/\\\/vegesmak.pl\\\/\",\"name\":\"Vegesmak\",\"description\":\"\",\"potentialAction\":[{\"@type\":\"SearchAction\",\"target\":{\"@type\":\"EntryPoint\",\"urlTemplate\":\"https:\\\/\\\/vegesmak.pl\\\/?s={search_term_string}\"},\"query-input\":{\"@type\":\"PropertyValueSpecification\",\"valueRequired\":true,\"valueName\":\"search_term_string\"}}],\"inLanguage\":\"de\"}]}<\/script>\n<!-- \/ Yoast SEO plugin. -->","yoast_head_json":{"title":"Klassiche wurst-art 400g - Vegesmak - alternatywa dla wyrob\u00f3w mi\u0119snych","description":"Vegesmak, alternatywa dla wyrob\u00f3w mi\u0119snych, Klassiche wurst-art 400g, kie\u0142abasa bez mi\u0119sa, nie zawiera sk\u0142adnik\u00f3w pochodzenia zwierz\u0119cego","robots":{"index":"index","follow":"follow","max-snippet":"max-snippet:-1","max-image-preview":"max-image-preview:large","max-video-preview":"max-video-preview:-1"},"canonical":"https:\/\/vegesmak.pl\/de\/produkt\/vegeklasyczna\/","og_locale":"de_DE","og_type":"article","og_title":"Klassiche wurst-art 400g - Vegesmak - alternatywa dla wyrob\u00f3w mi\u0119snych","og_description":"Vegesmak, alternatywa dla wyrob\u00f3w mi\u0119snych, Klassiche wurst-art 400g, kie\u0142abasa bez mi\u0119sa, nie zawiera sk\u0142adnik\u00f3w pochodzenia zwierz\u0119cego","og_url":"https:\/\/vegesmak.pl\/de\/produkt\/vegeklasyczna\/","og_site_name":"Vegesmak","article_modified_time":"2024-01-30T21:02:16+00:00","og_image":[{"width":2000,"height":1333,"url":"https:\/\/vegesmak.pl\/wp-content\/uploads\/2020\/04\/1-2.jpg","type":"image\/jpeg"}],"twitter_card":"summary_large_image","twitter_misc":{"Gesch\u00e4tzte Lesezeit":"1\u00a0Minute"},"schema":{"@context":"https:\/\/schema.org","@graph":[{"@type":"WebPage","@id":"https:\/\/vegesmak.pl\/de\/produkt\/vegeklasyczna\/","url":"https:\/\/vegesmak.pl\/de\/produkt\/vegeklasyczna\/","name":"Klassiche wurst-art 400g - Vegesmak - alternatywa dla wyrob\u00f3w mi\u0119snych","isPartOf":{"@id":"https:\/\/vegesmak.pl\/#website"},"primaryImageOfPage":{"@id":"https:\/\/vegesmak.pl\/de\/produkt\/vegeklasyczna\/#primaryimage"},"image":{"@id":"https:\/\/vegesmak.pl\/de\/produkt\/vegeklasyczna\/#primaryimage"},"thumbnailUrl":"https:\/\/vegesmak.pl\/wp-content\/uploads\/2020\/04\/1-2.webp","datePublished":"2020-04-09T14:03:04+00:00","dateModified":"2024-01-30T21:02:16+00:00","description":"Vegesmak, alternatywa dla wyrob\u00f3w mi\u0119snych, Klassiche wurst-art 400g, kie\u0142abasa bez mi\u0119sa, nie zawiera sk\u0142adnik\u00f3w pochodzenia zwierz\u0119cego","breadcrumb":{"@id":"https:\/\/vegesmak.pl\/de\/produkt\/vegeklasyczna\/#breadcrumb"},"inLanguage":"de","potentialAction":[{"@type":"ReadAction","target":["https:\/\/vegesmak.pl\/de\/produkt\/vegeklasyczna\/"]}]},{"@type":"ImageObject","inLanguage":"de","@id":"https:\/\/vegesmak.pl\/de\/produkt\/vegeklasyczna\/#primaryimage","url":"https:\/\/vegesmak.pl\/wp-content\/uploads\/2020\/04\/1-2.webp","contentUrl":"https:\/\/vegesmak.pl\/wp-content\/uploads\/2020\/04\/1-2.webp","width":2000,"height":1333,"caption":"Vege Klasyczna"},{"@type":"BreadcrumbList","@id":"https:\/\/vegesmak.pl\/de\/produkt\/vegeklasyczna\/#breadcrumb","itemListElement":[{"@type":"ListItem","position":1,"name":"Strona g\u0142\u00f3wna","item":"https:\/\/vegesmak.pl\/"},{"@type":"ListItem","position":2,"name":"Sklep","item":"https:\/\/vegesmak.pl\/sklep\/"},{"@type":"ListItem","position":3,"name":"Klassiche wurst-art 400g"}]},{"@type":"WebSite","@id":"https:\/\/vegesmak.pl\/#website","url":"https:\/\/vegesmak.pl\/","name":"Vegesmak","description":"","potentialAction":[{"@type":"SearchAction","target":{"@type":"EntryPoint","urlTemplate":"https:\/\/vegesmak.pl\/?s={search_term_string}"},"query-input":{"@type":"PropertyValueSpecification","valueRequired":true,"valueName":"search_term_string"}}],"inLanguage":"de"}]}},"_links":{"self":[{"href":"https:\/\/vegesmak.pl\/de\/wp-json\/wp\/v2\/product\/386","targetHints":{"allow":["GET"]}}],"collection":[{"href":"https:\/\/vegesmak.pl\/de\/wp-json\/wp\/v2\/product"}],"about":[{"href":"https:\/\/vegesmak.pl\/de\/wp-json\/wp\/v2\/types\/product"}],"replies":[{"embeddable":true,"href":"https:\/\/vegesmak.pl\/de\/wp-json\/wp\/v2\/comments?post=386"}],"wp:featuredmedia":[{"embeddable":true,"href":"https:\/\/vegesmak.pl\/de\/wp-json\/wp\/v2\/media\/1877"}],"wp:attachment":[{"href":"https:\/\/vegesmak.pl\/de\/wp-json\/wp\/v2\/media?parent=386"}],"wp:term":[{"taxonomy":"product_brand","embeddable":true,"href":"https:\/\/vegesmak.pl\/de\/wp-json\/wp\/v2\/product_brand?post=386"},{"taxonomy":"product_cat","embeddable":true,"href":"https:\/\/vegesmak.pl\/de\/wp-json\/wp\/v2\/product_cat?post=386"},{"taxonomy":"product_tag","embeddable":true,"href":"https:\/\/vegesmak.pl\/de\/wp-json\/wp\/v2\/product_tag?post=386"}],"curies":[{"name":"wp","href":"https:\/\/api.w.org\/{rel}","templated":true}]}}