{"id":4858,"date":"2023-09-29T07:14:12","date_gmt":"2023-09-29T07:14:12","guid":{"rendered":"https:\/\/vegesmak.pl\/produkt\/no-1-vege-govda\/"},"modified":"2024-02-07T13:31:50","modified_gmt":"2024-02-07T13:31:50","slug":"no-1-vege-govda","status":"publish","type":"product","link":"https:\/\/vegesmak.pl\/de\/produkt\/no-1-vege-govda\/","title":{"rendered":"No 1 Vege Govda"},"content":{"rendered":"","protected":false},"excerpt":{"rendered":"<div>Pflanzliches Produkt, ged\u00e4mpft, laktosefrei, f\u00fcr Veganer und Vegetarier geeignet. Enth\u00e4lt K\u00e4searoma.<\/div>\n<div><\/div>\n<div>\n<div><\/div>\n<div><span style=\"color: #61ce70;\">Zutaten:<\/span> Wasser, Pflanzen\u00f6l (Kokosnuss), modifizierte Kartoffelst\u00e4rke, K\u00e4searoma (2,3 %), Salz, Farbstoff: Distelkonzentrat; Zitronens\u00e4ure.<\/div>\n<div>\n<div><\/div>\n<div>Kann enthalten: Weizen, Soja, Sellerie und Senf.<br \/>\nVakuumverpacktes Produkt.<\/div>\n<div>\n<div><\/div>\n<div>Bei einer Temperatur von 2 \u00b0C bis 6 \u00b0C lagern. Nach dem \u00d6ffnen innerhalb von 3 Tagen verbrauchen.<br \/>\nDas Verfallsdatum ist zugleich die Chargennummer.<\/div>\n<div>\n<div><\/div>\n<div>N\u00e4hrwerte in 100g:<br \/>\n282 kcal\/ 1180 kJ<br \/>\nFett \u2013 22g<br \/>\neinschlie\u00dflich ges\u00e4ttigter Fetts\u00e4uren \u2013 20g<br \/>\nProtein \u2013 0g<br \/>\nKohlenhydrate \u2013 20g<br \/>\neinschlie\u00dflich Zucker \u2013 0,2 g<br \/>\nSalz \u2013 2,7 g<\/div>\n<\/div>\n<div><\/div>\n<\/div>\n<\/div>\n<\/div>\n","protected":false},"featured_media":4212,"comment_status":"open","ping_status":"closed","template":"","meta":{"_monsterinsights_skip_tracking":false,"_monsterinsights_sitenote_active":false,"_monsterinsights_sitenote_note":"","_monsterinsights_sitenote_category":0},"product_brand":[],"product_cat":[45],"product_tag":[],"class_list":{"0":"post-4858","1":"product","2":"type-product","3":"status-publish","4":"has-post-thumbnail","6":"product_cat-sery","8":"first","9":"instock","10":"shipping-taxable","11":"purchasable","12":"product-type-simple"},"yoast_head":"<!-- This site is optimized with the Yoast SEO plugin v27.1.1 - https:\/\/yoast.com\/product\/yoast-seo-wordpress\/ -->\n<title>No 1 Vege Govda - Vegesmak<\/title>\n<meta name=\"robots\" content=\"index, follow, max-snippet:-1, max-image-preview:large, max-video-preview:-1\" \/>\n<link rel=\"canonical\" href=\"https:\/\/vegesmak.pl\/de\/produkt\/no-1-vege-govda\/\" \/>\n<meta property=\"og:locale\" content=\"de_DE\" \/>\n<meta property=\"og:type\" content=\"article\" \/>\n<meta property=\"og:title\" content=\"No 1 Vege Govda - Vegesmak\" \/>\n<meta property=\"og:description\" content=\"Pflanzliches Produkt, ged\u00e4mpft, laktosefrei, f\u00fcr Veganer und Vegetarier geeignet. Enth\u00e4lt K\u00e4searoma.    Zutaten: Wasser, Pflanzen\u00f6l (Kokosnuss), modifizierte Kartoffelst\u00e4rke, K\u00e4searoma (2,3 %), Salz, Farbstoff: Distelkonzentrat; Zitronens\u00e4ure.   Kann enthalten: Weizen, Soja, Sellerie und Senf. Vakuumverpacktes Produkt.   Bei einer Temperatur von 2 \u00b0C bis 6 \u00b0C lagern. Nach dem \u00d6ffnen innerhalb von 3 Tagen verbrauchen. Das Verfallsdatum ist zugleich die Chargennummer.   N\u00e4hrwerte in 100g: 282 kcal\/ 1180 kJ Fett \u2013 22g einschlie\u00dflich ges\u00e4ttigter Fetts\u00e4uren \u2013 20g Protein \u2013 0g Kohlenhydrate \u2013 20g einschlie\u00dflich Zucker \u2013 0,2 g Salz \u2013 2,7 g\" \/>\n<meta property=\"og:url\" content=\"https:\/\/vegesmak.pl\/de\/produkt\/no-1-vege-govda\/\" \/>\n<meta property=\"og:site_name\" content=\"Vegesmak\" \/>\n<meta property=\"article:modified_time\" content=\"2024-02-07T13:31:50+00:00\" \/>\n<meta property=\"og:image\" content=\"https:\/\/vegesmak.pl\/wp-content\/uploads\/2023\/06\/Weganski-ser-Gouda.jpg\" \/>\n\t<meta property=\"og:image:width\" content=\"1080\" \/>\n\t<meta property=\"og:image:height\" content=\"1920\" \/>\n\t<meta property=\"og:image:type\" content=\"image\/jpeg\" \/>\n<meta name=\"twitter:card\" content=\"summary_large_image\" \/>\n<meta name=\"twitter:label1\" content=\"Gesch\u00e4tzte Lesezeit\" \/>\n\t<meta name=\"twitter:data1\" content=\"1\u00a0Minute\" \/>\n<script type=\"application\/ld+json\" class=\"yoast-schema-graph\">{\"@context\":\"https:\/\/schema.org\",\"@graph\":[{\"@type\":\"WebPage\",\"@id\":\"https:\/\/vegesmak.pl\/de\/produkt\/no-1-vege-govda\/\",\"url\":\"https:\/\/vegesmak.pl\/de\/produkt\/no-1-vege-govda\/\",\"name\":\"No 1 Vege Govda - Vegesmak\",\"isPartOf\":{\"@id\":\"https:\/\/vegesmak.pl\/#website\"},\"primaryImageOfPage\":{\"@id\":\"https:\/\/vegesmak.pl\/de\/produkt\/no-1-vege-govda\/#primaryimage\"},\"image\":{\"@id\":\"https:\/\/vegesmak.pl\/de\/produkt\/no-1-vege-govda\/#primaryimage\"},\"thumbnailUrl\":\"https:\/\/vegesmak.pl\/wp-content\/uploads\/2023\/06\/Weganski-ser-Gouda.webp\",\"datePublished\":\"2023-09-29T07:14:12+00:00\",\"dateModified\":\"2024-02-07T13:31:50+00:00\",\"breadcrumb\":{\"@id\":\"https:\/\/vegesmak.pl\/de\/produkt\/no-1-vege-govda\/#breadcrumb\"},\"inLanguage\":\"de\",\"potentialAction\":[{\"@type\":\"ReadAction\",\"target\":[\"https:\/\/vegesmak.pl\/de\/produkt\/no-1-vege-govda\/\"]}]},{\"@type\":\"ImageObject\",\"inLanguage\":\"de\",\"@id\":\"https:\/\/vegesmak.pl\/de\/produkt\/no-1-vege-govda\/#primaryimage\",\"url\":\"https:\/\/vegesmak.pl\/wp-content\/uploads\/2023\/06\/Weganski-ser-Gouda.webp\",\"contentUrl\":\"https:\/\/vegesmak.pl\/wp-content\/uploads\/2023\/06\/Weganski-ser-Gouda.webp\",\"width\":1080,\"height\":1920,\"caption\":\"Wega\u0144ski ser Gouda\"},{\"@type\":\"BreadcrumbList\",\"@id\":\"https:\/\/vegesmak.pl\/de\/produkt\/no-1-vege-govda\/#breadcrumb\",\"itemListElement\":[{\"@type\":\"ListItem\",\"position\":1,\"name\":\"Strona g\u0142\u00f3wna\",\"item\":\"https:\/\/vegesmak.pl\/\"},{\"@type\":\"ListItem\",\"position\":2,\"name\":\"Sklep\",\"item\":\"https:\/\/vegesmak.pl\/sklep\/\"},{\"@type\":\"ListItem\",\"position\":3,\"name\":\"No 1 Vege Govda\"}]},{\"@type\":\"WebSite\",\"@id\":\"https:\/\/vegesmak.pl\/#website\",\"url\":\"https:\/\/vegesmak.pl\/\",\"name\":\"Vegesmak\",\"description\":\"\",\"potentialAction\":[{\"@type\":\"SearchAction\",\"target\":{\"@type\":\"EntryPoint\",\"urlTemplate\":\"https:\/\/vegesmak.pl\/?s={search_term_string}\"},\"query-input\":{\"@type\":\"PropertyValueSpecification\",\"valueRequired\":true,\"valueName\":\"search_term_string\"}}],\"inLanguage\":\"de\"}]}<\/script>\n<!-- \/ Yoast SEO plugin. -->","yoast_head_json":{"title":"No 1 Vege Govda - Vegesmak","robots":{"index":"index","follow":"follow","max-snippet":"max-snippet:-1","max-image-preview":"max-image-preview:large","max-video-preview":"max-video-preview:-1"},"canonical":"https:\/\/vegesmak.pl\/de\/produkt\/no-1-vege-govda\/","og_locale":"de_DE","og_type":"article","og_title":"No 1 Vege Govda - Vegesmak","og_description":"Pflanzliches Produkt, ged\u00e4mpft, laktosefrei, f\u00fcr Veganer und Vegetarier geeignet. Enth\u00e4lt K\u00e4searoma.    Zutaten: Wasser, Pflanzen\u00f6l (Kokosnuss), modifizierte Kartoffelst\u00e4rke, K\u00e4searoma (2,3 %), Salz, Farbstoff: Distelkonzentrat; Zitronens\u00e4ure.   Kann enthalten: Weizen, Soja, Sellerie und Senf. Vakuumverpacktes Produkt.   Bei einer Temperatur von 2 \u00b0C bis 6 \u00b0C lagern. Nach dem \u00d6ffnen innerhalb von 3 Tagen verbrauchen. Das Verfallsdatum ist zugleich die Chargennummer.   N\u00e4hrwerte in 100g: 282 kcal\/ 1180 kJ Fett \u2013 22g einschlie\u00dflich ges\u00e4ttigter Fetts\u00e4uren \u2013 20g Protein \u2013 0g Kohlenhydrate \u2013 20g einschlie\u00dflich Zucker \u2013 0,2 g Salz \u2013 2,7 g","og_url":"https:\/\/vegesmak.pl\/de\/produkt\/no-1-vege-govda\/","og_site_name":"Vegesmak","article_modified_time":"2024-02-07T13:31:50+00:00","og_image":[{"width":1080,"height":1920,"url":"https:\/\/vegesmak.pl\/wp-content\/uploads\/2023\/06\/Weganski-ser-Gouda.jpg","type":"image\/jpeg"}],"twitter_card":"summary_large_image","twitter_misc":{"Gesch\u00e4tzte Lesezeit":"1\u00a0Minute"},"schema":{"@context":"https:\/\/schema.org","@graph":[{"@type":"WebPage","@id":"https:\/\/vegesmak.pl\/de\/produkt\/no-1-vege-govda\/","url":"https:\/\/vegesmak.pl\/de\/produkt\/no-1-vege-govda\/","name":"No 1 Vege Govda - Vegesmak","isPartOf":{"@id":"https:\/\/vegesmak.pl\/#website"},"primaryImageOfPage":{"@id":"https:\/\/vegesmak.pl\/de\/produkt\/no-1-vege-govda\/#primaryimage"},"image":{"@id":"https:\/\/vegesmak.pl\/de\/produkt\/no-1-vege-govda\/#primaryimage"},"thumbnailUrl":"https:\/\/vegesmak.pl\/wp-content\/uploads\/2023\/06\/Weganski-ser-Gouda.webp","datePublished":"2023-09-29T07:14:12+00:00","dateModified":"2024-02-07T13:31:50+00:00","breadcrumb":{"@id":"https:\/\/vegesmak.pl\/de\/produkt\/no-1-vege-govda\/#breadcrumb"},"inLanguage":"de","potentialAction":[{"@type":"ReadAction","target":["https:\/\/vegesmak.pl\/de\/produkt\/no-1-vege-govda\/"]}]},{"@type":"ImageObject","inLanguage":"de","@id":"https:\/\/vegesmak.pl\/de\/produkt\/no-1-vege-govda\/#primaryimage","url":"https:\/\/vegesmak.pl\/wp-content\/uploads\/2023\/06\/Weganski-ser-Gouda.webp","contentUrl":"https:\/\/vegesmak.pl\/wp-content\/uploads\/2023\/06\/Weganski-ser-Gouda.webp","width":1080,"height":1920,"caption":"Wega\u0144ski ser Gouda"},{"@type":"BreadcrumbList","@id":"https:\/\/vegesmak.pl\/de\/produkt\/no-1-vege-govda\/#breadcrumb","itemListElement":[{"@type":"ListItem","position":1,"name":"Strona g\u0142\u00f3wna","item":"https:\/\/vegesmak.pl\/"},{"@type":"ListItem","position":2,"name":"Sklep","item":"https:\/\/vegesmak.pl\/sklep\/"},{"@type":"ListItem","position":3,"name":"No 1 Vege Govda"}]},{"@type":"WebSite","@id":"https:\/\/vegesmak.pl\/#website","url":"https:\/\/vegesmak.pl\/","name":"Vegesmak","description":"","potentialAction":[{"@type":"SearchAction","target":{"@type":"EntryPoint","urlTemplate":"https:\/\/vegesmak.pl\/?s={search_term_string}"},"query-input":{"@type":"PropertyValueSpecification","valueRequired":true,"valueName":"search_term_string"}}],"inLanguage":"de"}]}},"_links":{"self":[{"href":"https:\/\/vegesmak.pl\/de\/wp-json\/wp\/v2\/product\/4858","targetHints":{"allow":["GET"]}}],"collection":[{"href":"https:\/\/vegesmak.pl\/de\/wp-json\/wp\/v2\/product"}],"about":[{"href":"https:\/\/vegesmak.pl\/de\/wp-json\/wp\/v2\/types\/product"}],"replies":[{"embeddable":true,"href":"https:\/\/vegesmak.pl\/de\/wp-json\/wp\/v2\/comments?post=4858"}],"wp:featuredmedia":[{"embeddable":true,"href":"https:\/\/vegesmak.pl\/de\/wp-json\/wp\/v2\/media\/4212"}],"wp:attachment":[{"href":"https:\/\/vegesmak.pl\/de\/wp-json\/wp\/v2\/media?parent=4858"}],"wp:term":[{"taxonomy":"product_brand","embeddable":true,"href":"https:\/\/vegesmak.pl\/de\/wp-json\/wp\/v2\/product_brand?post=4858"},{"taxonomy":"product_cat","embeddable":true,"href":"https:\/\/vegesmak.pl\/de\/wp-json\/wp\/v2\/product_cat?post=4858"},{"taxonomy":"product_tag","embeddable":true,"href":"https:\/\/vegesmak.pl\/de\/wp-json\/wp\/v2\/product_tag?post=4858"}],"curies":[{"name":"wp","href":"https:\/\/api.w.org\/{rel}","templated":true}]}}