{"id":4864,"date":"2023-09-29T07:16:20","date_gmt":"2023-09-29T07:16:20","guid":{"rendered":"https:\/\/vegesmak.pl\/produkt\/figa-z-makiem-wytrawny-roslinny-ser-z-makiem-niebieskim-shiro-miso-i-suszona-niesiarkowana-figa\/"},"modified":"2024-01-29T16:37:44","modified_gmt":"2024-01-29T16:37:44","slug":"figa-z-makiem-wytrawny-roslinny-ser-z-makiem-niebieskim-shiro-miso-i-suszona-niesiarkowana-figa","status":"publish","type":"product","link":"https:\/\/vegesmak.pl\/de\/produkt\/figa-z-makiem-wytrawny-roslinny-ser-z-makiem-niebieskim-shiro-miso-i-suszona-niesiarkowana-figa\/","title":{"rendered":"Figa z makiem &#8211; wytrawny ro\u015blinny ser z makiem niebieskim, shiro miso i suszona\u0328, niesiarkowan\u0105 figa\u0328"},"content":{"rendered":"","protected":false},"excerpt":{"rendered":"<div>Twaroz\u0307ek bez oleju kokosowego.<\/div>\n<div>\n<div> FIGA Z MAKIEM wytrawny z makiem niebieskim, shiro miso i suszona\u0328, niesiarkowan\u0105 figa\u0328 dodaja\u0328ca\u0328<wbr><\/wbr> s\u0142odyczy.<\/div>\n<div><\/div>\n<div>\n<div><span style=\"color: #61ce70;\">Sk\u0142adniki: <\/span>orzechy nerkowca (75%), woda filtrowana, so\u0301l k\u0142odawska, mak niebieski, shiro miso, z\u0307ywe kultury bakterii probiotycznych. Otoczka z suszonej figi.<\/div>\n<div>\n<div><\/div>\n<div>Delikatny, lekko kwaskowaty, z makiem bia\u0142ej w masie i s\u0142odycz\u0105 figi<\/div>\n<\/div>\n<div><\/div>\n<\/div>\n<div>Termin przydatnos\u0301ci do spoz\u0307ycia 8-12 tygodni<\/div>\n<\/div>\n<div><\/div>\n<p>Producent: Endorfiny Paula Kowalczyk<\/p>\n<p>Die Lieferzeit betr\u00e4gt 3-5 Werktage.<\/p>\n<div class=\"elementor-element elementor-element-af273ff elementor-widget elementor-widget-text-editor\" data-id=\"af273ff\" data-element_type=\"widget\" data-widget_type=\"text-editor.default\">\n<div class=\"elementor-widget-container\">\n<div class=\"elementor-text-editor elementor-clearfix\">\n<p><strong>FEDEX Internationaler Versand \u2013 individuelle <\/strong><br \/>\n<a href=\"https:\/\/vegesmak.pl\/#kontakt\"><strong>Preise Schreiben Sie uns f\u00fcr Details!<\/strong><\/a><\/p>\n<\/div>\n<\/div>\n<\/div>\n","protected":false},"featured_media":4632,"comment_status":"open","ping_status":"closed","template":"","meta":{"_monsterinsights_skip_tracking":false,"_monsterinsights_sitenote_active":false,"_monsterinsights_sitenote_note":"","_monsterinsights_sitenote_category":0},"product_brand":[],"product_cat":[45],"product_tag":[],"class_list":{"0":"post-4864","1":"product","2":"type-product","3":"status-publish","4":"has-post-thumbnail","6":"product_cat-sery","8":"first","9":"instock","10":"shipping-taxable","11":"purchasable","12":"product-type-simple"},"yoast_head":"<!-- This site is optimized with the Yoast SEO plugin v27.1.1 - https:\/\/yoast.com\/product\/yoast-seo-wordpress\/ -->\n<title>Figa z makiem - wytrawny ro\u015blinny ser z makiem niebieskim, shiro miso i suszona\u0328, niesiarkowan\u0105 figa\u0328 - Vegesmak - alternatywa dla wyrob\u00f3w mi\u0119snych<\/title>\n<meta name=\"description\" content=\"Vegesmak, alternatywa dla wyrob\u00f3w mi\u0119snych, Figa z makiem - wytrawny ro\u015blinny ser z makiem niebieskim, shiro miso i suszona\u0328, niesiarkowan\u0105 figa\u0328, par\u00f3wki bez mi\u0119sa, nie zawiera sk\u0142adnik\u00f3w pochodzenia zwierz\u0119cego\" \/>\n<meta name=\"robots\" content=\"index, follow, max-snippet:-1, max-image-preview:large, max-video-preview:-1\" \/>\n<link rel=\"canonical\" href=\"https:\/\/vegesmak.pl\/de\/produkt\/figa-z-makiem-wytrawny-roslinny-ser-z-makiem-niebieskim-shiro-miso-i-suszona-niesiarkowana-figa\/\" \/>\n<meta property=\"og:locale\" content=\"de_DE\" \/>\n<meta property=\"og:type\" content=\"article\" \/>\n<meta property=\"og:title\" content=\"Figa z makiem - wytrawny ro\u015blinny ser z makiem niebieskim, shiro miso i suszona\u0328, niesiarkowan\u0105 figa\u0328 - Vegesmak - alternatywa dla wyrob\u00f3w mi\u0119snych\" \/>\n<meta property=\"og:description\" content=\"Vegesmak, alternatywa dla wyrob\u00f3w mi\u0119snych, Figa z makiem - wytrawny ro\u015blinny ser z makiem niebieskim, shiro miso i suszona\u0328, niesiarkowan\u0105 figa\u0328, par\u00f3wki bez mi\u0119sa, nie zawiera sk\u0142adnik\u00f3w pochodzenia zwierz\u0119cego\" \/>\n<meta property=\"og:url\" content=\"https:\/\/vegesmak.pl\/de\/produkt\/figa-z-makiem-wytrawny-roslinny-ser-z-makiem-niebieskim-shiro-miso-i-suszona-niesiarkowana-figa\/\" \/>\n<meta property=\"og:site_name\" content=\"Vegesmak\" \/>\n<meta property=\"article:modified_time\" content=\"2024-01-29T16:37:44+00:00\" \/>\n<meta property=\"og:image\" content=\"https:\/\/vegesmak.pl\/wp-content\/uploads\/2023\/08\/Figa-z-makiem.png\" \/>\n\t<meta property=\"og:image:width\" content=\"960\" \/>\n\t<meta property=\"og:image:height\" content=\"960\" \/>\n\t<meta property=\"og:image:type\" content=\"image\/png\" \/>\n<meta name=\"twitter:card\" content=\"summary_large_image\" \/>\n<script type=\"application\/ld+json\" class=\"yoast-schema-graph\">{\"@context\":\"https:\/\/schema.org\",\"@graph\":[{\"@type\":\"WebPage\",\"@id\":\"https:\/\/vegesmak.pl\/de\/produkt\/figa-z-makiem-wytrawny-roslinny-ser-z-makiem-niebieskim-shiro-miso-i-suszona-niesiarkowana-figa\/\",\"url\":\"https:\/\/vegesmak.pl\/de\/produkt\/figa-z-makiem-wytrawny-roslinny-ser-z-makiem-niebieskim-shiro-miso-i-suszona-niesiarkowana-figa\/\",\"name\":\"Figa z makiem - wytrawny ro\u015blinny ser z makiem niebieskim, shiro miso i suszona\u0328, niesiarkowan\u0105 figa\u0328 - Vegesmak - alternatywa dla wyrob\u00f3w mi\u0119snych\",\"isPartOf\":{\"@id\":\"https:\/\/vegesmak.pl\/#website\"},\"primaryImageOfPage\":{\"@id\":\"https:\/\/vegesmak.pl\/de\/produkt\/figa-z-makiem-wytrawny-roslinny-ser-z-makiem-niebieskim-shiro-miso-i-suszona-niesiarkowana-figa\/#primaryimage\"},\"image\":{\"@id\":\"https:\/\/vegesmak.pl\/de\/produkt\/figa-z-makiem-wytrawny-roslinny-ser-z-makiem-niebieskim-shiro-miso-i-suszona-niesiarkowana-figa\/#primaryimage\"},\"thumbnailUrl\":\"https:\/\/vegesmak.pl\/wp-content\/uploads\/2023\/08\/Figa-z-makiem.webp\",\"datePublished\":\"2023-09-29T07:16:20+00:00\",\"dateModified\":\"2024-01-29T16:37:44+00:00\",\"description\":\"Vegesmak, alternatywa dla wyrob\u00f3w mi\u0119snych, Figa z makiem - wytrawny ro\u015blinny ser z makiem niebieskim, shiro miso i suszona\u0328, niesiarkowan\u0105 figa\u0328, par\u00f3wki bez mi\u0119sa, nie zawiera sk\u0142adnik\u00f3w pochodzenia zwierz\u0119cego\",\"breadcrumb\":{\"@id\":\"https:\/\/vegesmak.pl\/de\/produkt\/figa-z-makiem-wytrawny-roslinny-ser-z-makiem-niebieskim-shiro-miso-i-suszona-niesiarkowana-figa\/#breadcrumb\"},\"inLanguage\":\"de\",\"potentialAction\":[{\"@type\":\"ReadAction\",\"target\":[\"https:\/\/vegesmak.pl\/de\/produkt\/figa-z-makiem-wytrawny-roslinny-ser-z-makiem-niebieskim-shiro-miso-i-suszona-niesiarkowana-figa\/\"]}]},{\"@type\":\"ImageObject\",\"inLanguage\":\"de\",\"@id\":\"https:\/\/vegesmak.pl\/de\/produkt\/figa-z-makiem-wytrawny-roslinny-ser-z-makiem-niebieskim-shiro-miso-i-suszona-niesiarkowana-figa\/#primaryimage\",\"url\":\"https:\/\/vegesmak.pl\/wp-content\/uploads\/2023\/08\/Figa-z-makiem.webp\",\"contentUrl\":\"https:\/\/vegesmak.pl\/wp-content\/uploads\/2023\/08\/Figa-z-makiem.webp\",\"width\":960,\"height\":960,\"caption\":\"Figa z makiem\"},{\"@type\":\"BreadcrumbList\",\"@id\":\"https:\/\/vegesmak.pl\/de\/produkt\/figa-z-makiem-wytrawny-roslinny-ser-z-makiem-niebieskim-shiro-miso-i-suszona-niesiarkowana-figa\/#breadcrumb\",\"itemListElement\":[{\"@type\":\"ListItem\",\"position\":1,\"name\":\"Strona g\u0142\u00f3wna\",\"item\":\"https:\/\/vegesmak.pl\/\"},{\"@type\":\"ListItem\",\"position\":2,\"name\":\"Sklep\",\"item\":\"https:\/\/vegesmak.pl\/sklep\/\"},{\"@type\":\"ListItem\",\"position\":3,\"name\":\"Figa z makiem &#8211; wytrawny ro\u015blinny ser z makiem niebieskim, shiro miso i suszona\u0328, niesiarkowan\u0105 figa\u0328\"}]},{\"@type\":\"WebSite\",\"@id\":\"https:\/\/vegesmak.pl\/#website\",\"url\":\"https:\/\/vegesmak.pl\/\",\"name\":\"Vegesmak\",\"description\":\"\",\"potentialAction\":[{\"@type\":\"SearchAction\",\"target\":{\"@type\":\"EntryPoint\",\"urlTemplate\":\"https:\/\/vegesmak.pl\/?s={search_term_string}\"},\"query-input\":{\"@type\":\"PropertyValueSpecification\",\"valueRequired\":true,\"valueName\":\"search_term_string\"}}],\"inLanguage\":\"de\"}]}<\/script>\n<!-- \/ Yoast SEO plugin. -->","yoast_head_json":{"title":"Figa z makiem - wytrawny ro\u015blinny ser z makiem niebieskim, shiro miso i suszona\u0328, niesiarkowan\u0105 figa\u0328 - Vegesmak - alternatywa dla wyrob\u00f3w mi\u0119snych","description":"Vegesmak, alternatywa dla wyrob\u00f3w mi\u0119snych, Figa z makiem - wytrawny ro\u015blinny ser z makiem niebieskim, shiro miso i suszona\u0328, niesiarkowan\u0105 figa\u0328, par\u00f3wki bez mi\u0119sa, nie zawiera sk\u0142adnik\u00f3w pochodzenia zwierz\u0119cego","robots":{"index":"index","follow":"follow","max-snippet":"max-snippet:-1","max-image-preview":"max-image-preview:large","max-video-preview":"max-video-preview:-1"},"canonical":"https:\/\/vegesmak.pl\/de\/produkt\/figa-z-makiem-wytrawny-roslinny-ser-z-makiem-niebieskim-shiro-miso-i-suszona-niesiarkowana-figa\/","og_locale":"de_DE","og_type":"article","og_title":"Figa z makiem - wytrawny ro\u015blinny ser z makiem niebieskim, shiro miso i suszona\u0328, niesiarkowan\u0105 figa\u0328 - Vegesmak - alternatywa dla wyrob\u00f3w mi\u0119snych","og_description":"Vegesmak, alternatywa dla wyrob\u00f3w mi\u0119snych, Figa z makiem - wytrawny ro\u015blinny ser z makiem niebieskim, shiro miso i suszona\u0328, niesiarkowan\u0105 figa\u0328, par\u00f3wki bez mi\u0119sa, nie zawiera sk\u0142adnik\u00f3w pochodzenia zwierz\u0119cego","og_url":"https:\/\/vegesmak.pl\/de\/produkt\/figa-z-makiem-wytrawny-roslinny-ser-z-makiem-niebieskim-shiro-miso-i-suszona-niesiarkowana-figa\/","og_site_name":"Vegesmak","article_modified_time":"2024-01-29T16:37:44+00:00","og_image":[{"width":960,"height":960,"url":"https:\/\/vegesmak.pl\/wp-content\/uploads\/2023\/08\/Figa-z-makiem.png","type":"image\/png"}],"twitter_card":"summary_large_image","schema":{"@context":"https:\/\/schema.org","@graph":[{"@type":"WebPage","@id":"https:\/\/vegesmak.pl\/de\/produkt\/figa-z-makiem-wytrawny-roslinny-ser-z-makiem-niebieskim-shiro-miso-i-suszona-niesiarkowana-figa\/","url":"https:\/\/vegesmak.pl\/de\/produkt\/figa-z-makiem-wytrawny-roslinny-ser-z-makiem-niebieskim-shiro-miso-i-suszona-niesiarkowana-figa\/","name":"Figa z makiem - wytrawny ro\u015blinny ser z makiem niebieskim, shiro miso i suszona\u0328, niesiarkowan\u0105 figa\u0328 - Vegesmak - alternatywa dla wyrob\u00f3w mi\u0119snych","isPartOf":{"@id":"https:\/\/vegesmak.pl\/#website"},"primaryImageOfPage":{"@id":"https:\/\/vegesmak.pl\/de\/produkt\/figa-z-makiem-wytrawny-roslinny-ser-z-makiem-niebieskim-shiro-miso-i-suszona-niesiarkowana-figa\/#primaryimage"},"image":{"@id":"https:\/\/vegesmak.pl\/de\/produkt\/figa-z-makiem-wytrawny-roslinny-ser-z-makiem-niebieskim-shiro-miso-i-suszona-niesiarkowana-figa\/#primaryimage"},"thumbnailUrl":"https:\/\/vegesmak.pl\/wp-content\/uploads\/2023\/08\/Figa-z-makiem.webp","datePublished":"2023-09-29T07:16:20+00:00","dateModified":"2024-01-29T16:37:44+00:00","description":"Vegesmak, alternatywa dla wyrob\u00f3w mi\u0119snych, Figa z makiem - wytrawny ro\u015blinny ser z makiem niebieskim, shiro miso i suszona\u0328, niesiarkowan\u0105 figa\u0328, par\u00f3wki bez mi\u0119sa, nie zawiera sk\u0142adnik\u00f3w pochodzenia zwierz\u0119cego","breadcrumb":{"@id":"https:\/\/vegesmak.pl\/de\/produkt\/figa-z-makiem-wytrawny-roslinny-ser-z-makiem-niebieskim-shiro-miso-i-suszona-niesiarkowana-figa\/#breadcrumb"},"inLanguage":"de","potentialAction":[{"@type":"ReadAction","target":["https:\/\/vegesmak.pl\/de\/produkt\/figa-z-makiem-wytrawny-roslinny-ser-z-makiem-niebieskim-shiro-miso-i-suszona-niesiarkowana-figa\/"]}]},{"@type":"ImageObject","inLanguage":"de","@id":"https:\/\/vegesmak.pl\/de\/produkt\/figa-z-makiem-wytrawny-roslinny-ser-z-makiem-niebieskim-shiro-miso-i-suszona-niesiarkowana-figa\/#primaryimage","url":"https:\/\/vegesmak.pl\/wp-content\/uploads\/2023\/08\/Figa-z-makiem.webp","contentUrl":"https:\/\/vegesmak.pl\/wp-content\/uploads\/2023\/08\/Figa-z-makiem.webp","width":960,"height":960,"caption":"Figa z makiem"},{"@type":"BreadcrumbList","@id":"https:\/\/vegesmak.pl\/de\/produkt\/figa-z-makiem-wytrawny-roslinny-ser-z-makiem-niebieskim-shiro-miso-i-suszona-niesiarkowana-figa\/#breadcrumb","itemListElement":[{"@type":"ListItem","position":1,"name":"Strona g\u0142\u00f3wna","item":"https:\/\/vegesmak.pl\/"},{"@type":"ListItem","position":2,"name":"Sklep","item":"https:\/\/vegesmak.pl\/sklep\/"},{"@type":"ListItem","position":3,"name":"Figa z makiem &#8211; wytrawny ro\u015blinny ser z makiem niebieskim, shiro miso i suszona\u0328, niesiarkowan\u0105 figa\u0328"}]},{"@type":"WebSite","@id":"https:\/\/vegesmak.pl\/#website","url":"https:\/\/vegesmak.pl\/","name":"Vegesmak","description":"","potentialAction":[{"@type":"SearchAction","target":{"@type":"EntryPoint","urlTemplate":"https:\/\/vegesmak.pl\/?s={search_term_string}"},"query-input":{"@type":"PropertyValueSpecification","valueRequired":true,"valueName":"search_term_string"}}],"inLanguage":"de"}]}},"_links":{"self":[{"href":"https:\/\/vegesmak.pl\/de\/wp-json\/wp\/v2\/product\/4864","targetHints":{"allow":["GET"]}}],"collection":[{"href":"https:\/\/vegesmak.pl\/de\/wp-json\/wp\/v2\/product"}],"about":[{"href":"https:\/\/vegesmak.pl\/de\/wp-json\/wp\/v2\/types\/product"}],"replies":[{"embeddable":true,"href":"https:\/\/vegesmak.pl\/de\/wp-json\/wp\/v2\/comments?post=4864"}],"wp:featuredmedia":[{"embeddable":true,"href":"https:\/\/vegesmak.pl\/de\/wp-json\/wp\/v2\/media\/4632"}],"wp:attachment":[{"href":"https:\/\/vegesmak.pl\/de\/wp-json\/wp\/v2\/media?parent=4864"}],"wp:term":[{"taxonomy":"product_brand","embeddable":true,"href":"https:\/\/vegesmak.pl\/de\/wp-json\/wp\/v2\/product_brand?post=4864"},{"taxonomy":"product_cat","embeddable":true,"href":"https:\/\/vegesmak.pl\/de\/wp-json\/wp\/v2\/product_cat?post=4864"},{"taxonomy":"product_tag","embeddable":true,"href":"https:\/\/vegesmak.pl\/de\/wp-json\/wp\/v2\/product_tag?post=4864"}],"curies":[{"name":"wp","href":"https:\/\/api.w.org\/{rel}","templated":true}]}}