{"id":5337,"date":"2024-02-06T14:09:29","date_gmt":"2024-02-06T14:09:29","guid":{"rendered":"https:\/\/vegesmak.pl\/produkt\/veganer-salziger-karammer-fudge-165g-kuhbonbon\/"},"modified":"2024-03-12T11:46:09","modified_gmt":"2024-03-12T11:46:09","slug":"veganer-salziger-karammer-fudge-165g-kuhbonbon","status":"publish","type":"product","link":"https:\/\/vegesmak.pl\/de\/produkt\/veganer-salziger-karammer-fudge-165g-kuhbonbon\/","title":{"rendered":"Veganer Salziger Karammer &#8211; Fudge 165g | Kuhbonbon"},"content":{"rendered":"","protected":false},"excerpt":{"rendered":"<div>Vegane weiche und salzige Karamellbonbons. Sie enthalten keine Allergene, Palmfett oder Soja. Und nat\u00fcrlich werden diese salzigen veganen Bonbons ohne Milchprodukte und Gluten hergestellt und enthalten keine Konservierungsstoffe oder k\u00fcnstlichen Farbstoffe.<\/div>\n<p>&nbsp;<\/p>\n<div><strong>ZUTATEN<\/strong>: Glukosesirup, unraffinierter Rohrzucker, Kakaobutter, Bio-Kokos-Getr\u00e4nkepulver (7,6 %) (Bio-Kokos-Getr\u00e4nkepulver, Bio-Maltodextrin, Bio-Akazienfaser), Erbsenprotein, Dextrose, Meersalz (Fleur de Sel) (1,7 %) , Emulgator: Sonnenblumenlecithin, nat\u00fcrliche Aromen<\/div>\n<p>&nbsp;<\/p>\n<div>N\u00c4HRWERTE in 100g:<br \/>\nEnergiewert 1861 kJ \/ 443 kcal,<br \/>\nFette 16 g, davon ges\u00e4ttigte Fetts\u00e4uren 12 g,<br \/>\nKohlenhydrate 70 g, davon Zucker 52 g,<br \/>\nEiwei\u00df 3,6 g,<br \/>\nSalz 1,6 g<\/div>\n<div><\/div>\n<div>Herkunftsland: Deutschland<\/div>\n","protected":false},"featured_media":5335,"comment_status":"open","ping_status":"closed","template":"","meta":{"_monsterinsights_skip_tracking":false,"_monsterinsights_sitenote_active":false,"_monsterinsights_sitenote_note":"","_monsterinsights_sitenote_category":0},"product_brand":[],"product_cat":[24,26],"product_tag":[],"class_list":{"0":"post-5337","1":"product","2":"type-product","3":"status-publish","4":"has-post-thumbnail","6":"product_cat-bez-kategorii","7":"product_cat-pl","9":"first","10":"instock","11":"shipping-taxable","12":"purchasable","13":"product-type-simple"},"yoast_head":"<!-- This site is optimized with the Yoast SEO plugin v27.4 - https:\/\/yoast.com\/product\/yoast-seo-wordpress\/ -->\n<title>Veganer Salziger Karammer - Fudge 165g | Kuhbonbon - Vegesmak<\/title>\n<meta name=\"robots\" content=\"index, follow, max-snippet:-1, max-image-preview:large, max-video-preview:-1\" \/>\n<link rel=\"canonical\" href=\"https:\/\/vegesmak.pl\/de\/produkt\/veganer-salziger-karammer-fudge-165g-kuhbonbon\/\" \/>\n<meta property=\"og:locale\" content=\"de_DE\" \/>\n<meta property=\"og:type\" content=\"article\" \/>\n<meta property=\"og:title\" content=\"Veganer Salziger Karammer - Fudge 165g | Kuhbonbon - Vegesmak\" \/>\n<meta property=\"og:description\" content=\"Vegane weiche und salzige Karamellbonbons. Sie enthalten keine Allergene, Palmfett oder Soja. Und nat\u00fcrlich werden diese salzigen veganen Bonbons ohne Milchprodukte und Gluten hergestellt und enthalten keine Konservierungsstoffe oder k\u00fcnstlichen Farbstoffe. &nbsp; ZUTATEN: Glukosesirup, unraffinierter Rohrzucker, Kakaobutter, Bio-Kokos-Getr\u00e4nkepulver (7,6 %) (Bio-Kokos-Getr\u00e4nkepulver, Bio-Maltodextrin, Bio-Akazienfaser), Erbsenprotein, Dextrose, Meersalz (Fleur de Sel) (1,7 %) , Emulgator: Sonnenblumenlecithin, nat\u00fcrliche Aromen &nbsp; N\u00c4HRWERTE in 100g: Energiewert 1861 kJ \/ 443 kcal, Fette 16 g, davon ges\u00e4ttigte Fetts\u00e4uren 12 g, Kohlenhydrate 70 g, davon Zucker 52 g, Eiwei\u00df 3,6 g, Salz 1,6 g  Herkunftsland: Deutschland\" \/>\n<meta property=\"og:url\" content=\"https:\/\/vegesmak.pl\/de\/produkt\/veganer-salziger-karammer-fudge-165g-kuhbonbon\/\" \/>\n<meta property=\"og:site_name\" content=\"Vegesmak\" \/>\n<meta property=\"article:modified_time\" content=\"2024-03-12T11:46:09+00:00\" \/>\n<meta property=\"og:image\" content=\"https:\/\/vegesmak.pl\/wp-content\/uploads\/2024\/02\/krowki-karmelowe-165g-kuhbonbon.jpg\" \/>\n\t<meta property=\"og:image:width\" content=\"458\" \/>\n\t<meta property=\"og:image:height\" content=\"458\" \/>\n\t<meta property=\"og:image:type\" content=\"image\/jpeg\" \/>\n<meta name=\"twitter:card\" content=\"summary_large_image\" \/>\n<meta name=\"twitter:label1\" content=\"Gesch\u00e4tzte Lesezeit\" \/>\n\t<meta name=\"twitter:data1\" content=\"1\u00a0Minute\" \/>\n<script type=\"application\/ld+json\" class=\"yoast-schema-graph\">{\"@context\":\"https:\\\/\\\/schema.org\",\"@graph\":[{\"@type\":\"WebPage\",\"@id\":\"https:\\\/\\\/vegesmak.pl\\\/de\\\/produkt\\\/veganer-salziger-karammer-fudge-165g-kuhbonbon\\\/\",\"url\":\"https:\\\/\\\/vegesmak.pl\\\/de\\\/produkt\\\/veganer-salziger-karammer-fudge-165g-kuhbonbon\\\/\",\"name\":\"Veganer Salziger Karammer - Fudge 165g | Kuhbonbon - Vegesmak\",\"isPartOf\":{\"@id\":\"https:\\\/\\\/vegesmak.pl\\\/#website\"},\"primaryImageOfPage\":{\"@id\":\"https:\\\/\\\/vegesmak.pl\\\/de\\\/produkt\\\/veganer-salziger-karammer-fudge-165g-kuhbonbon\\\/#primaryimage\"},\"image\":{\"@id\":\"https:\\\/\\\/vegesmak.pl\\\/de\\\/produkt\\\/veganer-salziger-karammer-fudge-165g-kuhbonbon\\\/#primaryimage\"},\"thumbnailUrl\":\"https:\\\/\\\/vegesmak.pl\\\/wp-content\\\/uploads\\\/2024\\\/02\\\/krowki-karmelowe-165g-kuhbonbon.webp\",\"datePublished\":\"2024-02-06T14:09:29+00:00\",\"dateModified\":\"2024-03-12T11:46:09+00:00\",\"breadcrumb\":{\"@id\":\"https:\\\/\\\/vegesmak.pl\\\/de\\\/produkt\\\/veganer-salziger-karammer-fudge-165g-kuhbonbon\\\/#breadcrumb\"},\"inLanguage\":\"de\",\"potentialAction\":[{\"@type\":\"ReadAction\",\"target\":[\"https:\\\/\\\/vegesmak.pl\\\/de\\\/produkt\\\/veganer-salziger-karammer-fudge-165g-kuhbonbon\\\/\"]}]},{\"@type\":\"ImageObject\",\"inLanguage\":\"de\",\"@id\":\"https:\\\/\\\/vegesmak.pl\\\/de\\\/produkt\\\/veganer-salziger-karammer-fudge-165g-kuhbonbon\\\/#primaryimage\",\"url\":\"https:\\\/\\\/vegesmak.pl\\\/wp-content\\\/uploads\\\/2024\\\/02\\\/krowki-karmelowe-165g-kuhbonbon.webp\",\"contentUrl\":\"https:\\\/\\\/vegesmak.pl\\\/wp-content\\\/uploads\\\/2024\\\/02\\\/krowki-karmelowe-165g-kuhbonbon.webp\",\"width\":458,\"height\":458,\"caption\":\"krowki-karmelowe-165g-kuhbonbon\"},{\"@type\":\"BreadcrumbList\",\"@id\":\"https:\\\/\\\/vegesmak.pl\\\/de\\\/produkt\\\/veganer-salziger-karammer-fudge-165g-kuhbonbon\\\/#breadcrumb\",\"itemListElement\":[{\"@type\":\"ListItem\",\"position\":1,\"name\":\"Strona g\u0142\u00f3wna\",\"item\":\"https:\\\/\\\/vegesmak.pl\\\/\"},{\"@type\":\"ListItem\",\"position\":2,\"name\":\"Sklep\",\"item\":\"https:\\\/\\\/vegesmak.pl\\\/sklep\\\/\"},{\"@type\":\"ListItem\",\"position\":3,\"name\":\"Veganer Salziger Karammer &#8211; Fudge 165g | Kuhbonbon\"}]},{\"@type\":\"WebSite\",\"@id\":\"https:\\\/\\\/vegesmak.pl\\\/#website\",\"url\":\"https:\\\/\\\/vegesmak.pl\\\/\",\"name\":\"Vegesmak\",\"description\":\"\",\"potentialAction\":[{\"@type\":\"SearchAction\",\"target\":{\"@type\":\"EntryPoint\",\"urlTemplate\":\"https:\\\/\\\/vegesmak.pl\\\/?s={search_term_string}\"},\"query-input\":{\"@type\":\"PropertyValueSpecification\",\"valueRequired\":true,\"valueName\":\"search_term_string\"}}],\"inLanguage\":\"de\"}]}<\/script>\n<!-- \/ Yoast SEO plugin. -->","yoast_head_json":{"title":"Veganer Salziger Karammer - Fudge 165g | Kuhbonbon - Vegesmak","robots":{"index":"index","follow":"follow","max-snippet":"max-snippet:-1","max-image-preview":"max-image-preview:large","max-video-preview":"max-video-preview:-1"},"canonical":"https:\/\/vegesmak.pl\/de\/produkt\/veganer-salziger-karammer-fudge-165g-kuhbonbon\/","og_locale":"de_DE","og_type":"article","og_title":"Veganer Salziger Karammer - Fudge 165g | Kuhbonbon - Vegesmak","og_description":"Vegane weiche und salzige Karamellbonbons. Sie enthalten keine Allergene, Palmfett oder Soja. Und nat\u00fcrlich werden diese salzigen veganen Bonbons ohne Milchprodukte und Gluten hergestellt und enthalten keine Konservierungsstoffe oder k\u00fcnstlichen Farbstoffe. &nbsp; ZUTATEN: Glukosesirup, unraffinierter Rohrzucker, Kakaobutter, Bio-Kokos-Getr\u00e4nkepulver (7,6 %) (Bio-Kokos-Getr\u00e4nkepulver, Bio-Maltodextrin, Bio-Akazienfaser), Erbsenprotein, Dextrose, Meersalz (Fleur de Sel) (1,7 %) , Emulgator: Sonnenblumenlecithin, nat\u00fcrliche Aromen &nbsp; N\u00c4HRWERTE in 100g: Energiewert 1861 kJ \/ 443 kcal, Fette 16 g, davon ges\u00e4ttigte Fetts\u00e4uren 12 g, Kohlenhydrate 70 g, davon Zucker 52 g, Eiwei\u00df 3,6 g, Salz 1,6 g  Herkunftsland: Deutschland","og_url":"https:\/\/vegesmak.pl\/de\/produkt\/veganer-salziger-karammer-fudge-165g-kuhbonbon\/","og_site_name":"Vegesmak","article_modified_time":"2024-03-12T11:46:09+00:00","og_image":[{"width":458,"height":458,"url":"https:\/\/vegesmak.pl\/wp-content\/uploads\/2024\/02\/krowki-karmelowe-165g-kuhbonbon.jpg","type":"image\/jpeg"}],"twitter_card":"summary_large_image","twitter_misc":{"Gesch\u00e4tzte Lesezeit":"1\u00a0Minute"},"schema":{"@context":"https:\/\/schema.org","@graph":[{"@type":"WebPage","@id":"https:\/\/vegesmak.pl\/de\/produkt\/veganer-salziger-karammer-fudge-165g-kuhbonbon\/","url":"https:\/\/vegesmak.pl\/de\/produkt\/veganer-salziger-karammer-fudge-165g-kuhbonbon\/","name":"Veganer Salziger Karammer - Fudge 165g | Kuhbonbon - Vegesmak","isPartOf":{"@id":"https:\/\/vegesmak.pl\/#website"},"primaryImageOfPage":{"@id":"https:\/\/vegesmak.pl\/de\/produkt\/veganer-salziger-karammer-fudge-165g-kuhbonbon\/#primaryimage"},"image":{"@id":"https:\/\/vegesmak.pl\/de\/produkt\/veganer-salziger-karammer-fudge-165g-kuhbonbon\/#primaryimage"},"thumbnailUrl":"https:\/\/vegesmak.pl\/wp-content\/uploads\/2024\/02\/krowki-karmelowe-165g-kuhbonbon.webp","datePublished":"2024-02-06T14:09:29+00:00","dateModified":"2024-03-12T11:46:09+00:00","breadcrumb":{"@id":"https:\/\/vegesmak.pl\/de\/produkt\/veganer-salziger-karammer-fudge-165g-kuhbonbon\/#breadcrumb"},"inLanguage":"de","potentialAction":[{"@type":"ReadAction","target":["https:\/\/vegesmak.pl\/de\/produkt\/veganer-salziger-karammer-fudge-165g-kuhbonbon\/"]}]},{"@type":"ImageObject","inLanguage":"de","@id":"https:\/\/vegesmak.pl\/de\/produkt\/veganer-salziger-karammer-fudge-165g-kuhbonbon\/#primaryimage","url":"https:\/\/vegesmak.pl\/wp-content\/uploads\/2024\/02\/krowki-karmelowe-165g-kuhbonbon.webp","contentUrl":"https:\/\/vegesmak.pl\/wp-content\/uploads\/2024\/02\/krowki-karmelowe-165g-kuhbonbon.webp","width":458,"height":458,"caption":"krowki-karmelowe-165g-kuhbonbon"},{"@type":"BreadcrumbList","@id":"https:\/\/vegesmak.pl\/de\/produkt\/veganer-salziger-karammer-fudge-165g-kuhbonbon\/#breadcrumb","itemListElement":[{"@type":"ListItem","position":1,"name":"Strona g\u0142\u00f3wna","item":"https:\/\/vegesmak.pl\/"},{"@type":"ListItem","position":2,"name":"Sklep","item":"https:\/\/vegesmak.pl\/sklep\/"},{"@type":"ListItem","position":3,"name":"Veganer Salziger Karammer &#8211; Fudge 165g | Kuhbonbon"}]},{"@type":"WebSite","@id":"https:\/\/vegesmak.pl\/#website","url":"https:\/\/vegesmak.pl\/","name":"Vegesmak","description":"","potentialAction":[{"@type":"SearchAction","target":{"@type":"EntryPoint","urlTemplate":"https:\/\/vegesmak.pl\/?s={search_term_string}"},"query-input":{"@type":"PropertyValueSpecification","valueRequired":true,"valueName":"search_term_string"}}],"inLanguage":"de"}]}},"_links":{"self":[{"href":"https:\/\/vegesmak.pl\/de\/wp-json\/wp\/v2\/product\/5337","targetHints":{"allow":["GET"]}}],"collection":[{"href":"https:\/\/vegesmak.pl\/de\/wp-json\/wp\/v2\/product"}],"about":[{"href":"https:\/\/vegesmak.pl\/de\/wp-json\/wp\/v2\/types\/product"}],"replies":[{"embeddable":true,"href":"https:\/\/vegesmak.pl\/de\/wp-json\/wp\/v2\/comments?post=5337"}],"wp:featuredmedia":[{"embeddable":true,"href":"https:\/\/vegesmak.pl\/de\/wp-json\/wp\/v2\/media\/5335"}],"wp:attachment":[{"href":"https:\/\/vegesmak.pl\/de\/wp-json\/wp\/v2\/media?parent=5337"}],"wp:term":[{"taxonomy":"product_brand","embeddable":true,"href":"https:\/\/vegesmak.pl\/de\/wp-json\/wp\/v2\/product_brand?post=5337"},{"taxonomy":"product_cat","embeddable":true,"href":"https:\/\/vegesmak.pl\/de\/wp-json\/wp\/v2\/product_cat?post=5337"},{"taxonomy":"product_tag","embeddable":true,"href":"https:\/\/vegesmak.pl\/de\/wp-json\/wp\/v2\/product_tag?post=5337"}],"curies":[{"name":"wp","href":"https:\/\/api.w.org\/{rel}","templated":true}]}}