{"id":5441,"date":"2024-03-08T09:28:41","date_gmt":"2024-03-08T09:28:41","guid":{"rendered":"https:\/\/vegesmak.pl\/produkt\/vegemieso-z-curry\/"},"modified":"2024-03-12T11:45:57","modified_gmt":"2024-03-12T11:45:57","slug":"vegemieso-z-curry","status":"publish","type":"product","link":"https:\/\/vegesmak.pl\/de\/produkt\/vegemieso-z-curry\/","title":{"rendered":"VegeMi\u0119so z curry"},"content":{"rendered":"","protected":false},"excerpt":{"rendered":"<div><b><span lang=\"EN-US\">Sk\u0142adniki<\/span><\/b><span lang=\"EN-US\">: woda, bia\u0142ko pszenne (22,1%), olej rzepakowy, olej kokosowy, przyprawy (curry 2%), bia\u0142ko sojowe, aromaty, skrobia kukurydziana, b\u0142onnik pszenny, ekstrakt czosnku, s\u00f3l, hydrolizat bia\u0142ka ro\u015blinnego, barwnik: tlenki \u017celaza.<\/span><\/div>\n<div><\/div>\n<div>Producent: VegeSmak Sp.z.o.o<\/div>\n","protected":false},"featured_media":5440,"comment_status":"open","ping_status":"closed","template":"","meta":{"_monsterinsights_skip_tracking":false,"_monsterinsights_sitenote_active":false,"_monsterinsights_sitenote_note":"","_monsterinsights_sitenote_category":0},"product_brand":[],"product_cat":[26,48],"product_tag":[],"class_list":{"0":"post-5441","1":"product","2":"type-product","3":"status-publish","4":"has-post-thumbnail","6":"product_cat-pl","7":"product_cat-promocje","9":"first","10":"instock","11":"shipping-taxable","12":"purchasable","13":"product-type-simple"},"yoast_head":"<!-- This site is optimized with the Yoast SEO plugin v27.1.1 - https:\/\/yoast.com\/product\/yoast-seo-wordpress\/ -->\n<title>VegeMi\u0119so z curry - Vegesmak<\/title>\n<meta name=\"robots\" content=\"index, follow, max-snippet:-1, max-image-preview:large, max-video-preview:-1\" \/>\n<link rel=\"canonical\" href=\"https:\/\/vegesmak.pl\/de\/produkt\/vegemieso-z-curry\/\" \/>\n<meta property=\"og:locale\" content=\"de_DE\" \/>\n<meta property=\"og:type\" content=\"article\" \/>\n<meta property=\"og:title\" content=\"VegeMi\u0119so z curry - Vegesmak\" \/>\n<meta property=\"og:description\" content=\"Sk\u0142adniki: woda, bia\u0142ko pszenne (22,1%), olej rzepakowy, olej kokosowy, przyprawy (curry 2%), bia\u0142ko sojowe, aromaty, skrobia kukurydziana, b\u0142onnik pszenny, ekstrakt czosnku, s\u00f3l, hydrolizat bia\u0142ka ro\u015blinnego, barwnik: tlenki \u017celaza. Producent: VegeSmak Sp.z.o.o\" \/>\n<meta property=\"og:url\" content=\"https:\/\/vegesmak.pl\/de\/produkt\/vegemieso-z-curry\/\" \/>\n<meta property=\"og:site_name\" content=\"Vegesmak\" \/>\n<meta property=\"article:modified_time\" content=\"2024-03-12T11:45:57+00:00\" \/>\n<meta property=\"og:image\" content=\"https:\/\/vegesmak.pl\/wp-content\/uploads\/2024\/03\/Mieso-dla-wegan-i-wegetarian-scaled.jpg\" \/>\n\t<meta property=\"og:image:width\" content=\"980\" \/>\n\t<meta property=\"og:image:height\" content=\"653\" \/>\n\t<meta property=\"og:image:type\" content=\"image\/jpeg\" \/>\n<meta name=\"twitter:card\" content=\"summary_large_image\" \/>\n<script type=\"application\/ld+json\" class=\"yoast-schema-graph\">{\"@context\":\"https:\/\/schema.org\",\"@graph\":[{\"@type\":\"WebPage\",\"@id\":\"https:\/\/vegesmak.pl\/de\/produkt\/vegemieso-z-curry\/\",\"url\":\"https:\/\/vegesmak.pl\/de\/produkt\/vegemieso-z-curry\/\",\"name\":\"VegeMi\u0119so z curry - Vegesmak\",\"isPartOf\":{\"@id\":\"https:\/\/vegesmak.pl\/#website\"},\"primaryImageOfPage\":{\"@id\":\"https:\/\/vegesmak.pl\/de\/produkt\/vegemieso-z-curry\/#primaryimage\"},\"image\":{\"@id\":\"https:\/\/vegesmak.pl\/de\/produkt\/vegemieso-z-curry\/#primaryimage\"},\"thumbnailUrl\":\"https:\/\/vegesmak.pl\/wp-content\/uploads\/2024\/03\/Mieso-dla-wegan-i-wegetarian-scaled.webp\",\"datePublished\":\"2024-03-08T09:28:41+00:00\",\"dateModified\":\"2024-03-12T11:45:57+00:00\",\"breadcrumb\":{\"@id\":\"https:\/\/vegesmak.pl\/de\/produkt\/vegemieso-z-curry\/#breadcrumb\"},\"inLanguage\":\"de\",\"potentialAction\":[{\"@type\":\"ReadAction\",\"target\":[\"https:\/\/vegesmak.pl\/de\/produkt\/vegemieso-z-curry\/\"]}]},{\"@type\":\"ImageObject\",\"inLanguage\":\"de\",\"@id\":\"https:\/\/vegesmak.pl\/de\/produkt\/vegemieso-z-curry\/#primaryimage\",\"url\":\"https:\/\/vegesmak.pl\/wp-content\/uploads\/2024\/03\/Mieso-dla-wegan-i-wegetarian-scaled.webp\",\"contentUrl\":\"https:\/\/vegesmak.pl\/wp-content\/uploads\/2024\/03\/Mieso-dla-wegan-i-wegetarian-scaled.webp\",\"width\":7918,\"height\":5278,\"caption\":\"Mi\u0119so dla wegan i wegetarian\"},{\"@type\":\"BreadcrumbList\",\"@id\":\"https:\/\/vegesmak.pl\/de\/produkt\/vegemieso-z-curry\/#breadcrumb\",\"itemListElement\":[{\"@type\":\"ListItem\",\"position\":1,\"name\":\"Strona g\u0142\u00f3wna\",\"item\":\"https:\/\/vegesmak.pl\/\"},{\"@type\":\"ListItem\",\"position\":2,\"name\":\"Sklep\",\"item\":\"https:\/\/vegesmak.pl\/sklep\/\"},{\"@type\":\"ListItem\",\"position\":3,\"name\":\"VegeMi\u0119so z curry\"}]},{\"@type\":\"WebSite\",\"@id\":\"https:\/\/vegesmak.pl\/#website\",\"url\":\"https:\/\/vegesmak.pl\/\",\"name\":\"Vegesmak\",\"description\":\"\",\"potentialAction\":[{\"@type\":\"SearchAction\",\"target\":{\"@type\":\"EntryPoint\",\"urlTemplate\":\"https:\/\/vegesmak.pl\/?s={search_term_string}\"},\"query-input\":{\"@type\":\"PropertyValueSpecification\",\"valueRequired\":true,\"valueName\":\"search_term_string\"}}],\"inLanguage\":\"de\"}]}<\/script>\n<!-- \/ Yoast SEO plugin. -->","yoast_head_json":{"title":"VegeMi\u0119so z curry - Vegesmak","robots":{"index":"index","follow":"follow","max-snippet":"max-snippet:-1","max-image-preview":"max-image-preview:large","max-video-preview":"max-video-preview:-1"},"canonical":"https:\/\/vegesmak.pl\/de\/produkt\/vegemieso-z-curry\/","og_locale":"de_DE","og_type":"article","og_title":"VegeMi\u0119so z curry - Vegesmak","og_description":"Sk\u0142adniki: woda, bia\u0142ko pszenne (22,1%), olej rzepakowy, olej kokosowy, przyprawy (curry 2%), bia\u0142ko sojowe, aromaty, skrobia kukurydziana, b\u0142onnik pszenny, ekstrakt czosnku, s\u00f3l, hydrolizat bia\u0142ka ro\u015blinnego, barwnik: tlenki \u017celaza. Producent: VegeSmak Sp.z.o.o","og_url":"https:\/\/vegesmak.pl\/de\/produkt\/vegemieso-z-curry\/","og_site_name":"Vegesmak","article_modified_time":"2024-03-12T11:45:57+00:00","og_image":[{"url":"https:\/\/vegesmak.pl\/wp-content\/uploads\/2024\/03\/Mieso-dla-wegan-i-wegetarian-scaled.jpg","width":980,"height":653,"type":"image\/jpeg"}],"twitter_card":"summary_large_image","schema":{"@context":"https:\/\/schema.org","@graph":[{"@type":"WebPage","@id":"https:\/\/vegesmak.pl\/de\/produkt\/vegemieso-z-curry\/","url":"https:\/\/vegesmak.pl\/de\/produkt\/vegemieso-z-curry\/","name":"VegeMi\u0119so z curry - Vegesmak","isPartOf":{"@id":"https:\/\/vegesmak.pl\/#website"},"primaryImageOfPage":{"@id":"https:\/\/vegesmak.pl\/de\/produkt\/vegemieso-z-curry\/#primaryimage"},"image":{"@id":"https:\/\/vegesmak.pl\/de\/produkt\/vegemieso-z-curry\/#primaryimage"},"thumbnailUrl":"https:\/\/vegesmak.pl\/wp-content\/uploads\/2024\/03\/Mieso-dla-wegan-i-wegetarian-scaled.webp","datePublished":"2024-03-08T09:28:41+00:00","dateModified":"2024-03-12T11:45:57+00:00","breadcrumb":{"@id":"https:\/\/vegesmak.pl\/de\/produkt\/vegemieso-z-curry\/#breadcrumb"},"inLanguage":"de","potentialAction":[{"@type":"ReadAction","target":["https:\/\/vegesmak.pl\/de\/produkt\/vegemieso-z-curry\/"]}]},{"@type":"ImageObject","inLanguage":"de","@id":"https:\/\/vegesmak.pl\/de\/produkt\/vegemieso-z-curry\/#primaryimage","url":"https:\/\/vegesmak.pl\/wp-content\/uploads\/2024\/03\/Mieso-dla-wegan-i-wegetarian-scaled.webp","contentUrl":"https:\/\/vegesmak.pl\/wp-content\/uploads\/2024\/03\/Mieso-dla-wegan-i-wegetarian-scaled.webp","width":7918,"height":5278,"caption":"Mi\u0119so dla wegan i wegetarian"},{"@type":"BreadcrumbList","@id":"https:\/\/vegesmak.pl\/de\/produkt\/vegemieso-z-curry\/#breadcrumb","itemListElement":[{"@type":"ListItem","position":1,"name":"Strona g\u0142\u00f3wna","item":"https:\/\/vegesmak.pl\/"},{"@type":"ListItem","position":2,"name":"Sklep","item":"https:\/\/vegesmak.pl\/sklep\/"},{"@type":"ListItem","position":3,"name":"VegeMi\u0119so z curry"}]},{"@type":"WebSite","@id":"https:\/\/vegesmak.pl\/#website","url":"https:\/\/vegesmak.pl\/","name":"Vegesmak","description":"","potentialAction":[{"@type":"SearchAction","target":{"@type":"EntryPoint","urlTemplate":"https:\/\/vegesmak.pl\/?s={search_term_string}"},"query-input":{"@type":"PropertyValueSpecification","valueRequired":true,"valueName":"search_term_string"}}],"inLanguage":"de"}]}},"_links":{"self":[{"href":"https:\/\/vegesmak.pl\/de\/wp-json\/wp\/v2\/product\/5441","targetHints":{"allow":["GET"]}}],"collection":[{"href":"https:\/\/vegesmak.pl\/de\/wp-json\/wp\/v2\/product"}],"about":[{"href":"https:\/\/vegesmak.pl\/de\/wp-json\/wp\/v2\/types\/product"}],"replies":[{"embeddable":true,"href":"https:\/\/vegesmak.pl\/de\/wp-json\/wp\/v2\/comments?post=5441"}],"wp:featuredmedia":[{"embeddable":true,"href":"https:\/\/vegesmak.pl\/de\/wp-json\/wp\/v2\/media\/5440"}],"wp:attachment":[{"href":"https:\/\/vegesmak.pl\/de\/wp-json\/wp\/v2\/media?parent=5441"}],"wp:term":[{"taxonomy":"product_brand","embeddable":true,"href":"https:\/\/vegesmak.pl\/de\/wp-json\/wp\/v2\/product_brand?post=5441"},{"taxonomy":"product_cat","embeddable":true,"href":"https:\/\/vegesmak.pl\/de\/wp-json\/wp\/v2\/product_cat?post=5441"},{"taxonomy":"product_tag","embeddable":true,"href":"https:\/\/vegesmak.pl\/de\/wp-json\/wp\/v2\/product_tag?post=5441"}],"curies":[{"name":"wp","href":"https:\/\/api.w.org\/{rel}","templated":true}]}}