{"id":5446,"date":"2024-03-08T10:31:39","date_gmt":"2024-03-08T10:31:39","guid":{"rendered":"https:\/\/vegesmak.pl\/?post_type=product&#038;p=5446"},"modified":"2024-03-12T11:45:49","modified_gmt":"2024-03-12T11:45:49","slug":"vege-roslinna-biala","status":"publish","type":"product","link":"https:\/\/vegesmak.pl\/de\/produkt\/vege-roslinna-biala\/","title":{"rendered":"Ro\u015blinna Bia\u0142a"},"content":{"rendered":"","protected":false},"excerpt":{"rendered":"<div><b><span lang=\"EN-US\">Sk\u0142adniki<\/span><\/b><span lang=\"EN-US\">: woda, bia\u0142ko pszenne (30%), olej kokosowy, przyprawy (majeranek 1,2%, czosnek 0,8% pieprz 0,5%), skrobia kukurydziana, b\u0142onnik pszenny, s\u00f3l, hydrolizat bia\u0142ka ro\u015blinnego, ekstrakt czosnku (0,4%).<\/span><\/div>\n<div><\/div>\n<div>Producent: VegeSmak Sp.z.o.o<\/div>\n","protected":false},"featured_media":5447,"comment_status":"open","ping_status":"closed","template":"","meta":{"_monsterinsights_skip_tracking":false,"_monsterinsights_sitenote_active":false,"_monsterinsights_sitenote_note":"","_monsterinsights_sitenote_category":0},"product_brand":[],"product_cat":[26,48],"product_tag":[],"class_list":{"0":"post-5446","1":"product","2":"type-product","3":"status-publish","4":"has-post-thumbnail","6":"product_cat-pl","7":"product_cat-promocje","9":"first","10":"instock","11":"shipping-taxable","12":"purchasable","13":"product-type-simple"},"yoast_head":"<!-- This site is optimized with the Yoast SEO plugin v27.1.1 - https:\/\/yoast.com\/product\/yoast-seo-wordpress\/ -->\n<title>Ro\u015blinna Bia\u0142a - Vegesmak<\/title>\n<meta name=\"robots\" content=\"index, follow, max-snippet:-1, max-image-preview:large, max-video-preview:-1\" \/>\n<link rel=\"canonical\" href=\"https:\/\/vegesmak.pl\/de\/produkt\/vege-roslinna-biala\/\" \/>\n<meta property=\"og:locale\" content=\"de_DE\" \/>\n<meta property=\"og:type\" content=\"article\" \/>\n<meta property=\"og:title\" content=\"Ro\u015blinna Bia\u0142a - Vegesmak\" \/>\n<meta property=\"og:description\" content=\"Sk\u0142adniki: woda, bia\u0142ko pszenne (30%), olej kokosowy, przyprawy (majeranek 1,2%, czosnek 0,8% pieprz 0,5%), skrobia kukurydziana, b\u0142onnik pszenny, s\u00f3l, hydrolizat bia\u0142ka ro\u015blinnego, ekstrakt czosnku (0,4%).  Producent: VegeSmak Sp.z.o.o\" \/>\n<meta property=\"og:url\" content=\"https:\/\/vegesmak.pl\/de\/produkt\/vege-roslinna-biala\/\" \/>\n<meta property=\"og:site_name\" content=\"Vegesmak\" \/>\n<meta property=\"article:modified_time\" content=\"2024-03-12T11:45:49+00:00\" \/>\n<meta property=\"og:image\" content=\"https:\/\/vegesmak.pl\/wp-content\/uploads\/2024\/03\/Roslinna-biala-scaled.jpg\" \/>\n\t<meta property=\"og:image:width\" content=\"2560\" \/>\n\t<meta property=\"og:image:height\" content=\"1707\" \/>\n\t<meta property=\"og:image:type\" content=\"image\/jpeg\" \/>\n<meta name=\"twitter:card\" content=\"summary_large_image\" \/>\n<meta name=\"twitter:label1\" content=\"Gesch\u00e4tzte Lesezeit\" \/>\n\t<meta name=\"twitter:data1\" content=\"1\u00a0Minute\" \/>\n<script type=\"application\/ld+json\" class=\"yoast-schema-graph\">{\"@context\":\"https:\/\/schema.org\",\"@graph\":[{\"@type\":\"WebPage\",\"@id\":\"https:\/\/vegesmak.pl\/de\/produkt\/vege-roslinna-biala\/\",\"url\":\"https:\/\/vegesmak.pl\/de\/produkt\/vege-roslinna-biala\/\",\"name\":\"Ro\u015blinna Bia\u0142a - Vegesmak\",\"isPartOf\":{\"@id\":\"https:\/\/vegesmak.pl\/#website\"},\"primaryImageOfPage\":{\"@id\":\"https:\/\/vegesmak.pl\/de\/produkt\/vege-roslinna-biala\/#primaryimage\"},\"image\":{\"@id\":\"https:\/\/vegesmak.pl\/de\/produkt\/vege-roslinna-biala\/#primaryimage\"},\"thumbnailUrl\":\"https:\/\/vegesmak.pl\/wp-content\/uploads\/2024\/03\/Roslinna-biala-scaled.jpg\",\"datePublished\":\"2024-03-08T10:31:39+00:00\",\"dateModified\":\"2024-03-12T11:45:49+00:00\",\"breadcrumb\":{\"@id\":\"https:\/\/vegesmak.pl\/de\/produkt\/vege-roslinna-biala\/#breadcrumb\"},\"inLanguage\":\"de\",\"potentialAction\":[{\"@type\":\"ReadAction\",\"target\":[\"https:\/\/vegesmak.pl\/de\/produkt\/vege-roslinna-biala\/\"]}]},{\"@type\":\"ImageObject\",\"inLanguage\":\"de\",\"@id\":\"https:\/\/vegesmak.pl\/de\/produkt\/vege-roslinna-biala\/#primaryimage\",\"url\":\"https:\/\/vegesmak.pl\/wp-content\/uploads\/2024\/03\/Roslinna-biala-scaled.jpg\",\"contentUrl\":\"https:\/\/vegesmak.pl\/wp-content\/uploads\/2024\/03\/Roslinna-biala-scaled.jpg\",\"width\":2560,\"height\":1707,\"caption\":\"Ro\u015blinna bia\u0142a\"},{\"@type\":\"BreadcrumbList\",\"@id\":\"https:\/\/vegesmak.pl\/de\/produkt\/vege-roslinna-biala\/#breadcrumb\",\"itemListElement\":[{\"@type\":\"ListItem\",\"position\":1,\"name\":\"Strona g\u0142\u00f3wna\",\"item\":\"https:\/\/vegesmak.pl\/\"},{\"@type\":\"ListItem\",\"position\":2,\"name\":\"Sklep\",\"item\":\"https:\/\/vegesmak.pl\/sklep\/\"},{\"@type\":\"ListItem\",\"position\":3,\"name\":\"Ro\u015blinna Bia\u0142a\"}]},{\"@type\":\"WebSite\",\"@id\":\"https:\/\/vegesmak.pl\/#website\",\"url\":\"https:\/\/vegesmak.pl\/\",\"name\":\"Vegesmak\",\"description\":\"\",\"potentialAction\":[{\"@type\":\"SearchAction\",\"target\":{\"@type\":\"EntryPoint\",\"urlTemplate\":\"https:\/\/vegesmak.pl\/?s={search_term_string}\"},\"query-input\":{\"@type\":\"PropertyValueSpecification\",\"valueRequired\":true,\"valueName\":\"search_term_string\"}}],\"inLanguage\":\"de\"}]}<\/script>\n<!-- \/ Yoast SEO plugin. -->","yoast_head_json":{"title":"Ro\u015blinna Bia\u0142a - Vegesmak","robots":{"index":"index","follow":"follow","max-snippet":"max-snippet:-1","max-image-preview":"max-image-preview:large","max-video-preview":"max-video-preview:-1"},"canonical":"https:\/\/vegesmak.pl\/de\/produkt\/vege-roslinna-biala\/","og_locale":"de_DE","og_type":"article","og_title":"Ro\u015blinna Bia\u0142a - Vegesmak","og_description":"Sk\u0142adniki: woda, bia\u0142ko pszenne (30%), olej kokosowy, przyprawy (majeranek 1,2%, czosnek 0,8% pieprz 0,5%), skrobia kukurydziana, b\u0142onnik pszenny, s\u00f3l, hydrolizat bia\u0142ka ro\u015blinnego, ekstrakt czosnku (0,4%).  Producent: VegeSmak Sp.z.o.o","og_url":"https:\/\/vegesmak.pl\/de\/produkt\/vege-roslinna-biala\/","og_site_name":"Vegesmak","article_modified_time":"2024-03-12T11:45:49+00:00","og_image":[{"width":2560,"height":1707,"url":"https:\/\/vegesmak.pl\/wp-content\/uploads\/2024\/03\/Roslinna-biala-scaled.jpg","type":"image\/jpeg"}],"twitter_card":"summary_large_image","twitter_misc":{"Gesch\u00e4tzte Lesezeit":"1\u00a0Minute"},"schema":{"@context":"https:\/\/schema.org","@graph":[{"@type":"WebPage","@id":"https:\/\/vegesmak.pl\/de\/produkt\/vege-roslinna-biala\/","url":"https:\/\/vegesmak.pl\/de\/produkt\/vege-roslinna-biala\/","name":"Ro\u015blinna Bia\u0142a - Vegesmak","isPartOf":{"@id":"https:\/\/vegesmak.pl\/#website"},"primaryImageOfPage":{"@id":"https:\/\/vegesmak.pl\/de\/produkt\/vege-roslinna-biala\/#primaryimage"},"image":{"@id":"https:\/\/vegesmak.pl\/de\/produkt\/vege-roslinna-biala\/#primaryimage"},"thumbnailUrl":"https:\/\/vegesmak.pl\/wp-content\/uploads\/2024\/03\/Roslinna-biala-scaled.jpg","datePublished":"2024-03-08T10:31:39+00:00","dateModified":"2024-03-12T11:45:49+00:00","breadcrumb":{"@id":"https:\/\/vegesmak.pl\/de\/produkt\/vege-roslinna-biala\/#breadcrumb"},"inLanguage":"de","potentialAction":[{"@type":"ReadAction","target":["https:\/\/vegesmak.pl\/de\/produkt\/vege-roslinna-biala\/"]}]},{"@type":"ImageObject","inLanguage":"de","@id":"https:\/\/vegesmak.pl\/de\/produkt\/vege-roslinna-biala\/#primaryimage","url":"https:\/\/vegesmak.pl\/wp-content\/uploads\/2024\/03\/Roslinna-biala-scaled.jpg","contentUrl":"https:\/\/vegesmak.pl\/wp-content\/uploads\/2024\/03\/Roslinna-biala-scaled.jpg","width":2560,"height":1707,"caption":"Ro\u015blinna bia\u0142a"},{"@type":"BreadcrumbList","@id":"https:\/\/vegesmak.pl\/de\/produkt\/vege-roslinna-biala\/#breadcrumb","itemListElement":[{"@type":"ListItem","position":1,"name":"Strona g\u0142\u00f3wna","item":"https:\/\/vegesmak.pl\/"},{"@type":"ListItem","position":2,"name":"Sklep","item":"https:\/\/vegesmak.pl\/sklep\/"},{"@type":"ListItem","position":3,"name":"Ro\u015blinna Bia\u0142a"}]},{"@type":"WebSite","@id":"https:\/\/vegesmak.pl\/#website","url":"https:\/\/vegesmak.pl\/","name":"Vegesmak","description":"","potentialAction":[{"@type":"SearchAction","target":{"@type":"EntryPoint","urlTemplate":"https:\/\/vegesmak.pl\/?s={search_term_string}"},"query-input":{"@type":"PropertyValueSpecification","valueRequired":true,"valueName":"search_term_string"}}],"inLanguage":"de"}]}},"_links":{"self":[{"href":"https:\/\/vegesmak.pl\/de\/wp-json\/wp\/v2\/product\/5446","targetHints":{"allow":["GET"]}}],"collection":[{"href":"https:\/\/vegesmak.pl\/de\/wp-json\/wp\/v2\/product"}],"about":[{"href":"https:\/\/vegesmak.pl\/de\/wp-json\/wp\/v2\/types\/product"}],"replies":[{"embeddable":true,"href":"https:\/\/vegesmak.pl\/de\/wp-json\/wp\/v2\/comments?post=5446"}],"wp:featuredmedia":[{"embeddable":true,"href":"https:\/\/vegesmak.pl\/de\/wp-json\/wp\/v2\/media\/5447"}],"wp:attachment":[{"href":"https:\/\/vegesmak.pl\/de\/wp-json\/wp\/v2\/media?parent=5446"}],"wp:term":[{"taxonomy":"product_brand","embeddable":true,"href":"https:\/\/vegesmak.pl\/de\/wp-json\/wp\/v2\/product_brand?post=5446"},{"taxonomy":"product_cat","embeddable":true,"href":"https:\/\/vegesmak.pl\/de\/wp-json\/wp\/v2\/product_cat?post=5446"},{"taxonomy":"product_tag","embeddable":true,"href":"https:\/\/vegesmak.pl\/de\/wp-json\/wp\/v2\/product_tag?post=5446"}],"curies":[{"name":"wp","href":"https:\/\/api.w.org\/{rel}","templated":true}]}}