{"id":5686,"date":"2024-04-08T11:43:05","date_gmt":"2024-04-08T11:43:05","guid":{"rendered":"https:\/\/vegesmak.pl\/produkt\/krem-pistacjowo-kakaowy-bio-190g\/"},"modified":"2024-04-08T11:43:43","modified_gmt":"2024-04-08T11:43:43","slug":"krem-pistacjowo-kakaowy-bio-190g","status":"publish","type":"product","link":"https:\/\/vegesmak.pl\/de\/produkt\/krem-pistacjowo-kakaowy-bio-190g\/","title":{"rendered":"Krem pistacjowo kakaowy BIO 190g"},"content":{"rendered":"","protected":false},"excerpt":{"rendered":"<p><strong>Zutaten:<\/strong><br \/>\nsyrop ry\u017cowy w proszku*, cukier trzcinowy*, olej s\u0142onecznikowy*, proszek kokosowy*, pasta z pistacji* 10 %, kakao w proszku o obni\u017conej zawarto\u015bci t\u0142uszczu* 5 %, guma arabska* (b\u0142onnik z akacji*), emulgator: lecytyny (ze s\u0142onecznika*) (*certyfikowany sk\u0142adnik ekologiczny)<\/p>\n<p>\u0179r\u00f3d\u0142o b\u0142onnika pokarmowego.<\/p>\n<p>WARTO\u015a\u0106 OD\u017bYWCZA W 100 g<br \/>\nWarto\u015b\u0107 energetyczna: 2241 kJ \/ 540 kcal<br \/>\nT\u0142uszcz: 32 g<br \/>\nw tym kwasy t\u0142uszczowe nasycone: 9,4 g<br \/>\nW\u0119glowodany: 57 g<br \/>\nw tym cukry: 27 g<br \/>\nB\u0142onnik: 3,5 g<br \/>\nBia\u0142ko: 4,0 g<br \/>\nS\u00f3l: 0,07 g<\/p>\n<p>Mo\u017ce zawiera\u0107 MLEKO, ORZECHY, ORZESZKI ZIEMNE, SOJ\u0118.<\/p>\n<p>Dopuszcza si\u0119 nieznaczne r\u00f3\u017cnice pomi\u0119dzy poszczeg\u00f3lnymi partiami wynikaj\u0105ce z naturalnego pochodzenia produktu.<br \/>\nNa powierzchni mo\u017ce wytr\u0105ca\u0107 si\u0119 olej, jest to naturalny proces i nie \u015bwiadczy o z\u0142ej jako\u015bci produktu.<\/p>\n","protected":false},"featured_media":5685,"comment_status":"open","ping_status":"closed","template":"","meta":{"_monsterinsights_skip_tracking":false,"_monsterinsights_sitenote_active":false,"_monsterinsights_sitenote_note":"","_monsterinsights_sitenote_category":0},"product_brand":[],"product_cat":[26,48],"product_tag":[],"class_list":{"0":"post-5686","1":"product","2":"type-product","3":"status-publish","4":"has-post-thumbnail","6":"product_cat-pl","7":"product_cat-promocje","9":"first","10":"instock","11":"shipping-taxable","12":"purchasable","13":"product-type-simple"},"yoast_head":"<!-- This site is optimized with the Yoast SEO plugin v27.1.1 - https:\/\/yoast.com\/product\/yoast-seo-wordpress\/ -->\n<title>Krem pistacjowo kakaowy BIO 190g - Vegesmak<\/title>\n<meta name=\"robots\" content=\"index, follow, max-snippet:-1, max-image-preview:large, max-video-preview:-1\" \/>\n<link rel=\"canonical\" href=\"https:\/\/vegesmak.pl\/de\/produkt\/krem-pistacjowo-kakaowy-bio-190g\/\" \/>\n<meta property=\"og:locale\" content=\"de_DE\" \/>\n<meta property=\"og:type\" content=\"article\" \/>\n<meta property=\"og:title\" content=\"Krem pistacjowo kakaowy BIO 190g - Vegesmak\" \/>\n<meta property=\"og:description\" content=\"Zutaten: syrop ry\u017cowy w proszku*, cukier trzcinowy*, olej s\u0142onecznikowy*, proszek kokosowy*, pasta z pistacji* 10 %, kakao w proszku o obni\u017conej zawarto\u015bci t\u0142uszczu* 5 %, guma arabska* (b\u0142onnik z akacji*), emulgator: lecytyny (ze s\u0142onecznika*) (*certyfikowany sk\u0142adnik ekologiczny) \u0179r\u00f3d\u0142o b\u0142onnika pokarmowego. WARTO\u015a\u0106 OD\u017bYWCZA W 100 g Warto\u015b\u0107 energetyczna: 2241 kJ \/ 540 kcal T\u0142uszcz: 32 g w tym kwasy t\u0142uszczowe nasycone: 9,4 g W\u0119glowodany: 57 g w tym cukry: 27 g B\u0142onnik: 3,5 g Bia\u0142ko: 4,0 g S\u00f3l: 0,07 g Mo\u017ce zawiera\u0107 MLEKO, ORZECHY, ORZESZKI ZIEMNE, SOJ\u0118. Dopuszcza si\u0119 nieznaczne r\u00f3\u017cnice pomi\u0119dzy poszczeg\u00f3lnymi partiami wynikaj\u0105ce z naturalnego pochodzenia produktu. Na powierzchni mo\u017ce wytr\u0105ca\u0107 si\u0119 olej, jest to naturalny proces i nie \u015bwiadczy o z\u0142ej jako\u015bci produktu.\" \/>\n<meta property=\"og:url\" content=\"https:\/\/vegesmak.pl\/de\/produkt\/krem-pistacjowo-kakaowy-bio-190g\/\" \/>\n<meta property=\"og:site_name\" content=\"Vegesmak\" \/>\n<meta property=\"article:modified_time\" content=\"2024-04-08T11:43:43+00:00\" \/>\n<meta property=\"og:image\" content=\"https:\/\/vegesmak.pl\/wp-content\/uploads\/2024\/04\/krem-pistacjowo-kakaowy-bio-896x1024.png\" \/>\n\t<meta property=\"og:image:width\" content=\"896\" \/>\n\t<meta property=\"og:image:height\" content=\"1024\" \/>\n\t<meta property=\"og:image:type\" content=\"image\/png\" \/>\n<meta name=\"twitter:card\" content=\"summary_large_image\" \/>\n<script type=\"application\/ld+json\" class=\"yoast-schema-graph\">{\"@context\":\"https:\/\/schema.org\",\"@graph\":[{\"@type\":\"WebPage\",\"@id\":\"https:\/\/vegesmak.pl\/de\/produkt\/krem-pistacjowo-kakaowy-bio-190g\/\",\"url\":\"https:\/\/vegesmak.pl\/de\/produkt\/krem-pistacjowo-kakaowy-bio-190g\/\",\"name\":\"Krem pistacjowo kakaowy BIO 190g - Vegesmak\",\"isPartOf\":{\"@id\":\"https:\/\/vegesmak.pl\/#website\"},\"primaryImageOfPage\":{\"@id\":\"https:\/\/vegesmak.pl\/de\/produkt\/krem-pistacjowo-kakaowy-bio-190g\/#primaryimage\"},\"image\":{\"@id\":\"https:\/\/vegesmak.pl\/de\/produkt\/krem-pistacjowo-kakaowy-bio-190g\/#primaryimage\"},\"thumbnailUrl\":\"https:\/\/vegesmak.pl\/wp-content\/uploads\/2024\/04\/krem-pistacjowo-kakaowy-bio.webp\",\"datePublished\":\"2024-04-08T11:43:05+00:00\",\"dateModified\":\"2024-04-08T11:43:43+00:00\",\"breadcrumb\":{\"@id\":\"https:\/\/vegesmak.pl\/de\/produkt\/krem-pistacjowo-kakaowy-bio-190g\/#breadcrumb\"},\"inLanguage\":\"de\",\"potentialAction\":[{\"@type\":\"ReadAction\",\"target\":[\"https:\/\/vegesmak.pl\/de\/produkt\/krem-pistacjowo-kakaowy-bio-190g\/\"]}]},{\"@type\":\"ImageObject\",\"inLanguage\":\"de\",\"@id\":\"https:\/\/vegesmak.pl\/de\/produkt\/krem-pistacjowo-kakaowy-bio-190g\/#primaryimage\",\"url\":\"https:\/\/vegesmak.pl\/wp-content\/uploads\/2024\/04\/krem-pistacjowo-kakaowy-bio.webp\",\"contentUrl\":\"https:\/\/vegesmak.pl\/wp-content\/uploads\/2024\/04\/krem-pistacjowo-kakaowy-bio.webp\",\"width\":1050,\"height\":1200,\"caption\":\"krem-pistacjowo-kakaowy-bio\"},{\"@type\":\"BreadcrumbList\",\"@id\":\"https:\/\/vegesmak.pl\/de\/produkt\/krem-pistacjowo-kakaowy-bio-190g\/#breadcrumb\",\"itemListElement\":[{\"@type\":\"ListItem\",\"position\":1,\"name\":\"Strona g\u0142\u00f3wna\",\"item\":\"https:\/\/vegesmak.pl\/\"},{\"@type\":\"ListItem\",\"position\":2,\"name\":\"Sklep\",\"item\":\"https:\/\/vegesmak.pl\/sklep\/\"},{\"@type\":\"ListItem\",\"position\":3,\"name\":\"Krem pistacjowo kakaowy BIO 190g\"}]},{\"@type\":\"WebSite\",\"@id\":\"https:\/\/vegesmak.pl\/#website\",\"url\":\"https:\/\/vegesmak.pl\/\",\"name\":\"Vegesmak\",\"description\":\"\",\"potentialAction\":[{\"@type\":\"SearchAction\",\"target\":{\"@type\":\"EntryPoint\",\"urlTemplate\":\"https:\/\/vegesmak.pl\/?s={search_term_string}\"},\"query-input\":{\"@type\":\"PropertyValueSpecification\",\"valueRequired\":true,\"valueName\":\"search_term_string\"}}],\"inLanguage\":\"de\"}]}<\/script>\n<!-- \/ Yoast SEO plugin. -->","yoast_head_json":{"title":"Krem pistacjowo kakaowy BIO 190g - Vegesmak","robots":{"index":"index","follow":"follow","max-snippet":"max-snippet:-1","max-image-preview":"max-image-preview:large","max-video-preview":"max-video-preview:-1"},"canonical":"https:\/\/vegesmak.pl\/de\/produkt\/krem-pistacjowo-kakaowy-bio-190g\/","og_locale":"de_DE","og_type":"article","og_title":"Krem pistacjowo kakaowy BIO 190g - Vegesmak","og_description":"Zutaten: syrop ry\u017cowy w proszku*, cukier trzcinowy*, olej s\u0142onecznikowy*, proszek kokosowy*, pasta z pistacji* 10 %, kakao w proszku o obni\u017conej zawarto\u015bci t\u0142uszczu* 5 %, guma arabska* (b\u0142onnik z akacji*), emulgator: lecytyny (ze s\u0142onecznika*) (*certyfikowany sk\u0142adnik ekologiczny) \u0179r\u00f3d\u0142o b\u0142onnika pokarmowego. WARTO\u015a\u0106 OD\u017bYWCZA W 100 g Warto\u015b\u0107 energetyczna: 2241 kJ \/ 540 kcal T\u0142uszcz: 32 g w tym kwasy t\u0142uszczowe nasycone: 9,4 g W\u0119glowodany: 57 g w tym cukry: 27 g B\u0142onnik: 3,5 g Bia\u0142ko: 4,0 g S\u00f3l: 0,07 g Mo\u017ce zawiera\u0107 MLEKO, ORZECHY, ORZESZKI ZIEMNE, SOJ\u0118. Dopuszcza si\u0119 nieznaczne r\u00f3\u017cnice pomi\u0119dzy poszczeg\u00f3lnymi partiami wynikaj\u0105ce z naturalnego pochodzenia produktu. Na powierzchni mo\u017ce wytr\u0105ca\u0107 si\u0119 olej, jest to naturalny proces i nie \u015bwiadczy o z\u0142ej jako\u015bci produktu.","og_url":"https:\/\/vegesmak.pl\/de\/produkt\/krem-pistacjowo-kakaowy-bio-190g\/","og_site_name":"Vegesmak","article_modified_time":"2024-04-08T11:43:43+00:00","og_image":[{"width":896,"height":1024,"url":"https:\/\/vegesmak.pl\/wp-content\/uploads\/2024\/04\/krem-pistacjowo-kakaowy-bio-896x1024.png","type":"image\/png"}],"twitter_card":"summary_large_image","schema":{"@context":"https:\/\/schema.org","@graph":[{"@type":"WebPage","@id":"https:\/\/vegesmak.pl\/de\/produkt\/krem-pistacjowo-kakaowy-bio-190g\/","url":"https:\/\/vegesmak.pl\/de\/produkt\/krem-pistacjowo-kakaowy-bio-190g\/","name":"Krem pistacjowo kakaowy BIO 190g - Vegesmak","isPartOf":{"@id":"https:\/\/vegesmak.pl\/#website"},"primaryImageOfPage":{"@id":"https:\/\/vegesmak.pl\/de\/produkt\/krem-pistacjowo-kakaowy-bio-190g\/#primaryimage"},"image":{"@id":"https:\/\/vegesmak.pl\/de\/produkt\/krem-pistacjowo-kakaowy-bio-190g\/#primaryimage"},"thumbnailUrl":"https:\/\/vegesmak.pl\/wp-content\/uploads\/2024\/04\/krem-pistacjowo-kakaowy-bio.webp","datePublished":"2024-04-08T11:43:05+00:00","dateModified":"2024-04-08T11:43:43+00:00","breadcrumb":{"@id":"https:\/\/vegesmak.pl\/de\/produkt\/krem-pistacjowo-kakaowy-bio-190g\/#breadcrumb"},"inLanguage":"de","potentialAction":[{"@type":"ReadAction","target":["https:\/\/vegesmak.pl\/de\/produkt\/krem-pistacjowo-kakaowy-bio-190g\/"]}]},{"@type":"ImageObject","inLanguage":"de","@id":"https:\/\/vegesmak.pl\/de\/produkt\/krem-pistacjowo-kakaowy-bio-190g\/#primaryimage","url":"https:\/\/vegesmak.pl\/wp-content\/uploads\/2024\/04\/krem-pistacjowo-kakaowy-bio.webp","contentUrl":"https:\/\/vegesmak.pl\/wp-content\/uploads\/2024\/04\/krem-pistacjowo-kakaowy-bio.webp","width":1050,"height":1200,"caption":"krem-pistacjowo-kakaowy-bio"},{"@type":"BreadcrumbList","@id":"https:\/\/vegesmak.pl\/de\/produkt\/krem-pistacjowo-kakaowy-bio-190g\/#breadcrumb","itemListElement":[{"@type":"ListItem","position":1,"name":"Strona g\u0142\u00f3wna","item":"https:\/\/vegesmak.pl\/"},{"@type":"ListItem","position":2,"name":"Sklep","item":"https:\/\/vegesmak.pl\/sklep\/"},{"@type":"ListItem","position":3,"name":"Krem pistacjowo kakaowy BIO 190g"}]},{"@type":"WebSite","@id":"https:\/\/vegesmak.pl\/#website","url":"https:\/\/vegesmak.pl\/","name":"Vegesmak","description":"","potentialAction":[{"@type":"SearchAction","target":{"@type":"EntryPoint","urlTemplate":"https:\/\/vegesmak.pl\/?s={search_term_string}"},"query-input":{"@type":"PropertyValueSpecification","valueRequired":true,"valueName":"search_term_string"}}],"inLanguage":"de"}]}},"_links":{"self":[{"href":"https:\/\/vegesmak.pl\/de\/wp-json\/wp\/v2\/product\/5686","targetHints":{"allow":["GET"]}}],"collection":[{"href":"https:\/\/vegesmak.pl\/de\/wp-json\/wp\/v2\/product"}],"about":[{"href":"https:\/\/vegesmak.pl\/de\/wp-json\/wp\/v2\/types\/product"}],"replies":[{"embeddable":true,"href":"https:\/\/vegesmak.pl\/de\/wp-json\/wp\/v2\/comments?post=5686"}],"wp:featuredmedia":[{"embeddable":true,"href":"https:\/\/vegesmak.pl\/de\/wp-json\/wp\/v2\/media\/5685"}],"wp:attachment":[{"href":"https:\/\/vegesmak.pl\/de\/wp-json\/wp\/v2\/media?parent=5686"}],"wp:term":[{"taxonomy":"product_brand","embeddable":true,"href":"https:\/\/vegesmak.pl\/de\/wp-json\/wp\/v2\/product_brand?post=5686"},{"taxonomy":"product_cat","embeddable":true,"href":"https:\/\/vegesmak.pl\/de\/wp-json\/wp\/v2\/product_cat?post=5686"},{"taxonomy":"product_tag","embeddable":true,"href":"https:\/\/vegesmak.pl\/de\/wp-json\/wp\/v2\/product_tag?post=5686"}],"curies":[{"name":"wp","href":"https:\/\/api.w.org\/{rel}","templated":true}]}}