{"id":2776,"date":"2022-07-25T08:54:20","date_gmt":"2022-07-25T08:54:20","guid":{"rendered":"https:\/\/vegesmak.pl\/produkt\/vegetable-spicy-pate\/"},"modified":"2024-01-19T11:15:12","modified_gmt":"2024-01-19T11:15:12","slug":"vegetable-spicy-pate","status":"publish","type":"product","link":"https:\/\/vegesmak.pl\/en\/produkt\/vegetable-spicy-pate\/","title":{"rendered":"Vegetable spicy p\u00e2t\u00e9"},"content":{"rendered":"","protected":false},"excerpt":{"rendered":"<p><span style=\"color: #61ce70;\">Ingredients<\/span>: Water, Pea Protein, Potato Starch, <strong>Soy Protein<\/strong>, Salt, vegetable oils (coconut, rapeseed), aromas, spices, maltodextrin.<\/p>\n<p>Plant product<\/p>\n<p>Weight: 120 g<\/p>\n<p dir=\"ltr\">Nutritional value \/ 100g product \/% RWS *<br \/>\nEnergy value \/ 1049 kJ\/247 kcal \/ 13 %<br \/>\nFat\/ 18g \/ 26%<br \/>\n(including saturated acids) 1,7g \/ 9%<br \/>\nCarbohydrates \/ 20g \/ 8%<br \/>\n(including sugars) \/ 3,4g \/ 4%<br \/>\nProtein \/ 24,5g \/ 49%<br \/>\nSalt \/1,5g \/ 25%<\/p>\n<p>Shipping time is 3-5 business days.<\/p>\n<div class=\"elementor-element elementor-element-af273ff elementor-widget elementor-widget-text-editor\" data-id=\"af273ff\" data-element_type=\"widget\" data-widget_type=\"text-editor.default\">\n<div class=\"elementor-widget-container\">\n<div class=\"elementor-text-editor elementor-clearfix\">\n<p><strong>FEDEX international shipping \u2013 individual pricing <\/strong><br \/>\n<a href=\"https:\/\/vegesmak.pl\/#kontakt\"><strong>Write to us for details!<\/strong><\/a><\/p>\n<\/div>\n<\/div>\n<\/div>\n","protected":false},"featured_media":2359,"comment_status":"open","ping_status":"closed","template":"","meta":{"_monsterinsights_skip_tracking":false,"_monsterinsights_sitenote_active":false,"_monsterinsights_sitenote_note":"","_monsterinsights_sitenote_category":0},"product_brand":[],"product_cat":[26],"product_tag":[],"class_list":{"0":"post-2776","1":"product","2":"type-product","3":"status-publish","4":"has-post-thumbnail","6":"product_cat-pl","8":"first","9":"instock","10":"shipping-taxable","11":"purchasable","12":"product-type-simple"},"yoast_head":"<!-- This site is optimized with the Yoast SEO plugin v27.1.1 - https:\/\/yoast.com\/product\/yoast-seo-wordpress\/ -->\n<title>Vegetable spicy p\u00e2t\u00e9 - Vegesmak - alternatywa dla wyrob\u00f3w mi\u0119snych<\/title>\n<meta name=\"description\" content=\"Vegesmak, alternatywa dla wyrob\u00f3w mi\u0119snych, Vegetable spicy p\u00e2t\u00e9, par\u00f3wki bez mi\u0119sa, nie zawiera sk\u0142adnik\u00f3w pochodzenia zwierz\u0119cego\" \/>\n<meta name=\"robots\" content=\"index, follow, max-snippet:-1, max-image-preview:large, max-video-preview:-1\" \/>\n<link rel=\"canonical\" href=\"https:\/\/vegesmak.pl\/en\/produkt\/vegetable-spicy-pate\/\" \/>\n<meta property=\"og:locale\" content=\"en_US\" \/>\n<meta property=\"og:type\" content=\"article\" \/>\n<meta property=\"og:title\" content=\"Vegetable spicy p\u00e2t\u00e9 - Vegesmak - alternatywa dla wyrob\u00f3w mi\u0119snych\" \/>\n<meta property=\"og:description\" content=\"Vegesmak, alternatywa dla wyrob\u00f3w mi\u0119snych, Vegetable spicy p\u00e2t\u00e9, par\u00f3wki bez mi\u0119sa, nie zawiera sk\u0142adnik\u00f3w pochodzenia zwierz\u0119cego\" \/>\n<meta property=\"og:url\" content=\"https:\/\/vegesmak.pl\/en\/produkt\/vegetable-spicy-pate\/\" \/>\n<meta property=\"og:site_name\" content=\"Vegesmak\" \/>\n<meta property=\"article:modified_time\" content=\"2024-01-19T11:15:12+00:00\" \/>\n<meta property=\"og:image\" content=\"https:\/\/vegesmak.pl\/wp-content\/uploads\/2022\/03\/pasztet-pikantny-scaled.jpg\" \/>\n\t<meta property=\"og:image:width\" content=\"1938\" \/>\n\t<meta property=\"og:image:height\" content=\"2560\" \/>\n\t<meta property=\"og:image:type\" content=\"image\/jpeg\" \/>\n<meta name=\"twitter:card\" content=\"summary_large_image\" \/>\n<script type=\"application\/ld+json\" class=\"yoast-schema-graph\">{\"@context\":\"https:\/\/schema.org\",\"@graph\":[{\"@type\":\"WebPage\",\"@id\":\"https:\/\/vegesmak.pl\/en\/produkt\/vegetable-spicy-pate\/\",\"url\":\"https:\/\/vegesmak.pl\/en\/produkt\/vegetable-spicy-pate\/\",\"name\":\"Vegetable spicy p\u00e2t\u00e9 - Vegesmak - alternatywa dla wyrob\u00f3w mi\u0119snych\",\"isPartOf\":{\"@id\":\"https:\/\/vegesmak.pl\/#website\"},\"primaryImageOfPage\":{\"@id\":\"https:\/\/vegesmak.pl\/en\/produkt\/vegetable-spicy-pate\/#primaryimage\"},\"image\":{\"@id\":\"https:\/\/vegesmak.pl\/en\/produkt\/vegetable-spicy-pate\/#primaryimage\"},\"thumbnailUrl\":\"https:\/\/vegesmak.pl\/wp-content\/uploads\/2022\/03\/pasztet-pikantny-scaled.webp\",\"datePublished\":\"2022-07-25T08:54:20+00:00\",\"dateModified\":\"2024-01-19T11:15:12+00:00\",\"description\":\"Vegesmak, alternatywa dla wyrob\u00f3w mi\u0119snych, Vegetable spicy p\u00e2t\u00e9, par\u00f3wki bez mi\u0119sa, nie zawiera sk\u0142adnik\u00f3w pochodzenia zwierz\u0119cego\",\"breadcrumb\":{\"@id\":\"https:\/\/vegesmak.pl\/en\/produkt\/vegetable-spicy-pate\/#breadcrumb\"},\"inLanguage\":\"en-US\",\"potentialAction\":[{\"@type\":\"ReadAction\",\"target\":[\"https:\/\/vegesmak.pl\/en\/produkt\/vegetable-spicy-pate\/\"]}]},{\"@type\":\"ImageObject\",\"inLanguage\":\"en-US\",\"@id\":\"https:\/\/vegesmak.pl\/en\/produkt\/vegetable-spicy-pate\/#primaryimage\",\"url\":\"https:\/\/vegesmak.pl\/wp-content\/uploads\/2022\/03\/pasztet-pikantny-scaled.webp\",\"contentUrl\":\"https:\/\/vegesmak.pl\/wp-content\/uploads\/2022\/03\/pasztet-pikantny-scaled.webp\",\"width\":1938,\"height\":2560,\"caption\":\"Ro\u015blinna pasztetowa pikantna\"},{\"@type\":\"BreadcrumbList\",\"@id\":\"https:\/\/vegesmak.pl\/en\/produkt\/vegetable-spicy-pate\/#breadcrumb\",\"itemListElement\":[{\"@type\":\"ListItem\",\"position\":1,\"name\":\"Strona g\u0142\u00f3wna\",\"item\":\"https:\/\/vegesmak.pl\/\"},{\"@type\":\"ListItem\",\"position\":2,\"name\":\"Sklep\",\"item\":\"https:\/\/vegesmak.pl\/sklep\/\"},{\"@type\":\"ListItem\",\"position\":3,\"name\":\"Vegetable spicy p\u00e2t\u00e9\"}]},{\"@type\":\"WebSite\",\"@id\":\"https:\/\/vegesmak.pl\/#website\",\"url\":\"https:\/\/vegesmak.pl\/\",\"name\":\"Vegesmak\",\"description\":\"\",\"potentialAction\":[{\"@type\":\"SearchAction\",\"target\":{\"@type\":\"EntryPoint\",\"urlTemplate\":\"https:\/\/vegesmak.pl\/?s={search_term_string}\"},\"query-input\":{\"@type\":\"PropertyValueSpecification\",\"valueRequired\":true,\"valueName\":\"search_term_string\"}}],\"inLanguage\":\"en-US\"}]}<\/script>\n<!-- \/ Yoast SEO plugin. -->","yoast_head_json":{"title":"Vegetable spicy p\u00e2t\u00e9 - Vegesmak - alternatywa dla wyrob\u00f3w mi\u0119snych","description":"Vegesmak, alternatywa dla wyrob\u00f3w mi\u0119snych, Vegetable spicy p\u00e2t\u00e9, par\u00f3wki bez mi\u0119sa, nie zawiera sk\u0142adnik\u00f3w pochodzenia zwierz\u0119cego","robots":{"index":"index","follow":"follow","max-snippet":"max-snippet:-1","max-image-preview":"max-image-preview:large","max-video-preview":"max-video-preview:-1"},"canonical":"https:\/\/vegesmak.pl\/en\/produkt\/vegetable-spicy-pate\/","og_locale":"en_US","og_type":"article","og_title":"Vegetable spicy p\u00e2t\u00e9 - Vegesmak - alternatywa dla wyrob\u00f3w mi\u0119snych","og_description":"Vegesmak, alternatywa dla wyrob\u00f3w mi\u0119snych, Vegetable spicy p\u00e2t\u00e9, par\u00f3wki bez mi\u0119sa, nie zawiera sk\u0142adnik\u00f3w pochodzenia zwierz\u0119cego","og_url":"https:\/\/vegesmak.pl\/en\/produkt\/vegetable-spicy-pate\/","og_site_name":"Vegesmak","article_modified_time":"2024-01-19T11:15:12+00:00","og_image":[{"width":1938,"height":2560,"url":"https:\/\/vegesmak.pl\/wp-content\/uploads\/2022\/03\/pasztet-pikantny-scaled.jpg","type":"image\/jpeg"}],"twitter_card":"summary_large_image","schema":{"@context":"https:\/\/schema.org","@graph":[{"@type":"WebPage","@id":"https:\/\/vegesmak.pl\/en\/produkt\/vegetable-spicy-pate\/","url":"https:\/\/vegesmak.pl\/en\/produkt\/vegetable-spicy-pate\/","name":"Vegetable spicy p\u00e2t\u00e9 - Vegesmak - alternatywa dla wyrob\u00f3w mi\u0119snych","isPartOf":{"@id":"https:\/\/vegesmak.pl\/#website"},"primaryImageOfPage":{"@id":"https:\/\/vegesmak.pl\/en\/produkt\/vegetable-spicy-pate\/#primaryimage"},"image":{"@id":"https:\/\/vegesmak.pl\/en\/produkt\/vegetable-spicy-pate\/#primaryimage"},"thumbnailUrl":"https:\/\/vegesmak.pl\/wp-content\/uploads\/2022\/03\/pasztet-pikantny-scaled.webp","datePublished":"2022-07-25T08:54:20+00:00","dateModified":"2024-01-19T11:15:12+00:00","description":"Vegesmak, alternatywa dla wyrob\u00f3w mi\u0119snych, Vegetable spicy p\u00e2t\u00e9, par\u00f3wki bez mi\u0119sa, nie zawiera sk\u0142adnik\u00f3w pochodzenia zwierz\u0119cego","breadcrumb":{"@id":"https:\/\/vegesmak.pl\/en\/produkt\/vegetable-spicy-pate\/#breadcrumb"},"inLanguage":"en-US","potentialAction":[{"@type":"ReadAction","target":["https:\/\/vegesmak.pl\/en\/produkt\/vegetable-spicy-pate\/"]}]},{"@type":"ImageObject","inLanguage":"en-US","@id":"https:\/\/vegesmak.pl\/en\/produkt\/vegetable-spicy-pate\/#primaryimage","url":"https:\/\/vegesmak.pl\/wp-content\/uploads\/2022\/03\/pasztet-pikantny-scaled.webp","contentUrl":"https:\/\/vegesmak.pl\/wp-content\/uploads\/2022\/03\/pasztet-pikantny-scaled.webp","width":1938,"height":2560,"caption":"Ro\u015blinna pasztetowa pikantna"},{"@type":"BreadcrumbList","@id":"https:\/\/vegesmak.pl\/en\/produkt\/vegetable-spicy-pate\/#breadcrumb","itemListElement":[{"@type":"ListItem","position":1,"name":"Strona g\u0142\u00f3wna","item":"https:\/\/vegesmak.pl\/"},{"@type":"ListItem","position":2,"name":"Sklep","item":"https:\/\/vegesmak.pl\/sklep\/"},{"@type":"ListItem","position":3,"name":"Vegetable spicy p\u00e2t\u00e9"}]},{"@type":"WebSite","@id":"https:\/\/vegesmak.pl\/#website","url":"https:\/\/vegesmak.pl\/","name":"Vegesmak","description":"","potentialAction":[{"@type":"SearchAction","target":{"@type":"EntryPoint","urlTemplate":"https:\/\/vegesmak.pl\/?s={search_term_string}"},"query-input":{"@type":"PropertyValueSpecification","valueRequired":true,"valueName":"search_term_string"}}],"inLanguage":"en-US"}]}},"_links":{"self":[{"href":"https:\/\/vegesmak.pl\/en\/wp-json\/wp\/v2\/product\/2776","targetHints":{"allow":["GET"]}}],"collection":[{"href":"https:\/\/vegesmak.pl\/en\/wp-json\/wp\/v2\/product"}],"about":[{"href":"https:\/\/vegesmak.pl\/en\/wp-json\/wp\/v2\/types\/product"}],"replies":[{"embeddable":true,"href":"https:\/\/vegesmak.pl\/en\/wp-json\/wp\/v2\/comments?post=2776"}],"wp:featuredmedia":[{"embeddable":true,"href":"https:\/\/vegesmak.pl\/en\/wp-json\/wp\/v2\/media\/2359"}],"wp:attachment":[{"href":"https:\/\/vegesmak.pl\/en\/wp-json\/wp\/v2\/media?parent=2776"}],"wp:term":[{"taxonomy":"product_brand","embeddable":true,"href":"https:\/\/vegesmak.pl\/en\/wp-json\/wp\/v2\/product_brand?post=2776"},{"taxonomy":"product_cat","embeddable":true,"href":"https:\/\/vegesmak.pl\/en\/wp-json\/wp\/v2\/product_cat?post=2776"},{"taxonomy":"product_tag","embeddable":true,"href":"https:\/\/vegesmak.pl\/en\/wp-json\/wp\/v2\/product_tag?post=2776"}],"curies":[{"name":"wp","href":"https:\/\/api.w.org\/{rel}","templated":true}]}}