{"id":2951,"date":"2022-08-31T08:28:33","date_gmt":"2022-08-31T08:28:33","guid":{"rendered":"https:\/\/vegesmak.pl\/produkt\/mocarella-roslinna-alternatywa-dla-serow\/"},"modified":"2024-09-30T11:03:35","modified_gmt":"2024-09-30T11:03:35","slug":"mocarella-roslinna-alternatywa-dla-serow","status":"publish","type":"product","link":"https:\/\/vegesmak.pl\/en\/produkt\/mocarella-roslinna-alternatywa-dla-serow\/","title":{"rendered":"Mocarella &#8211; alternative to cheese"},"content":{"rendered":"","protected":false},"excerpt":{"rendered":"<div>V-SER \u00e0 la mozarella, topliwy &#8211; rzemie\u015blnicza, ro\u015blinna alternatywa ser\u00f3w jako\u015bciowych<\/div>\n<p><\/p>\n<div><\/div>\n<div>Delikatny, lekko kwaskowaty, smaczny zar\u00f3wno na zimno, do sa\u0142atek np CAPRESE, lub na ciep\u0142o, gdy si\u0119 pysznie roztopi na ka\u017cdej pizzy, grzance, zapiekance. Wykonany z fermentowanej serwatki z orzech\u00f3w nerkowca. Bez aromat\u00f3w i bez konserwant\u00f3w, bez sztucznych barwnik\u00f3w<\/div>\n<p>&nbsp;<\/p>\n<p><span style=\"color: #61ce70;\">Sk\u0142adniki:<\/span> woda filtrowana, orzechy nerkowca (15%), rafinowany olej kokosowy z upraw ekologicznych, tapioka, lecytyna, s\u00f3l, karagen, kwas mlekowy, \u017cywe kultury bakterii probiotycznych.<\/p>\n<p>Masa : 140 g<\/p>\n<div>Termin przydatno\u015bci do spo\u017cycia 4 tygodnie.<\/div>\n<p>Shipping time is 3-5 business days.<\/p>\n<div class=\"elementor-element elementor-element-af273ff elementor-widget elementor-widget-text-editor\" data-id=\"af273ff\" data-element_type=\"widget\" data-widget_type=\"text-editor.default\">\n<div class=\"elementor-widget-container\">\n<div class=\"elementor-text-editor elementor-clearfix\">\n<p><strong>FEDEX international shipping \u2013 individual pricing <\/strong><br \/>\n<a href=\"https:\/\/vegesmak.pl\/#kontakt\"><strong>Write to us for details!<\/strong><\/a><\/p>\n<\/div>\n<\/div>\n<\/div>\n","protected":false},"featured_media":2938,"comment_status":"open","ping_status":"closed","template":"","meta":{"_monsterinsights_skip_tracking":false,"_monsterinsights_sitenote_active":false,"_monsterinsights_sitenote_note":"","_monsterinsights_sitenote_category":0},"product_brand":[],"product_cat":[45],"product_tag":[],"class_list":{"0":"post-2951","1":"product","2":"type-product","3":"status-publish","4":"has-post-thumbnail","6":"product_cat-sery","8":"first","9":"instock","10":"shipping-taxable","11":"purchasable","12":"product-type-simple"},"yoast_head":"<!-- This site is optimized with the Yoast SEO plugin v27.1.1 - https:\/\/yoast.com\/product\/yoast-seo-wordpress\/ -->\n<title>Mocarella - alternative to cheese - Vegesmak - alternatywa dla wyrob\u00f3w mi\u0119snych<\/title>\n<meta name=\"description\" content=\"Vegesmak, alternatywa dla wyrob\u00f3w mi\u0119snych, Mocarella - alternative to cheese, par\u00f3wki bez mi\u0119sa, nie zawiera sk\u0142adnik\u00f3w pochodzenia zwierz\u0119cego\" \/>\n<meta name=\"robots\" content=\"index, follow, max-snippet:-1, max-image-preview:large, max-video-preview:-1\" \/>\n<link rel=\"canonical\" href=\"https:\/\/vegesmak.pl\/en\/produkt\/mocarella-roslinna-alternatywa-dla-serow\/\" \/>\n<meta property=\"og:locale\" content=\"en_US\" \/>\n<meta property=\"og:type\" content=\"article\" \/>\n<meta property=\"og:title\" content=\"Mocarella - alternative to cheese - Vegesmak - alternatywa dla wyrob\u00f3w mi\u0119snych\" \/>\n<meta property=\"og:description\" content=\"Vegesmak, alternatywa dla wyrob\u00f3w mi\u0119snych, Mocarella - alternative to cheese, par\u00f3wki bez mi\u0119sa, nie zawiera sk\u0142adnik\u00f3w pochodzenia zwierz\u0119cego\" \/>\n<meta property=\"og:url\" content=\"https:\/\/vegesmak.pl\/en\/produkt\/mocarella-roslinna-alternatywa-dla-serow\/\" \/>\n<meta property=\"og:site_name\" content=\"Vegesmak\" \/>\n<meta property=\"article:modified_time\" content=\"2024-09-30T11:03:35+00:00\" \/>\n<meta property=\"og:image\" content=\"https:\/\/vegesmak.pl\/wp-content\/uploads\/2022\/08\/mocarella.jpg\" \/>\n\t<meta property=\"og:image:width\" content=\"1080\" \/>\n\t<meta property=\"og:image:height\" content=\"1618\" \/>\n\t<meta property=\"og:image:type\" content=\"image\/jpeg\" \/>\n<meta name=\"twitter:card\" content=\"summary_large_image\" \/>\n<script type=\"application\/ld+json\" class=\"yoast-schema-graph\">{\"@context\":\"https:\/\/schema.org\",\"@graph\":[{\"@type\":\"WebPage\",\"@id\":\"https:\/\/vegesmak.pl\/en\/produkt\/mocarella-roslinna-alternatywa-dla-serow\/\",\"url\":\"https:\/\/vegesmak.pl\/en\/produkt\/mocarella-roslinna-alternatywa-dla-serow\/\",\"name\":\"Mocarella - alternative to cheese - Vegesmak - alternatywa dla wyrob\u00f3w mi\u0119snych\",\"isPartOf\":{\"@id\":\"https:\/\/vegesmak.pl\/#website\"},\"primaryImageOfPage\":{\"@id\":\"https:\/\/vegesmak.pl\/en\/produkt\/mocarella-roslinna-alternatywa-dla-serow\/#primaryimage\"},\"image\":{\"@id\":\"https:\/\/vegesmak.pl\/en\/produkt\/mocarella-roslinna-alternatywa-dla-serow\/#primaryimage\"},\"thumbnailUrl\":\"https:\/\/vegesmak.pl\/wp-content\/uploads\/2022\/08\/mocarella.webp\",\"datePublished\":\"2022-08-31T08:28:33+00:00\",\"dateModified\":\"2024-09-30T11:03:35+00:00\",\"description\":\"Vegesmak, alternatywa dla wyrob\u00f3w mi\u0119snych, Mocarella - alternative to cheese, par\u00f3wki bez mi\u0119sa, nie zawiera sk\u0142adnik\u00f3w pochodzenia zwierz\u0119cego\",\"breadcrumb\":{\"@id\":\"https:\/\/vegesmak.pl\/en\/produkt\/mocarella-roslinna-alternatywa-dla-serow\/#breadcrumb\"},\"inLanguage\":\"en-US\",\"potentialAction\":[{\"@type\":\"ReadAction\",\"target\":[\"https:\/\/vegesmak.pl\/en\/produkt\/mocarella-roslinna-alternatywa-dla-serow\/\"]}]},{\"@type\":\"ImageObject\",\"inLanguage\":\"en-US\",\"@id\":\"https:\/\/vegesmak.pl\/en\/produkt\/mocarella-roslinna-alternatywa-dla-serow\/#primaryimage\",\"url\":\"https:\/\/vegesmak.pl\/wp-content\/uploads\/2022\/08\/mocarella.webp\",\"contentUrl\":\"https:\/\/vegesmak.pl\/wp-content\/uploads\/2022\/08\/mocarella.webp\",\"width\":1080,\"height\":1618,\"caption\":\"Ro\u015blinny serek mocarella\"},{\"@type\":\"BreadcrumbList\",\"@id\":\"https:\/\/vegesmak.pl\/en\/produkt\/mocarella-roslinna-alternatywa-dla-serow\/#breadcrumb\",\"itemListElement\":[{\"@type\":\"ListItem\",\"position\":1,\"name\":\"Strona g\u0142\u00f3wna\",\"item\":\"https:\/\/vegesmak.pl\/\"},{\"@type\":\"ListItem\",\"position\":2,\"name\":\"Sklep\",\"item\":\"https:\/\/vegesmak.pl\/sklep\/\"},{\"@type\":\"ListItem\",\"position\":3,\"name\":\"Mocarella &#8211; alternative to cheese\"}]},{\"@type\":\"WebSite\",\"@id\":\"https:\/\/vegesmak.pl\/#website\",\"url\":\"https:\/\/vegesmak.pl\/\",\"name\":\"Vegesmak\",\"description\":\"\",\"potentialAction\":[{\"@type\":\"SearchAction\",\"target\":{\"@type\":\"EntryPoint\",\"urlTemplate\":\"https:\/\/vegesmak.pl\/?s={search_term_string}\"},\"query-input\":{\"@type\":\"PropertyValueSpecification\",\"valueRequired\":true,\"valueName\":\"search_term_string\"}}],\"inLanguage\":\"en-US\"}]}<\/script>\n<!-- \/ Yoast SEO plugin. -->","yoast_head_json":{"title":"Mocarella - alternative to cheese - Vegesmak - alternatywa dla wyrob\u00f3w mi\u0119snych","description":"Vegesmak, alternatywa dla wyrob\u00f3w mi\u0119snych, Mocarella - alternative to cheese, par\u00f3wki bez mi\u0119sa, nie zawiera sk\u0142adnik\u00f3w pochodzenia zwierz\u0119cego","robots":{"index":"index","follow":"follow","max-snippet":"max-snippet:-1","max-image-preview":"max-image-preview:large","max-video-preview":"max-video-preview:-1"},"canonical":"https:\/\/vegesmak.pl\/en\/produkt\/mocarella-roslinna-alternatywa-dla-serow\/","og_locale":"en_US","og_type":"article","og_title":"Mocarella - alternative to cheese - Vegesmak - alternatywa dla wyrob\u00f3w mi\u0119snych","og_description":"Vegesmak, alternatywa dla wyrob\u00f3w mi\u0119snych, Mocarella - alternative to cheese, par\u00f3wki bez mi\u0119sa, nie zawiera sk\u0142adnik\u00f3w pochodzenia zwierz\u0119cego","og_url":"https:\/\/vegesmak.pl\/en\/produkt\/mocarella-roslinna-alternatywa-dla-serow\/","og_site_name":"Vegesmak","article_modified_time":"2024-09-30T11:03:35+00:00","og_image":[{"width":1080,"height":1618,"url":"https:\/\/vegesmak.pl\/wp-content\/uploads\/2022\/08\/mocarella.jpg","type":"image\/jpeg"}],"twitter_card":"summary_large_image","schema":{"@context":"https:\/\/schema.org","@graph":[{"@type":"WebPage","@id":"https:\/\/vegesmak.pl\/en\/produkt\/mocarella-roslinna-alternatywa-dla-serow\/","url":"https:\/\/vegesmak.pl\/en\/produkt\/mocarella-roslinna-alternatywa-dla-serow\/","name":"Mocarella - alternative to cheese - Vegesmak - alternatywa dla wyrob\u00f3w mi\u0119snych","isPartOf":{"@id":"https:\/\/vegesmak.pl\/#website"},"primaryImageOfPage":{"@id":"https:\/\/vegesmak.pl\/en\/produkt\/mocarella-roslinna-alternatywa-dla-serow\/#primaryimage"},"image":{"@id":"https:\/\/vegesmak.pl\/en\/produkt\/mocarella-roslinna-alternatywa-dla-serow\/#primaryimage"},"thumbnailUrl":"https:\/\/vegesmak.pl\/wp-content\/uploads\/2022\/08\/mocarella.webp","datePublished":"2022-08-31T08:28:33+00:00","dateModified":"2024-09-30T11:03:35+00:00","description":"Vegesmak, alternatywa dla wyrob\u00f3w mi\u0119snych, Mocarella - alternative to cheese, par\u00f3wki bez mi\u0119sa, nie zawiera sk\u0142adnik\u00f3w pochodzenia zwierz\u0119cego","breadcrumb":{"@id":"https:\/\/vegesmak.pl\/en\/produkt\/mocarella-roslinna-alternatywa-dla-serow\/#breadcrumb"},"inLanguage":"en-US","potentialAction":[{"@type":"ReadAction","target":["https:\/\/vegesmak.pl\/en\/produkt\/mocarella-roslinna-alternatywa-dla-serow\/"]}]},{"@type":"ImageObject","inLanguage":"en-US","@id":"https:\/\/vegesmak.pl\/en\/produkt\/mocarella-roslinna-alternatywa-dla-serow\/#primaryimage","url":"https:\/\/vegesmak.pl\/wp-content\/uploads\/2022\/08\/mocarella.webp","contentUrl":"https:\/\/vegesmak.pl\/wp-content\/uploads\/2022\/08\/mocarella.webp","width":1080,"height":1618,"caption":"Ro\u015blinny serek mocarella"},{"@type":"BreadcrumbList","@id":"https:\/\/vegesmak.pl\/en\/produkt\/mocarella-roslinna-alternatywa-dla-serow\/#breadcrumb","itemListElement":[{"@type":"ListItem","position":1,"name":"Strona g\u0142\u00f3wna","item":"https:\/\/vegesmak.pl\/"},{"@type":"ListItem","position":2,"name":"Sklep","item":"https:\/\/vegesmak.pl\/sklep\/"},{"@type":"ListItem","position":3,"name":"Mocarella &#8211; alternative to cheese"}]},{"@type":"WebSite","@id":"https:\/\/vegesmak.pl\/#website","url":"https:\/\/vegesmak.pl\/","name":"Vegesmak","description":"","potentialAction":[{"@type":"SearchAction","target":{"@type":"EntryPoint","urlTemplate":"https:\/\/vegesmak.pl\/?s={search_term_string}"},"query-input":{"@type":"PropertyValueSpecification","valueRequired":true,"valueName":"search_term_string"}}],"inLanguage":"en-US"}]}},"_links":{"self":[{"href":"https:\/\/vegesmak.pl\/en\/wp-json\/wp\/v2\/product\/2951","targetHints":{"allow":["GET"]}}],"collection":[{"href":"https:\/\/vegesmak.pl\/en\/wp-json\/wp\/v2\/product"}],"about":[{"href":"https:\/\/vegesmak.pl\/en\/wp-json\/wp\/v2\/types\/product"}],"replies":[{"embeddable":true,"href":"https:\/\/vegesmak.pl\/en\/wp-json\/wp\/v2\/comments?post=2951"}],"wp:featuredmedia":[{"embeddable":true,"href":"https:\/\/vegesmak.pl\/en\/wp-json\/wp\/v2\/media\/2938"}],"wp:attachment":[{"href":"https:\/\/vegesmak.pl\/en\/wp-json\/wp\/v2\/media?parent=2951"}],"wp:term":[{"taxonomy":"product_brand","embeddable":true,"href":"https:\/\/vegesmak.pl\/en\/wp-json\/wp\/v2\/product_brand?post=2951"},{"taxonomy":"product_cat","embeddable":true,"href":"https:\/\/vegesmak.pl\/en\/wp-json\/wp\/v2\/product_cat?post=2951"},{"taxonomy":"product_tag","embeddable":true,"href":"https:\/\/vegesmak.pl\/en\/wp-json\/wp\/v2\/product_tag?post=2951"}],"curies":[{"name":"wp","href":"https:\/\/api.w.org\/{rel}","templated":true}]}}