{"id":3536,"date":"2023-01-23T11:03:38","date_gmt":"2023-01-23T11:03:38","guid":{"rendered":"https:\/\/vegesmak.pl\/produkt\/zurawina-suszona-100g\/"},"modified":"2024-01-29T16:40:41","modified_gmt":"2024-01-29T16:40:41","slug":"zurawina-suszona-100g","status":"publish","type":"product","link":"https:\/\/vegesmak.pl\/en\/produkt\/zurawina-suszona-100g\/","title":{"rendered":"\u017burawina suszona 100g"},"content":{"rendered":"","protected":false},"excerpt":{"rendered":"<p><span style=\"color: #61ce70;\">Sk\u0142adniki:<\/span> \u017curawina (55%), cukier, olej s\u0142onecznikowy (max 1%)<br \/>\nProdukt mo\u017ce zawiera\u0107: <strong>seler, gorczyc\u0119, orzechy, sezam, soj\u0119, gluten<br \/>\n<\/strong><\/p>\n<p>Surowiec nie jest modyfikowany genetycznie<\/p>\n<p>The product doesn\u2019t contain animal origin ingredients.<\/p>\n<p>Warto\u015b\u0107 od\u017cywcza na 100g produktu<br \/>\nWarto\u015b\u0107 energetyczna | 342 kcal<br \/>\nT\u0142uszcz | 0g<br \/>\n(w tym kwasy t\u0142uszczowe nasycone) 0g<br \/>\nW\u0119glowodany | 84g<br \/>\n(w tym cukry) | 67g<br \/>\nB\u0142onnik | 0g<br \/>\nBia\u0142ko | 0.3g<br \/>\nS\u00f3l | 0g<\/p>\n<p>Shipping time is 3-5 business days.<\/p>\n<div class=\"elementor-element elementor-element-af273ff elementor-widget elementor-widget-text-editor\" data-id=\"af273ff\" data-element_type=\"widget\" data-widget_type=\"text-editor.default\">\n<div class=\"elementor-widget-container\">\n<div class=\"elementor-text-editor elementor-clearfix\">\n<p><strong>FEDEX international shipping \u2013 individual pricing <\/strong><br \/>\n<a href=\"https:\/\/vegesmak.pl\/#kontakt\"><strong>Write to us for details!<\/strong><\/a><\/p>\n<\/div>\n<\/div>\n<\/div>\n","protected":false},"featured_media":3534,"comment_status":"open","ping_status":"closed","template":"","meta":{"_monsterinsights_skip_tracking":false,"_monsterinsights_sitenote_active":false,"_monsterinsights_sitenote_note":"","_monsterinsights_sitenote_category":0},"product_brand":[],"product_cat":[24],"product_tag":[],"class_list":{"0":"post-3536","1":"product","2":"type-product","3":"status-publish","4":"has-post-thumbnail","6":"product_cat-bez-kategorii","8":"first","9":"instock","10":"shipping-taxable","11":"purchasable","12":"product-type-simple"},"yoast_head":"<!-- This site is optimized with the Yoast SEO plugin v27.1.1 - https:\/\/yoast.com\/product\/yoast-seo-wordpress\/ -->\n<title>\u017burawina suszona 100g - Vegesmak<\/title>\n<meta name=\"robots\" content=\"index, follow, max-snippet:-1, max-image-preview:large, max-video-preview:-1\" \/>\n<link rel=\"canonical\" href=\"https:\/\/vegesmak.pl\/en\/produkt\/zurawina-suszona-100g\/\" \/>\n<meta property=\"og:locale\" content=\"en_US\" \/>\n<meta property=\"og:type\" content=\"article\" \/>\n<meta property=\"og:title\" content=\"\u017burawina suszona 100g - Vegesmak\" \/>\n<meta property=\"og:description\" content=\"Sk\u0142adniki: \u017curawina (55%), cukier, olej s\u0142onecznikowy (max 1%) Produkt mo\u017ce zawiera\u0107: seler, gorczyc\u0119, orzechy, sezam, soj\u0119, gluten   Surowiec nie jest modyfikowany genetycznie  The product doesn\u2019t contain animal origin ingredients.  Warto\u015b\u0107 od\u017cywcza na 100g produktu Warto\u015b\u0107 energetyczna | 342 kcal T\u0142uszcz | 0g (w tym kwasy t\u0142uszczowe nasycone) 0g W\u0119glowodany | 84g (w tym cukry) | 67g B\u0142onnik | 0g Bia\u0142ko | 0.3g S\u00f3l | 0g  Shipping time is 3-5 business days.     FEDEX international shipping \u2013 individual pricing  Write to us for details!\" \/>\n<meta property=\"og:url\" content=\"https:\/\/vegesmak.pl\/en\/produkt\/zurawina-suszona-100g\/\" \/>\n<meta property=\"og:site_name\" content=\"Vegesmak\" \/>\n<meta property=\"article:modified_time\" content=\"2024-01-29T16:40:41+00:00\" \/>\n<meta property=\"og:image\" content=\"https:\/\/vegesmak.pl\/wp-content\/uploads\/2023\/01\/Suszona-zurawina-100g.jpeg\" \/>\n\t<meta property=\"og:image:width\" content=\"1769\" \/>\n\t<meta property=\"og:image:height\" content=\"2318\" \/>\n\t<meta property=\"og:image:type\" content=\"image\/jpeg\" \/>\n<meta name=\"twitter:card\" content=\"summary_large_image\" \/>\n<script type=\"application\/ld+json\" class=\"yoast-schema-graph\">{\"@context\":\"https:\/\/schema.org\",\"@graph\":[{\"@type\":\"WebPage\",\"@id\":\"https:\/\/vegesmak.pl\/en\/produkt\/zurawina-suszona-100g\/\",\"url\":\"https:\/\/vegesmak.pl\/en\/produkt\/zurawina-suszona-100g\/\",\"name\":\"\u017burawina suszona 100g - Vegesmak\",\"isPartOf\":{\"@id\":\"https:\/\/vegesmak.pl\/#website\"},\"primaryImageOfPage\":{\"@id\":\"https:\/\/vegesmak.pl\/en\/produkt\/zurawina-suszona-100g\/#primaryimage\"},\"image\":{\"@id\":\"https:\/\/vegesmak.pl\/en\/produkt\/zurawina-suszona-100g\/#primaryimage\"},\"thumbnailUrl\":\"https:\/\/vegesmak.pl\/wp-content\/uploads\/2023\/01\/Suszona-zurawina-100g.webp\",\"datePublished\":\"2023-01-23T11:03:38+00:00\",\"dateModified\":\"2024-01-29T16:40:41+00:00\",\"breadcrumb\":{\"@id\":\"https:\/\/vegesmak.pl\/en\/produkt\/zurawina-suszona-100g\/#breadcrumb\"},\"inLanguage\":\"en-US\",\"potentialAction\":[{\"@type\":\"ReadAction\",\"target\":[\"https:\/\/vegesmak.pl\/en\/produkt\/zurawina-suszona-100g\/\"]}]},{\"@type\":\"ImageObject\",\"inLanguage\":\"en-US\",\"@id\":\"https:\/\/vegesmak.pl\/en\/produkt\/zurawina-suszona-100g\/#primaryimage\",\"url\":\"https:\/\/vegesmak.pl\/wp-content\/uploads\/2023\/01\/Suszona-zurawina-100g.webp\",\"contentUrl\":\"https:\/\/vegesmak.pl\/wp-content\/uploads\/2023\/01\/Suszona-zurawina-100g.webp\",\"width\":1769,\"height\":2318,\"caption\":\"Suszona \u017curawina 100g\"},{\"@type\":\"BreadcrumbList\",\"@id\":\"https:\/\/vegesmak.pl\/en\/produkt\/zurawina-suszona-100g\/#breadcrumb\",\"itemListElement\":[{\"@type\":\"ListItem\",\"position\":1,\"name\":\"Strona g\u0142\u00f3wna\",\"item\":\"https:\/\/vegesmak.pl\/\"},{\"@type\":\"ListItem\",\"position\":2,\"name\":\"Sklep\",\"item\":\"https:\/\/vegesmak.pl\/sklep\/\"},{\"@type\":\"ListItem\",\"position\":3,\"name\":\"\u017burawina suszona 100g\"}]},{\"@type\":\"WebSite\",\"@id\":\"https:\/\/vegesmak.pl\/#website\",\"url\":\"https:\/\/vegesmak.pl\/\",\"name\":\"Vegesmak\",\"description\":\"\",\"potentialAction\":[{\"@type\":\"SearchAction\",\"target\":{\"@type\":\"EntryPoint\",\"urlTemplate\":\"https:\/\/vegesmak.pl\/?s={search_term_string}\"},\"query-input\":{\"@type\":\"PropertyValueSpecification\",\"valueRequired\":true,\"valueName\":\"search_term_string\"}}],\"inLanguage\":\"en-US\"}]}<\/script>\n<!-- \/ Yoast SEO plugin. -->","yoast_head_json":{"title":"\u017burawina suszona 100g - Vegesmak","robots":{"index":"index","follow":"follow","max-snippet":"max-snippet:-1","max-image-preview":"max-image-preview:large","max-video-preview":"max-video-preview:-1"},"canonical":"https:\/\/vegesmak.pl\/en\/produkt\/zurawina-suszona-100g\/","og_locale":"en_US","og_type":"article","og_title":"\u017burawina suszona 100g - Vegesmak","og_description":"Sk\u0142adniki: \u017curawina (55%), cukier, olej s\u0142onecznikowy (max 1%) Produkt mo\u017ce zawiera\u0107: seler, gorczyc\u0119, orzechy, sezam, soj\u0119, gluten   Surowiec nie jest modyfikowany genetycznie  The product doesn\u2019t contain animal origin ingredients.  Warto\u015b\u0107 od\u017cywcza na 100g produktu Warto\u015b\u0107 energetyczna | 342 kcal T\u0142uszcz | 0g (w tym kwasy t\u0142uszczowe nasycone) 0g W\u0119glowodany | 84g (w tym cukry) | 67g B\u0142onnik | 0g Bia\u0142ko | 0.3g S\u00f3l | 0g  Shipping time is 3-5 business days.     FEDEX international shipping \u2013 individual pricing  Write to us for details!","og_url":"https:\/\/vegesmak.pl\/en\/produkt\/zurawina-suszona-100g\/","og_site_name":"Vegesmak","article_modified_time":"2024-01-29T16:40:41+00:00","og_image":[{"width":1769,"height":2318,"url":"https:\/\/vegesmak.pl\/wp-content\/uploads\/2023\/01\/Suszona-zurawina-100g.jpeg","type":"image\/jpeg"}],"twitter_card":"summary_large_image","schema":{"@context":"https:\/\/schema.org","@graph":[{"@type":"WebPage","@id":"https:\/\/vegesmak.pl\/en\/produkt\/zurawina-suszona-100g\/","url":"https:\/\/vegesmak.pl\/en\/produkt\/zurawina-suszona-100g\/","name":"\u017burawina suszona 100g - Vegesmak","isPartOf":{"@id":"https:\/\/vegesmak.pl\/#website"},"primaryImageOfPage":{"@id":"https:\/\/vegesmak.pl\/en\/produkt\/zurawina-suszona-100g\/#primaryimage"},"image":{"@id":"https:\/\/vegesmak.pl\/en\/produkt\/zurawina-suszona-100g\/#primaryimage"},"thumbnailUrl":"https:\/\/vegesmak.pl\/wp-content\/uploads\/2023\/01\/Suszona-zurawina-100g.webp","datePublished":"2023-01-23T11:03:38+00:00","dateModified":"2024-01-29T16:40:41+00:00","breadcrumb":{"@id":"https:\/\/vegesmak.pl\/en\/produkt\/zurawina-suszona-100g\/#breadcrumb"},"inLanguage":"en-US","potentialAction":[{"@type":"ReadAction","target":["https:\/\/vegesmak.pl\/en\/produkt\/zurawina-suszona-100g\/"]}]},{"@type":"ImageObject","inLanguage":"en-US","@id":"https:\/\/vegesmak.pl\/en\/produkt\/zurawina-suszona-100g\/#primaryimage","url":"https:\/\/vegesmak.pl\/wp-content\/uploads\/2023\/01\/Suszona-zurawina-100g.webp","contentUrl":"https:\/\/vegesmak.pl\/wp-content\/uploads\/2023\/01\/Suszona-zurawina-100g.webp","width":1769,"height":2318,"caption":"Suszona \u017curawina 100g"},{"@type":"BreadcrumbList","@id":"https:\/\/vegesmak.pl\/en\/produkt\/zurawina-suszona-100g\/#breadcrumb","itemListElement":[{"@type":"ListItem","position":1,"name":"Strona g\u0142\u00f3wna","item":"https:\/\/vegesmak.pl\/"},{"@type":"ListItem","position":2,"name":"Sklep","item":"https:\/\/vegesmak.pl\/sklep\/"},{"@type":"ListItem","position":3,"name":"\u017burawina suszona 100g"}]},{"@type":"WebSite","@id":"https:\/\/vegesmak.pl\/#website","url":"https:\/\/vegesmak.pl\/","name":"Vegesmak","description":"","potentialAction":[{"@type":"SearchAction","target":{"@type":"EntryPoint","urlTemplate":"https:\/\/vegesmak.pl\/?s={search_term_string}"},"query-input":{"@type":"PropertyValueSpecification","valueRequired":true,"valueName":"search_term_string"}}],"inLanguage":"en-US"}]}},"_links":{"self":[{"href":"https:\/\/vegesmak.pl\/en\/wp-json\/wp\/v2\/product\/3536","targetHints":{"allow":["GET"]}}],"collection":[{"href":"https:\/\/vegesmak.pl\/en\/wp-json\/wp\/v2\/product"}],"about":[{"href":"https:\/\/vegesmak.pl\/en\/wp-json\/wp\/v2\/types\/product"}],"replies":[{"embeddable":true,"href":"https:\/\/vegesmak.pl\/en\/wp-json\/wp\/v2\/comments?post=3536"}],"wp:featuredmedia":[{"embeddable":true,"href":"https:\/\/vegesmak.pl\/en\/wp-json\/wp\/v2\/media\/3534"}],"wp:attachment":[{"href":"https:\/\/vegesmak.pl\/en\/wp-json\/wp\/v2\/media?parent=3536"}],"wp:term":[{"taxonomy":"product_brand","embeddable":true,"href":"https:\/\/vegesmak.pl\/en\/wp-json\/wp\/v2\/product_brand?post=3536"},{"taxonomy":"product_cat","embeddable":true,"href":"https:\/\/vegesmak.pl\/en\/wp-json\/wp\/v2\/product_cat?post=3536"},{"taxonomy":"product_tag","embeddable":true,"href":"https:\/\/vegesmak.pl\/en\/wp-json\/wp\/v2\/product_tag?post=3536"}],"curies":[{"name":"wp","href":"https:\/\/api.w.org\/{rel}","templated":true}]}}