{"id":3734,"date":"2023-03-20T15:58:01","date_gmt":"2023-03-20T15:58:01","guid":{"rendered":"https:\/\/vegesmak.pl\/produkt\/vegeklasyczna-250\/"},"modified":"2024-01-29T16:39:54","modified_gmt":"2024-01-29T16:39:54","slug":"vegeklasyczna-250","status":"publish","type":"product","link":"https:\/\/vegesmak.pl\/en\/produkt\/vegeklasyczna-250\/","title":{"rendered":"The Classic sausage 250g"},"content":{"rendered":"","protected":false},"excerpt":{"rendered":"<p><span style=\"color: #61ce70;\">Ingredients<\/span>: water, wheat protein, vegetable oil (coconut), soy protein, spices, salt, flavors, spice extracts, dyes: pepper concentrate, fenugreek extract, beet juice concentrate, iron oxides.<\/p>\n<p>The product doesn\u2019t contain animal origin ingredients.<\/p>\n<p>Nutritional value \/ 100g product \/% RWS *<br \/>\nWarto\u015b\u0107 energetyczna \/ 1053kJ- 251 kcal \/ 12.5%<br \/>\nT\u0142uszcz \/ 12,9g \/ 18,4%<br \/>\n(w tym kwasy nasycone) 0,4g \/ 2%<br \/>\nW\u0119glowodany \/ 10g \/ 3,8%<br \/>\n(w tym cukry) \/ 1,6g \/ 1,7%<br \/>\nBia\u0142ko \/ 23,7g \/ 47,4%<br \/>\nS\u00f3l \/1,8g \/ 30%<\/p>\n<p>Shipping time is 3-5 business days.<\/p>\n<div class=\"elementor-element elementor-element-af273ff elementor-widget elementor-widget-text-editor\" data-id=\"af273ff\" data-element_type=\"widget\" data-widget_type=\"text-editor.default\">\n<div class=\"elementor-widget-container\">\n<div class=\"elementor-text-editor elementor-clearfix\">\n<p><strong>FEDEX international shipping \u2013 individual pricing <\/strong><br \/>\n<a href=\"https:\/\/vegesmak.pl\/#kontakt\"><strong>Write to us for details!<\/strong><\/a><\/p>\n<\/div>\n<\/div>\n<\/div>\n","protected":false},"featured_media":3722,"comment_status":"open","ping_status":"closed","template":"","meta":{"_monsterinsights_skip_tracking":false,"_monsterinsights_sitenote_active":false,"_monsterinsights_sitenote_note":"","_monsterinsights_sitenote_category":0},"product_brand":[],"product_cat":[26],"product_tag":[],"class_list":{"0":"post-3734","1":"product","2":"type-product","3":"status-publish","4":"has-post-thumbnail","6":"product_cat-pl","8":"first","9":"instock","10":"shipping-taxable","11":"purchasable","12":"product-type-simple"},"yoast_head":"<!-- This site is optimized with the Yoast SEO plugin v27.1.1 - https:\/\/yoast.com\/product\/yoast-seo-wordpress\/ -->\n<title>The Classic sausage 250g - Vegesmak - alternatywa dla wyrob\u00f3w mi\u0119snych<\/title>\n<meta name=\"description\" content=\"Vegesmak, alternatywa dla wyrob\u00f3w mi\u0119snych, The Classic sausage 250g, kie\u0142abasa bez mi\u0119sa, nie zawiera sk\u0142adnik\u00f3w pochodzenia zwierz\u0119cego\" \/>\n<meta name=\"robots\" content=\"index, follow, max-snippet:-1, max-image-preview:large, max-video-preview:-1\" \/>\n<link rel=\"canonical\" href=\"https:\/\/vegesmak.pl\/produkt\/vegeklasyczna-250\/\" \/>\n<meta property=\"og:locale\" content=\"en_US\" \/>\n<meta property=\"og:type\" content=\"article\" \/>\n<meta property=\"og:title\" content=\"The Classic sausage 250g - Vegesmak - alternatywa dla wyrob\u00f3w mi\u0119snych\" \/>\n<meta property=\"og:description\" content=\"Vegesmak, alternatywa dla wyrob\u00f3w mi\u0119snych, The Classic sausage 250g, kie\u0142abasa bez mi\u0119sa, nie zawiera sk\u0142adnik\u00f3w pochodzenia zwierz\u0119cego\" \/>\n<meta property=\"og:url\" content=\"https:\/\/vegesmak.pl\/produkt\/vegeklasyczna-250\/\" \/>\n<meta property=\"og:site_name\" content=\"Vegesmak\" \/>\n<meta property=\"article:modified_time\" content=\"2024-01-29T16:39:54+00:00\" \/>\n<meta property=\"og:image\" content=\"https:\/\/vegesmak.pl\/wp-content\/uploads\/2023\/03\/Vege-Klasyczna.jpg\" \/>\n\t<meta property=\"og:image:width\" content=\"721\" \/>\n\t<meta property=\"og:image:height\" content=\"1080\" \/>\n\t<meta property=\"og:image:type\" content=\"image\/jpeg\" \/>\n<meta name=\"twitter:card\" content=\"summary_large_image\" \/>\n<script type=\"application\/ld+json\" class=\"yoast-schema-graph\">{\"@context\":\"https:\/\/schema.org\",\"@graph\":[{\"@type\":\"WebPage\",\"@id\":\"https:\/\/vegesmak.pl\/produkt\/vegeklasyczna-250\/\",\"url\":\"https:\/\/vegesmak.pl\/produkt\/vegeklasyczna-250\/\",\"name\":\"The Classic sausage 250g - Vegesmak - alternatywa dla wyrob\u00f3w mi\u0119snych\",\"isPartOf\":{\"@id\":\"https:\/\/vegesmak.pl\/#website\"},\"primaryImageOfPage\":{\"@id\":\"https:\/\/vegesmak.pl\/produkt\/vegeklasyczna-250\/#primaryimage\"},\"image\":{\"@id\":\"https:\/\/vegesmak.pl\/produkt\/vegeklasyczna-250\/#primaryimage\"},\"thumbnailUrl\":\"https:\/\/vegesmak.pl\/wp-content\/uploads\/2023\/03\/Vege-Klasyczna.webp\",\"datePublished\":\"2023-03-20T15:58:01+00:00\",\"dateModified\":\"2024-01-29T16:39:54+00:00\",\"description\":\"Vegesmak, alternatywa dla wyrob\u00f3w mi\u0119snych, The Classic sausage 250g, kie\u0142abasa bez mi\u0119sa, nie zawiera sk\u0142adnik\u00f3w pochodzenia zwierz\u0119cego\",\"breadcrumb\":{\"@id\":\"https:\/\/vegesmak.pl\/produkt\/vegeklasyczna-250\/#breadcrumb\"},\"inLanguage\":\"en-US\",\"potentialAction\":[{\"@type\":\"ReadAction\",\"target\":[\"https:\/\/vegesmak.pl\/produkt\/vegeklasyczna-250\/\"]}]},{\"@type\":\"ImageObject\",\"inLanguage\":\"en-US\",\"@id\":\"https:\/\/vegesmak.pl\/produkt\/vegeklasyczna-250\/#primaryimage\",\"url\":\"https:\/\/vegesmak.pl\/wp-content\/uploads\/2023\/03\/Vege-Klasyczna.webp\",\"contentUrl\":\"https:\/\/vegesmak.pl\/wp-content\/uploads\/2023\/03\/Vege-Klasyczna.webp\",\"width\":721,\"height\":1080,\"caption\":\"Vege Klasyczna\"},{\"@type\":\"BreadcrumbList\",\"@id\":\"https:\/\/vegesmak.pl\/produkt\/vegeklasyczna-250\/#breadcrumb\",\"itemListElement\":[{\"@type\":\"ListItem\",\"position\":1,\"name\":\"Strona g\u0142\u00f3wna\",\"item\":\"https:\/\/vegesmak.pl\/\"},{\"@type\":\"ListItem\",\"position\":2,\"name\":\"Sklep\",\"item\":\"https:\/\/vegesmak.pl\/sklep\/\"},{\"@type\":\"ListItem\",\"position\":3,\"name\":\"The Classic sausage 250g\"}]},{\"@type\":\"WebSite\",\"@id\":\"https:\/\/vegesmak.pl\/#website\",\"url\":\"https:\/\/vegesmak.pl\/\",\"name\":\"Vegesmak\",\"description\":\"\",\"potentialAction\":[{\"@type\":\"SearchAction\",\"target\":{\"@type\":\"EntryPoint\",\"urlTemplate\":\"https:\/\/vegesmak.pl\/?s={search_term_string}\"},\"query-input\":{\"@type\":\"PropertyValueSpecification\",\"valueRequired\":true,\"valueName\":\"search_term_string\"}}],\"inLanguage\":\"en-US\"}]}<\/script>\n<!-- \/ Yoast SEO plugin. -->","yoast_head_json":{"title":"The Classic sausage 250g - Vegesmak - alternatywa dla wyrob\u00f3w mi\u0119snych","description":"Vegesmak, alternatywa dla wyrob\u00f3w mi\u0119snych, The Classic sausage 250g, kie\u0142abasa bez mi\u0119sa, nie zawiera sk\u0142adnik\u00f3w pochodzenia zwierz\u0119cego","robots":{"index":"index","follow":"follow","max-snippet":"max-snippet:-1","max-image-preview":"max-image-preview:large","max-video-preview":"max-video-preview:-1"},"canonical":"https:\/\/vegesmak.pl\/produkt\/vegeklasyczna-250\/","og_locale":"en_US","og_type":"article","og_title":"The Classic sausage 250g - Vegesmak - alternatywa dla wyrob\u00f3w mi\u0119snych","og_description":"Vegesmak, alternatywa dla wyrob\u00f3w mi\u0119snych, The Classic sausage 250g, kie\u0142abasa bez mi\u0119sa, nie zawiera sk\u0142adnik\u00f3w pochodzenia zwierz\u0119cego","og_url":"https:\/\/vegesmak.pl\/produkt\/vegeklasyczna-250\/","og_site_name":"Vegesmak","article_modified_time":"2024-01-29T16:39:54+00:00","og_image":[{"width":721,"height":1080,"url":"https:\/\/vegesmak.pl\/wp-content\/uploads\/2023\/03\/Vege-Klasyczna.jpg","type":"image\/jpeg"}],"twitter_card":"summary_large_image","schema":{"@context":"https:\/\/schema.org","@graph":[{"@type":"WebPage","@id":"https:\/\/vegesmak.pl\/produkt\/vegeklasyczna-250\/","url":"https:\/\/vegesmak.pl\/produkt\/vegeklasyczna-250\/","name":"The Classic sausage 250g - Vegesmak - alternatywa dla wyrob\u00f3w mi\u0119snych","isPartOf":{"@id":"https:\/\/vegesmak.pl\/#website"},"primaryImageOfPage":{"@id":"https:\/\/vegesmak.pl\/produkt\/vegeklasyczna-250\/#primaryimage"},"image":{"@id":"https:\/\/vegesmak.pl\/produkt\/vegeklasyczna-250\/#primaryimage"},"thumbnailUrl":"https:\/\/vegesmak.pl\/wp-content\/uploads\/2023\/03\/Vege-Klasyczna.webp","datePublished":"2023-03-20T15:58:01+00:00","dateModified":"2024-01-29T16:39:54+00:00","description":"Vegesmak, alternatywa dla wyrob\u00f3w mi\u0119snych, The Classic sausage 250g, kie\u0142abasa bez mi\u0119sa, nie zawiera sk\u0142adnik\u00f3w pochodzenia zwierz\u0119cego","breadcrumb":{"@id":"https:\/\/vegesmak.pl\/produkt\/vegeklasyczna-250\/#breadcrumb"},"inLanguage":"en-US","potentialAction":[{"@type":"ReadAction","target":["https:\/\/vegesmak.pl\/produkt\/vegeklasyczna-250\/"]}]},{"@type":"ImageObject","inLanguage":"en-US","@id":"https:\/\/vegesmak.pl\/produkt\/vegeklasyczna-250\/#primaryimage","url":"https:\/\/vegesmak.pl\/wp-content\/uploads\/2023\/03\/Vege-Klasyczna.webp","contentUrl":"https:\/\/vegesmak.pl\/wp-content\/uploads\/2023\/03\/Vege-Klasyczna.webp","width":721,"height":1080,"caption":"Vege Klasyczna"},{"@type":"BreadcrumbList","@id":"https:\/\/vegesmak.pl\/produkt\/vegeklasyczna-250\/#breadcrumb","itemListElement":[{"@type":"ListItem","position":1,"name":"Strona g\u0142\u00f3wna","item":"https:\/\/vegesmak.pl\/"},{"@type":"ListItem","position":2,"name":"Sklep","item":"https:\/\/vegesmak.pl\/sklep\/"},{"@type":"ListItem","position":3,"name":"The Classic sausage 250g"}]},{"@type":"WebSite","@id":"https:\/\/vegesmak.pl\/#website","url":"https:\/\/vegesmak.pl\/","name":"Vegesmak","description":"","potentialAction":[{"@type":"SearchAction","target":{"@type":"EntryPoint","urlTemplate":"https:\/\/vegesmak.pl\/?s={search_term_string}"},"query-input":{"@type":"PropertyValueSpecification","valueRequired":true,"valueName":"search_term_string"}}],"inLanguage":"en-US"}]}},"_links":{"self":[{"href":"https:\/\/vegesmak.pl\/en\/wp-json\/wp\/v2\/product\/3734","targetHints":{"allow":["GET"]}}],"collection":[{"href":"https:\/\/vegesmak.pl\/en\/wp-json\/wp\/v2\/product"}],"about":[{"href":"https:\/\/vegesmak.pl\/en\/wp-json\/wp\/v2\/types\/product"}],"replies":[{"embeddable":true,"href":"https:\/\/vegesmak.pl\/en\/wp-json\/wp\/v2\/comments?post=3734"}],"wp:featuredmedia":[{"embeddable":true,"href":"https:\/\/vegesmak.pl\/en\/wp-json\/wp\/v2\/media\/3722"}],"wp:attachment":[{"href":"https:\/\/vegesmak.pl\/en\/wp-json\/wp\/v2\/media?parent=3734"}],"wp:term":[{"taxonomy":"product_brand","embeddable":true,"href":"https:\/\/vegesmak.pl\/en\/wp-json\/wp\/v2\/product_brand?post=3734"},{"taxonomy":"product_cat","embeddable":true,"href":"https:\/\/vegesmak.pl\/en\/wp-json\/wp\/v2\/product_cat?post=3734"},{"taxonomy":"product_tag","embeddable":true,"href":"https:\/\/vegesmak.pl\/en\/wp-json\/wp\/v2\/product_tag?post=3734"}],"curies":[{"name":"wp","href":"https:\/\/api.w.org\/{rel}","templated":true}]}}