{"id":381,"date":"2020-04-09T14:07:57","date_gmt":"2020-04-09T14:07:57","guid":{"rendered":"https:\/\/vegesmak.pl\/produkt\/vegesalami\/"},"modified":"2024-01-29T16:42:08","modified_gmt":"2024-01-29T16:42:08","slug":"vegesalami","status":"publish","type":"product","link":"https:\/\/vegesmak.pl\/en\/produkt\/vegesalami\/","title":{"rendered":"VegeSalami"},"content":{"rendered":"","protected":false},"excerpt":{"rendered":"<p><span style=\"color: #61ce70;\">Ingredients: <\/span> water, wheat protein, vegetable oil (coconut), soy protein, corn starch, spices, salt, aromas, spice extracts, pea flour, thickening agent: cellulose gum, acidity regulator: calcium sulphate, colorant: paprika concentrate, fenugreek extract, beetroot juice concentrate, iron oxides.<\/p>\n<p>The product doesn\u2019t contain animal origin ingredients.<\/p>\n<div class=\"result-shield-container tlid-copy-target\" tabindex=\"0\"><span class=\"tlid-translation translation\" lang=\"en\"><span class=\"\" title=\"\"><span title=\"\">Nutritional value \/ 100g product \/% RWS *<\/span><br \/>\n<span title=\"\">Energy value \/ 943kJ- 225 kcal \/ 11.2%<\/span><br \/>\n<span title=\"\">Fat \/ 12.8g \/ 18.2%<\/span><br \/>\n(including saturated acids) 0.3g \/ 1.5%<br \/>\n<span title=\"\">Carbohydrates \/ 8g \/ 3%<\/span><br \/>\n<span title=\"\">(including sugars) \/ 3.1g \/ 3.4%<\/span><br \/>\n<span title=\"\">Protein \/ 19.5g \/ 39%<\/span><br \/>\nSalt \/ 1.9g \/ 31.6%<\/span><\/span><\/div>\n<div tabindex=\"0\"><\/div>\n<div class=\"result-shield-container tlid-copy-target\" tabindex=\"0\">\n<p><span title=\"\">Shipping time is 3-5 business days.<\/span><\/p>\n<p><span class=\"VIiyi\" lang=\"en\"><span class=\"JLqJ4b ChMk0b\" data-language-for-alternatives=\"en\" data-language-to-translate-into=\"pl\" data-phrase-index=\"0\" data-number-of-phrases=\"5\">FEDEX international shipping &#8211; individual pricing<\/span> <\/span><\/p>\n<p><span class=\"VIiyi\" lang=\"en\"><a href=\"https:\/\/vegesmak.pl\/en\/#kontakt\"><span class=\"JLqJ4b ChMk0b\" data-language-for-alternatives=\"en\" data-language-to-translate-into=\"pl\" data-phrase-index=\"2\" data-number-of-phrases=\"5\">Write to us for details!<\/span><\/a><\/span><\/p>\n<\/div>\n","protected":false},"featured_media":1837,"comment_status":"open","ping_status":"closed","template":"","meta":{"_monsterinsights_skip_tracking":false,"_monsterinsights_sitenote_active":false,"_monsterinsights_sitenote_note":"","_monsterinsights_sitenote_category":0},"product_brand":[],"product_cat":[26],"product_tag":[],"class_list":{"0":"post-381","1":"product","2":"type-product","3":"status-publish","4":"has-post-thumbnail","6":"product_cat-pl","8":"first","9":"instock","10":"shipping-taxable","11":"purchasable","12":"product-type-simple"},"yoast_head":"<!-- This site is optimized with the Yoast SEO plugin v27.1.1 - https:\/\/yoast.com\/product\/yoast-seo-wordpress\/ -->\n<title>VegeSalami - Vegesmak - alternatywa dla wyrob\u00f3w mi\u0119snych<\/title>\n<meta name=\"description\" content=\"Vegesmak, alternatywa dla wyrob\u00f3w mi\u0119snych, VegeSalami, kie\u0142abasa bez mi\u0119sa, nie zawiera sk\u0142adnik\u00f3w pochodzenia zwierz\u0119cego\" \/>\n<meta name=\"robots\" content=\"index, follow, max-snippet:-1, max-image-preview:large, max-video-preview:-1\" \/>\n<link rel=\"canonical\" href=\"https:\/\/vegesmak.pl\/en\/produkt\/vegesalami\/\" \/>\n<meta property=\"og:locale\" content=\"en_US\" \/>\n<meta property=\"og:type\" content=\"article\" \/>\n<meta property=\"og:title\" content=\"VegeSalami - Vegesmak - alternatywa dla wyrob\u00f3w mi\u0119snych\" \/>\n<meta property=\"og:description\" content=\"Vegesmak, alternatywa dla wyrob\u00f3w mi\u0119snych, VegeSalami, kie\u0142abasa bez mi\u0119sa, nie zawiera sk\u0142adnik\u00f3w pochodzenia zwierz\u0119cego\" \/>\n<meta property=\"og:url\" content=\"https:\/\/vegesmak.pl\/en\/produkt\/vegesalami\/\" \/>\n<meta property=\"og:site_name\" content=\"Vegesmak\" \/>\n<meta property=\"article:modified_time\" content=\"2024-01-29T16:42:08+00:00\" \/>\n<meta property=\"og:image\" content=\"https:\/\/vegesmak.pl\/wp-content\/uploads\/2020\/04\/lampa-8.jpg\" \/>\n\t<meta property=\"og:image:width\" content=\"1800\" \/>\n\t<meta property=\"og:image:height\" content=\"1202\" \/>\n\t<meta property=\"og:image:type\" content=\"image\/jpeg\" \/>\n<meta name=\"twitter:card\" content=\"summary_large_image\" \/>\n<script type=\"application\/ld+json\" class=\"yoast-schema-graph\">{\"@context\":\"https:\/\/schema.org\",\"@graph\":[{\"@type\":\"WebPage\",\"@id\":\"https:\/\/vegesmak.pl\/en\/produkt\/vegesalami\/\",\"url\":\"https:\/\/vegesmak.pl\/en\/produkt\/vegesalami\/\",\"name\":\"VegeSalami - Vegesmak - alternatywa dla wyrob\u00f3w mi\u0119snych\",\"isPartOf\":{\"@id\":\"https:\/\/vegesmak.pl\/#website\"},\"primaryImageOfPage\":{\"@id\":\"https:\/\/vegesmak.pl\/en\/produkt\/vegesalami\/#primaryimage\"},\"image\":{\"@id\":\"https:\/\/vegesmak.pl\/en\/produkt\/vegesalami\/#primaryimage\"},\"thumbnailUrl\":\"https:\/\/vegesmak.pl\/wp-content\/uploads\/2020\/04\/lampa-8.webp\",\"datePublished\":\"2020-04-09T14:07:57+00:00\",\"dateModified\":\"2024-01-29T16:42:08+00:00\",\"description\":\"Vegesmak, alternatywa dla wyrob\u00f3w mi\u0119snych, VegeSalami, kie\u0142abasa bez mi\u0119sa, nie zawiera sk\u0142adnik\u00f3w pochodzenia zwierz\u0119cego\",\"breadcrumb\":{\"@id\":\"https:\/\/vegesmak.pl\/en\/produkt\/vegesalami\/#breadcrumb\"},\"inLanguage\":\"en-US\",\"potentialAction\":[{\"@type\":\"ReadAction\",\"target\":[\"https:\/\/vegesmak.pl\/en\/produkt\/vegesalami\/\"]}]},{\"@type\":\"ImageObject\",\"inLanguage\":\"en-US\",\"@id\":\"https:\/\/vegesmak.pl\/en\/produkt\/vegesalami\/#primaryimage\",\"url\":\"https:\/\/vegesmak.pl\/wp-content\/uploads\/2020\/04\/lampa-8.webp\",\"contentUrl\":\"https:\/\/vegesmak.pl\/wp-content\/uploads\/2020\/04\/lampa-8.webp\",\"width\":1800,\"height\":1202,\"caption\":\"Vege Salami\"},{\"@type\":\"BreadcrumbList\",\"@id\":\"https:\/\/vegesmak.pl\/en\/produkt\/vegesalami\/#breadcrumb\",\"itemListElement\":[{\"@type\":\"ListItem\",\"position\":1,\"name\":\"Strona g\u0142\u00f3wna\",\"item\":\"https:\/\/vegesmak.pl\/\"},{\"@type\":\"ListItem\",\"position\":2,\"name\":\"Sklep\",\"item\":\"https:\/\/vegesmak.pl\/sklep\/\"},{\"@type\":\"ListItem\",\"position\":3,\"name\":\"VegeSalami\"}]},{\"@type\":\"WebSite\",\"@id\":\"https:\/\/vegesmak.pl\/#website\",\"url\":\"https:\/\/vegesmak.pl\/\",\"name\":\"Vegesmak\",\"description\":\"\",\"potentialAction\":[{\"@type\":\"SearchAction\",\"target\":{\"@type\":\"EntryPoint\",\"urlTemplate\":\"https:\/\/vegesmak.pl\/?s={search_term_string}\"},\"query-input\":{\"@type\":\"PropertyValueSpecification\",\"valueRequired\":true,\"valueName\":\"search_term_string\"}}],\"inLanguage\":\"en-US\"}]}<\/script>\n<!-- \/ Yoast SEO plugin. -->","yoast_head_json":{"title":"VegeSalami - Vegesmak - alternatywa dla wyrob\u00f3w mi\u0119snych","description":"Vegesmak, alternatywa dla wyrob\u00f3w mi\u0119snych, VegeSalami, kie\u0142abasa bez mi\u0119sa, nie zawiera sk\u0142adnik\u00f3w pochodzenia zwierz\u0119cego","robots":{"index":"index","follow":"follow","max-snippet":"max-snippet:-1","max-image-preview":"max-image-preview:large","max-video-preview":"max-video-preview:-1"},"canonical":"https:\/\/vegesmak.pl\/en\/produkt\/vegesalami\/","og_locale":"en_US","og_type":"article","og_title":"VegeSalami - Vegesmak - alternatywa dla wyrob\u00f3w mi\u0119snych","og_description":"Vegesmak, alternatywa dla wyrob\u00f3w mi\u0119snych, VegeSalami, kie\u0142abasa bez mi\u0119sa, nie zawiera sk\u0142adnik\u00f3w pochodzenia zwierz\u0119cego","og_url":"https:\/\/vegesmak.pl\/en\/produkt\/vegesalami\/","og_site_name":"Vegesmak","article_modified_time":"2024-01-29T16:42:08+00:00","og_image":[{"width":1800,"height":1202,"url":"https:\/\/vegesmak.pl\/wp-content\/uploads\/2020\/04\/lampa-8.jpg","type":"image\/jpeg"}],"twitter_card":"summary_large_image","schema":{"@context":"https:\/\/schema.org","@graph":[{"@type":"WebPage","@id":"https:\/\/vegesmak.pl\/en\/produkt\/vegesalami\/","url":"https:\/\/vegesmak.pl\/en\/produkt\/vegesalami\/","name":"VegeSalami - Vegesmak - alternatywa dla wyrob\u00f3w mi\u0119snych","isPartOf":{"@id":"https:\/\/vegesmak.pl\/#website"},"primaryImageOfPage":{"@id":"https:\/\/vegesmak.pl\/en\/produkt\/vegesalami\/#primaryimage"},"image":{"@id":"https:\/\/vegesmak.pl\/en\/produkt\/vegesalami\/#primaryimage"},"thumbnailUrl":"https:\/\/vegesmak.pl\/wp-content\/uploads\/2020\/04\/lampa-8.webp","datePublished":"2020-04-09T14:07:57+00:00","dateModified":"2024-01-29T16:42:08+00:00","description":"Vegesmak, alternatywa dla wyrob\u00f3w mi\u0119snych, VegeSalami, kie\u0142abasa bez mi\u0119sa, nie zawiera sk\u0142adnik\u00f3w pochodzenia zwierz\u0119cego","breadcrumb":{"@id":"https:\/\/vegesmak.pl\/en\/produkt\/vegesalami\/#breadcrumb"},"inLanguage":"en-US","potentialAction":[{"@type":"ReadAction","target":["https:\/\/vegesmak.pl\/en\/produkt\/vegesalami\/"]}]},{"@type":"ImageObject","inLanguage":"en-US","@id":"https:\/\/vegesmak.pl\/en\/produkt\/vegesalami\/#primaryimage","url":"https:\/\/vegesmak.pl\/wp-content\/uploads\/2020\/04\/lampa-8.webp","contentUrl":"https:\/\/vegesmak.pl\/wp-content\/uploads\/2020\/04\/lampa-8.webp","width":1800,"height":1202,"caption":"Vege Salami"},{"@type":"BreadcrumbList","@id":"https:\/\/vegesmak.pl\/en\/produkt\/vegesalami\/#breadcrumb","itemListElement":[{"@type":"ListItem","position":1,"name":"Strona g\u0142\u00f3wna","item":"https:\/\/vegesmak.pl\/"},{"@type":"ListItem","position":2,"name":"Sklep","item":"https:\/\/vegesmak.pl\/sklep\/"},{"@type":"ListItem","position":3,"name":"VegeSalami"}]},{"@type":"WebSite","@id":"https:\/\/vegesmak.pl\/#website","url":"https:\/\/vegesmak.pl\/","name":"Vegesmak","description":"","potentialAction":[{"@type":"SearchAction","target":{"@type":"EntryPoint","urlTemplate":"https:\/\/vegesmak.pl\/?s={search_term_string}"},"query-input":{"@type":"PropertyValueSpecification","valueRequired":true,"valueName":"search_term_string"}}],"inLanguage":"en-US"}]}},"_links":{"self":[{"href":"https:\/\/vegesmak.pl\/en\/wp-json\/wp\/v2\/product\/381","targetHints":{"allow":["GET"]}}],"collection":[{"href":"https:\/\/vegesmak.pl\/en\/wp-json\/wp\/v2\/product"}],"about":[{"href":"https:\/\/vegesmak.pl\/en\/wp-json\/wp\/v2\/types\/product"}],"replies":[{"embeddable":true,"href":"https:\/\/vegesmak.pl\/en\/wp-json\/wp\/v2\/comments?post=381"}],"wp:featuredmedia":[{"embeddable":true,"href":"https:\/\/vegesmak.pl\/en\/wp-json\/wp\/v2\/media\/1837"}],"wp:attachment":[{"href":"https:\/\/vegesmak.pl\/en\/wp-json\/wp\/v2\/media?parent=381"}],"wp:term":[{"taxonomy":"product_brand","embeddable":true,"href":"https:\/\/vegesmak.pl\/en\/wp-json\/wp\/v2\/product_brand?post=381"},{"taxonomy":"product_cat","embeddable":true,"href":"https:\/\/vegesmak.pl\/en\/wp-json\/wp\/v2\/product_cat?post=381"},{"taxonomy":"product_tag","embeddable":true,"href":"https:\/\/vegesmak.pl\/en\/wp-json\/wp\/v2\/product_tag?post=381"}],"curies":[{"name":"wp","href":"https:\/\/api.w.org\/{rel}","templated":true}]}}