{"id":389,"date":"2020-04-09T13:27:05","date_gmt":"2020-04-09T13:27:05","guid":{"rendered":"https:\/\/vegesmak.pl\/produkt\/vegelagodna\/"},"modified":"2024-01-29T16:42:21","modified_gmt":"2024-01-29T16:42:21","slug":"vegelagodna","status":"publish","type":"product","link":"https:\/\/vegesmak.pl\/en\/produkt\/vegelagodna\/","title":{"rendered":"Mild bologna sausag"},"content":{"rendered":"","protected":false},"excerpt":{"rendered":"<p><span style=\"color: #61ce70;\">Ingredients<\/span>: water, wheat protein, vegetable oil (coconut), soy protein, corn starch, spices, thickener: carrageenan, salt, flavors (including smoke aroma), acidity regulator: ascorbic acid, spice extract, dyes: pepper concentrate, fenugreek extract, beet juice concentrate, iron oxides.<\/p>\n<p>The product doesn\u2019t contain animal origin ingredients. Data wa\u017cno\u015bci to dwa miesi\u0105ce od daty produkcji.<\/p>\n<p dir=\"ltr\">Nutritional value \/ 100g product \/% RWS *<br \/>\nWarto\u015b\u0107 energetyczna \/ 864kJ- 206 kcal \/ 10,3%<br \/>\nT\u0142uszcz \/ 12g \/ 17,1%<br \/>\n(including saturated acids) 0,2g \/ 1%<br \/>\nW\u0119glowodany \/ 7,5g \/ 2,9%<br \/>\n(w tym cukry) \/ 1,9g \/ 2,1%<br \/>\nBia\u0142ko \/ 17,3g \/ 34,6%<br \/>\nS\u00f3l \/0,9g \/ 15%<\/p>\n<p dir=\"ltr\">Shipping time is 3-5 business days.<\/p>\n<div class=\"elementor-element elementor-element-af273ff elementor-widget elementor-widget-text-editor\" data-id=\"af273ff\" data-element_type=\"widget\" data-widget_type=\"text-editor.default\">\n<div class=\"elementor-widget-container\">\n<div class=\"elementor-text-editor elementor-clearfix\">\n<p><strong>FEDEX international shipping \u2013 individual pricing <\/strong><br \/>\n<a href=\"https:\/\/vegesmak.pl\/#kontakt\"><strong>Write to us for details!<\/strong><\/a><\/p>\n<\/div>\n<\/div>\n<\/div>\n","protected":false},"featured_media":1840,"comment_status":"open","ping_status":"closed","template":"","meta":{"_monsterinsights_skip_tracking":false,"_monsterinsights_sitenote_active":false,"_monsterinsights_sitenote_note":"","_monsterinsights_sitenote_category":0},"product_brand":[],"product_cat":[26],"product_tag":[],"class_list":{"0":"post-389","1":"product","2":"type-product","3":"status-publish","4":"has-post-thumbnail","6":"product_cat-pl","8":"first","9":"instock","10":"shipping-taxable","11":"purchasable","12":"product-type-simple"},"yoast_head":"<!-- This site is optimized with the Yoast SEO plugin v27.4 - https:\/\/yoast.com\/product\/yoast-seo-wordpress\/ -->\n<title>Mild bologna sausag - Vegesmak - alternatywa dla wyrob\u00f3w mi\u0119snych<\/title>\n<meta name=\"description\" content=\"Vegesmak, alternatywa dla wyrob\u00f3w mi\u0119snych, Mild bologna sausag, kie\u0142abasa bez mi\u0119sa, nie zawiera sk\u0142adnik\u00f3w pochodzenia zwierz\u0119cego\" \/>\n<meta name=\"robots\" content=\"index, follow, max-snippet:-1, max-image-preview:large, max-video-preview:-1\" \/>\n<link rel=\"canonical\" href=\"https:\/\/vegesmak.pl\/en\/produkt\/vegelagodna\/\" \/>\n<meta property=\"og:locale\" content=\"en_US\" \/>\n<meta property=\"og:type\" content=\"article\" \/>\n<meta property=\"og:title\" content=\"Mild bologna sausag - Vegesmak - alternatywa dla wyrob\u00f3w mi\u0119snych\" \/>\n<meta property=\"og:description\" content=\"Vegesmak, alternatywa dla wyrob\u00f3w mi\u0119snych, Mild bologna sausag, kie\u0142abasa bez mi\u0119sa, nie zawiera sk\u0142adnik\u00f3w pochodzenia zwierz\u0119cego\" \/>\n<meta property=\"og:url\" content=\"https:\/\/vegesmak.pl\/en\/produkt\/vegelagodna\/\" \/>\n<meta property=\"og:site_name\" content=\"Vegesmak\" \/>\n<meta property=\"article:modified_time\" content=\"2024-01-29T16:42:21+00:00\" \/>\n<meta property=\"og:image\" content=\"https:\/\/vegesmak.pl\/wp-content\/uploads\/2020\/04\/lampa-14.jpg\" \/>\n\t<meta property=\"og:image:width\" content=\"1800\" \/>\n\t<meta property=\"og:image:height\" content=\"1202\" \/>\n\t<meta property=\"og:image:type\" content=\"image\/jpeg\" \/>\n<meta name=\"twitter:card\" content=\"summary_large_image\" \/>\n<script type=\"application\/ld+json\" class=\"yoast-schema-graph\">{\"@context\":\"https:\\\/\\\/schema.org\",\"@graph\":[{\"@type\":\"WebPage\",\"@id\":\"https:\\\/\\\/vegesmak.pl\\\/en\\\/produkt\\\/vegelagodna\\\/\",\"url\":\"https:\\\/\\\/vegesmak.pl\\\/en\\\/produkt\\\/vegelagodna\\\/\",\"name\":\"Mild bologna sausag - Vegesmak - alternatywa dla wyrob\u00f3w mi\u0119snych\",\"isPartOf\":{\"@id\":\"https:\\\/\\\/vegesmak.pl\\\/#website\"},\"primaryImageOfPage\":{\"@id\":\"https:\\\/\\\/vegesmak.pl\\\/en\\\/produkt\\\/vegelagodna\\\/#primaryimage\"},\"image\":{\"@id\":\"https:\\\/\\\/vegesmak.pl\\\/en\\\/produkt\\\/vegelagodna\\\/#primaryimage\"},\"thumbnailUrl\":\"https:\\\/\\\/vegesmak.pl\\\/wp-content\\\/uploads\\\/2020\\\/04\\\/lampa-14.webp\",\"datePublished\":\"2020-04-09T13:27:05+00:00\",\"dateModified\":\"2024-01-29T16:42:21+00:00\",\"description\":\"Vegesmak, alternatywa dla wyrob\u00f3w mi\u0119snych, Mild bologna sausag, kie\u0142abasa bez mi\u0119sa, nie zawiera sk\u0142adnik\u00f3w pochodzenia zwierz\u0119cego\",\"breadcrumb\":{\"@id\":\"https:\\\/\\\/vegesmak.pl\\\/en\\\/produkt\\\/vegelagodna\\\/#breadcrumb\"},\"inLanguage\":\"en-US\",\"potentialAction\":[{\"@type\":\"ReadAction\",\"target\":[\"https:\\\/\\\/vegesmak.pl\\\/en\\\/produkt\\\/vegelagodna\\\/\"]}]},{\"@type\":\"ImageObject\",\"inLanguage\":\"en-US\",\"@id\":\"https:\\\/\\\/vegesmak.pl\\\/en\\\/produkt\\\/vegelagodna\\\/#primaryimage\",\"url\":\"https:\\\/\\\/vegesmak.pl\\\/wp-content\\\/uploads\\\/2020\\\/04\\\/lampa-14.webp\",\"contentUrl\":\"https:\\\/\\\/vegesmak.pl\\\/wp-content\\\/uploads\\\/2020\\\/04\\\/lampa-14.webp\",\"width\":1800,\"height\":1202,\"caption\":\"Vege \u0141agodna\"},{\"@type\":\"BreadcrumbList\",\"@id\":\"https:\\\/\\\/vegesmak.pl\\\/en\\\/produkt\\\/vegelagodna\\\/#breadcrumb\",\"itemListElement\":[{\"@type\":\"ListItem\",\"position\":1,\"name\":\"Strona g\u0142\u00f3wna\",\"item\":\"https:\\\/\\\/vegesmak.pl\\\/\"},{\"@type\":\"ListItem\",\"position\":2,\"name\":\"Sklep\",\"item\":\"https:\\\/\\\/vegesmak.pl\\\/sklep\\\/\"},{\"@type\":\"ListItem\",\"position\":3,\"name\":\"Mild bologna sausag\"}]},{\"@type\":\"WebSite\",\"@id\":\"https:\\\/\\\/vegesmak.pl\\\/#website\",\"url\":\"https:\\\/\\\/vegesmak.pl\\\/\",\"name\":\"Vegesmak\",\"description\":\"\",\"potentialAction\":[{\"@type\":\"SearchAction\",\"target\":{\"@type\":\"EntryPoint\",\"urlTemplate\":\"https:\\\/\\\/vegesmak.pl\\\/?s={search_term_string}\"},\"query-input\":{\"@type\":\"PropertyValueSpecification\",\"valueRequired\":true,\"valueName\":\"search_term_string\"}}],\"inLanguage\":\"en-US\"}]}<\/script>\n<!-- \/ Yoast SEO plugin. -->","yoast_head_json":{"title":"Mild bologna sausag - Vegesmak - alternatywa dla wyrob\u00f3w mi\u0119snych","description":"Vegesmak, alternatywa dla wyrob\u00f3w mi\u0119snych, Mild bologna sausag, kie\u0142abasa bez mi\u0119sa, nie zawiera sk\u0142adnik\u00f3w pochodzenia zwierz\u0119cego","robots":{"index":"index","follow":"follow","max-snippet":"max-snippet:-1","max-image-preview":"max-image-preview:large","max-video-preview":"max-video-preview:-1"},"canonical":"https:\/\/vegesmak.pl\/en\/produkt\/vegelagodna\/","og_locale":"en_US","og_type":"article","og_title":"Mild bologna sausag - Vegesmak - alternatywa dla wyrob\u00f3w mi\u0119snych","og_description":"Vegesmak, alternatywa dla wyrob\u00f3w mi\u0119snych, Mild bologna sausag, kie\u0142abasa bez mi\u0119sa, nie zawiera sk\u0142adnik\u00f3w pochodzenia zwierz\u0119cego","og_url":"https:\/\/vegesmak.pl\/en\/produkt\/vegelagodna\/","og_site_name":"Vegesmak","article_modified_time":"2024-01-29T16:42:21+00:00","og_image":[{"width":1800,"height":1202,"url":"https:\/\/vegesmak.pl\/wp-content\/uploads\/2020\/04\/lampa-14.jpg","type":"image\/jpeg"}],"twitter_card":"summary_large_image","schema":{"@context":"https:\/\/schema.org","@graph":[{"@type":"WebPage","@id":"https:\/\/vegesmak.pl\/en\/produkt\/vegelagodna\/","url":"https:\/\/vegesmak.pl\/en\/produkt\/vegelagodna\/","name":"Mild bologna sausag - Vegesmak - alternatywa dla wyrob\u00f3w mi\u0119snych","isPartOf":{"@id":"https:\/\/vegesmak.pl\/#website"},"primaryImageOfPage":{"@id":"https:\/\/vegesmak.pl\/en\/produkt\/vegelagodna\/#primaryimage"},"image":{"@id":"https:\/\/vegesmak.pl\/en\/produkt\/vegelagodna\/#primaryimage"},"thumbnailUrl":"https:\/\/vegesmak.pl\/wp-content\/uploads\/2020\/04\/lampa-14.webp","datePublished":"2020-04-09T13:27:05+00:00","dateModified":"2024-01-29T16:42:21+00:00","description":"Vegesmak, alternatywa dla wyrob\u00f3w mi\u0119snych, Mild bologna sausag, kie\u0142abasa bez mi\u0119sa, nie zawiera sk\u0142adnik\u00f3w pochodzenia zwierz\u0119cego","breadcrumb":{"@id":"https:\/\/vegesmak.pl\/en\/produkt\/vegelagodna\/#breadcrumb"},"inLanguage":"en-US","potentialAction":[{"@type":"ReadAction","target":["https:\/\/vegesmak.pl\/en\/produkt\/vegelagodna\/"]}]},{"@type":"ImageObject","inLanguage":"en-US","@id":"https:\/\/vegesmak.pl\/en\/produkt\/vegelagodna\/#primaryimage","url":"https:\/\/vegesmak.pl\/wp-content\/uploads\/2020\/04\/lampa-14.webp","contentUrl":"https:\/\/vegesmak.pl\/wp-content\/uploads\/2020\/04\/lampa-14.webp","width":1800,"height":1202,"caption":"Vege \u0141agodna"},{"@type":"BreadcrumbList","@id":"https:\/\/vegesmak.pl\/en\/produkt\/vegelagodna\/#breadcrumb","itemListElement":[{"@type":"ListItem","position":1,"name":"Strona g\u0142\u00f3wna","item":"https:\/\/vegesmak.pl\/"},{"@type":"ListItem","position":2,"name":"Sklep","item":"https:\/\/vegesmak.pl\/sklep\/"},{"@type":"ListItem","position":3,"name":"Mild bologna sausag"}]},{"@type":"WebSite","@id":"https:\/\/vegesmak.pl\/#website","url":"https:\/\/vegesmak.pl\/","name":"Vegesmak","description":"","potentialAction":[{"@type":"SearchAction","target":{"@type":"EntryPoint","urlTemplate":"https:\/\/vegesmak.pl\/?s={search_term_string}"},"query-input":{"@type":"PropertyValueSpecification","valueRequired":true,"valueName":"search_term_string"}}],"inLanguage":"en-US"}]}},"_links":{"self":[{"href":"https:\/\/vegesmak.pl\/en\/wp-json\/wp\/v2\/product\/389","targetHints":{"allow":["GET"]}}],"collection":[{"href":"https:\/\/vegesmak.pl\/en\/wp-json\/wp\/v2\/product"}],"about":[{"href":"https:\/\/vegesmak.pl\/en\/wp-json\/wp\/v2\/types\/product"}],"replies":[{"embeddable":true,"href":"https:\/\/vegesmak.pl\/en\/wp-json\/wp\/v2\/comments?post=389"}],"wp:featuredmedia":[{"embeddable":true,"href":"https:\/\/vegesmak.pl\/en\/wp-json\/wp\/v2\/media\/1840"}],"wp:attachment":[{"href":"https:\/\/vegesmak.pl\/en\/wp-json\/wp\/v2\/media?parent=389"}],"wp:term":[{"taxonomy":"product_brand","embeddable":true,"href":"https:\/\/vegesmak.pl\/en\/wp-json\/wp\/v2\/product_brand?post=389"},{"taxonomy":"product_cat","embeddable":true,"href":"https:\/\/vegesmak.pl\/en\/wp-json\/wp\/v2\/product_cat?post=389"},{"taxonomy":"product_tag","embeddable":true,"href":"https:\/\/vegesmak.pl\/en\/wp-json\/wp\/v2\/product_tag?post=389"}],"curies":[{"name":"wp","href":"https:\/\/api.w.org\/{rel}","templated":true}]}}